{"id":2167,"date":"2015-03-12T14:52:34","date_gmt":"2015-03-12T14:52:34","guid":{"rendered":"http:\/\/demo-content.kaliumtheme.com\/freelancer\/?page_id=2167"},"modified":"2025-02-03T12:20:09","modified_gmt":"2025-02-03T12:20:09","slug":"hotel-success-consulting","status":"publish","type":"page","link":"https:\/\/sensationhotels.com\/de\/hotel-success-consulting\/","title":{"rendered":"Hotel Erfolg - Consulting"},"content":{"rendered":"<div class=\"wpb-content-wrapper\"><div class=\"vc-row-container container\"><div class=\"vc_row wpb_row vc_row-fluid vc_custom_1427330132202\"><div class=\"wpb_column vc_column_container vc_col-sm-6\"><div class=\"vc_column-inner\"><div class=\"wpb_wrapper\">\n\t<div  class=\"wpb_single_image wpb_content_element vc_align_center wpb_content_element\">\n\t\t\n\t\t<figure class=\"wpb_wrapper vc_figure\">\n\t\t\t<div class=\"vc_single_image-wrapper   vc_box_border_grey\"><img fetchpriority=\"high\" decoding=\"async\" width=\"610\" height=\"610\" src=\"https:\/\/sensationhotels.com\/wp-content\/uploads\/2025\/02\/sensation-hotels-homepage-logo-hotel-success-consulting-johannes-fritz-groebler-logo.png\" class=\"vc_single_image-img attachment-full\" alt=\"\" title=\"sensation hotels homepage logo - hotel success consulting - johannes fritz groebler - logo\" srcset=\"https:\/\/sensationhotels.com\/wp-content\/uploads\/2025\/02\/sensation-hotels-homepage-logo-hotel-success-consulting-johannes-fritz-groebler-logo.png 610w, https:\/\/sensationhotels.com\/wp-content\/uploads\/2025\/02\/sensation-hotels-homepage-logo-hotel-success-consulting-johannes-fritz-groebler-logo-300x300.png 300w, https:\/\/sensationhotels.com\/wp-content\/uploads\/2025\/02\/sensation-hotels-homepage-logo-hotel-success-consulting-johannes-fritz-groebler-logo-150x150.png 150w, https:\/\/sensationhotels.com\/wp-content\/uploads\/2025\/02\/sensation-hotels-homepage-logo-hotel-success-consulting-johannes-fritz-groebler-logo-12x12.png 12w, https:\/\/sensationhotels.com\/wp-content\/uploads\/2025\/02\/sensation-hotels-homepage-logo-hotel-success-consulting-johannes-fritz-groebler-logo-468x468.png 468w, https:\/\/sensationhotels.com\/wp-content\/uploads\/2025\/02\/sensation-hotels-homepage-logo-hotel-success-consulting-johannes-fritz-groebler-logo-558x558.png 558w, https:\/\/sensationhotels.com\/wp-content\/uploads\/2025\/02\/sensation-hotels-homepage-logo-hotel-success-consulting-johannes-fritz-groebler-logo-600x600.png 600w, https:\/\/sensationhotels.com\/wp-content\/uploads\/2025\/02\/sensation-hotels-homepage-logo-hotel-success-consulting-johannes-fritz-groebler-logo-220x220.png 220w\" sizes=\"(max-width: 610px) 100vw, 610px\" \/><\/div>\n\t\t<\/figure>\n\t<\/div>\n<\/div><\/div><\/div><div class=\"wpb_column vc_column_container vc_col-sm-6\"><div class=\"vc_column-inner\"><div class=\"wpb_wrapper\"><div class=\"section-title  align-left\">\n    <h2>Hotel Erfolg - Consulting<\/h2>\n<\/div>\n\t<div class=\"wpb_text_column wpb_content_element post-formatting\" >\n\t\t<div class=\"wpb_wrapper\">\n\t\t\t<p>Hotel Success ist eine f\u00fchrende Beratung und Plattform, die Hotels mit den Strategien, Werkzeugen und Ressourcen ausstattet, die sie ben\u00f6tigen, um in der sich st\u00e4ndig weiterentwickelnden Hospitality-Branche erfolgreich zu sein. Unsere Mission ist es, Hotelbesitzern, Betreibern und Hoteliers zu helfen, ihr volles Potenzial zu entfalten, indem wir ma\u00dfgeschneiderte L\u00f6sungen in den Bereichen Hotelberatung, Vertrieb &amp; Marketing, Management und Entwicklung anbieten.<\/p>\n<p>Bei Hotel Success konzentrieren wir uns auf wesentliche Bereiche, die nachhaltiges Wachstum und Rentabilit\u00e4t f\u00fcr Hotels f\u00f6rdern, darunter betriebliche Effizienz, Umsatzmanagement, Marktentwicklung und die Optimierung der Kundenerfahrung. Unser Team aus erfahrenen Experten arbeitet eng mit den Kunden zusammen, um Chancen zu identifizieren, Herausforderungen zu meistern und innovative Strategien zu implementieren, die die Leistung verbessern.<\/p>\n<p>Was wir bei Hotel Success tun:<\/p>\n<p><strong>Beratung<\/strong>: Wir bieten fachkundige Beratung und Unterst\u00fctzung in Bereichen wie Hotelleasing, Vertrieb, Marketing, Betrieb und Entwicklung, um Hotels zu helfen, ihren Erfolg zu maximieren.<\/p>\n<p><strong>Vertrieb &amp; Marketing<\/strong>: Unser Team hilft Hotels, starke Markenidentit\u00e4ten aufzubauen, die Sichtbarkeit zu erh\u00f6hen und ihre Marketingstrategien zu optimieren, um G\u00e4ste anzuziehen und den Umsatz zu steigern.<\/p>\n<p><strong>Umsatzoptimierung<\/strong>: Durch datengetriebene Strategien helfen wir Hotels, ihre Umsatzperformance zu verbessern, indem wir Preisgestaltung, Distribution und Kundensegmentierung verfeinern.<\/p>\n<p><strong>Schulung &amp; Unterst\u00fctzung<\/strong>: Wir bieten fortlaufende Schulungen und Ressourcen f\u00fcr Hotelteams, um ihnen das Wissen und die F\u00e4higkeiten zu vermitteln, die notwendig sind, um in einem wettbewerbsintensiven Markt erfolgreich zu sein.<\/p>\n<p>Hotel Success ist bestrebt, innovative L\u00f6sungen zu bieten, strategische Partnerschaften zu f\u00f6rdern und f\u00fcr jedes Hotel, mit dem wir zusammenarbeiten, nachhaltigen Wert zu schaffen. Ob Sie die betriebliche Effizienz Ihres Hotels verbessern, die Rentabilit\u00e4t steigern oder die G\u00e4stebewertungen optimieren m\u00f6chten \u2013 Hotel Success begleitet Sie auf jedem Schritt des Weges.<\/p>\n<p>Weitere Informationen finden Sie hier: <a href=\"http:\/\/www.hotelsuccess.com\" target=\"_blank\" rel=\"noopener\">www.hotelsuccess.com<\/a><\/p>\n\n\t\t<\/div>\n\t<\/div>\n<\/div><\/div><\/div><\/div><\/div>\n<\/div>","protected":false},"excerpt":{"rendered":"Hotel Success Hotel Success is a premier consultancy and platform dedicated to empowering hotels with the strategies, tools, and resources needed to thrive in the ever-evolving hospitality industry. Our mission is to help hotel owners, operators, and hoteliers achieve their full potential by providing tailored solutions in hotel consulting, sales &amp; marketing, management, and development.&hellip;","protected":false},"author":1,"featured_media":0,"parent":0,"menu_order":0,"comment_status":"open","ping_status":"closed","template":"","meta":{"_acf_changed":false,"footnotes":""},"class_list":["post-2167","page","type-page","status-publish","hentry"],"acf":[],"yoast_head":"<!-- This site is optimized with the Yoast SEO plugin v25.8 - https:\/\/yoast.com\/wordpress\/plugins\/seo\/ -->\n<title>Hotel Success - Sensation Hotels<\/title>\n<meta name=\"robots\" content=\"index, follow, max-snippet:-1, max-image-preview:large, max-video-preview:-1\" \/>\n<link rel=\"canonical\" href=\"https:\/\/sensationhotels.com\/de\/hotel-success-consulting\/\" \/>\n<meta property=\"og:locale\" content=\"de_DE\" \/>\n<meta property=\"og:type\" content=\"article\" \/>\n<meta property=\"og:title\" content=\"Hotel Success - Sensation Hotels\" \/>\n<meta property=\"og:url\" content=\"https:\/\/sensationhotels.com\/de\/hotel-success-consulting\/\" \/>\n<meta property=\"og:site_name\" content=\"Sensation Hotels\" \/>\n<meta name=\"twitter:card\" content=\"summary_large_image\" \/>\n<meta name=\"twitter:label1\" content=\"Gesch\u00e4tzte Lesezeit\" \/>\n\t<meta name=\"twitter:data1\" content=\"2\u00a0Minuten\" \/>\n<!-- \/ Yoast SEO plugin. -->","yoast_head_json":{"title":"Hotel Success - Sensation Hotels","robots":{"index":"index","follow":"follow","max-snippet":"max-snippet:-1","max-image-preview":"max-image-preview:large","max-video-preview":"max-video-preview:-1"},"canonical":"https:\/\/sensationhotels.com\/de\/hotel-success-consulting\/","og_locale":"de_DE","og_type":"article","og_title":"Hotel Success - Sensation Hotels","og_url":"https:\/\/sensationhotels.com\/de\/hotel-success-consulting\/","og_site_name":"Sensation Hotels","twitter_card":"summary_large_image","twitter_misc":{"Gesch\u00e4tzte Lesezeit":"2\u00a0Minuten"},"schema":{"@context":"https:\/\/schema.org","@graph":[{"@type":"WebPage","@id":"https:\/\/sensationhotels.com\/hotel-success-consulting\/","url":"https:\/\/sensationhotels.com\/hotel-success-consulting\/","name":"Hotel Success - Sensation Hotels","isPartOf":{"@id":"https:\/\/sensationhotels.com\/#website"},"datePublished":"2015-03-12T14:52:34+00:00","dateModified":"2025-02-03T12:20:09+00:00","breadcrumb":{"@id":"https:\/\/sensationhotels.com\/hotel-success-consulting\/#breadcrumb"},"inLanguage":"de","potentialAction":[{"@type":"ReadAction","target":["https:\/\/sensationhotels.com\/hotel-success-consulting\/"]}]},{"@type":"BreadcrumbList","@id":"https:\/\/sensationhotels.com\/hotel-success-consulting\/#breadcrumb","itemListElement":[{"@type":"ListItem","position":1,"name":"Home","item":"https:\/\/sensationhotels.com\/"},{"@type":"ListItem","position":2,"name":"Hotel Success"}]},{"@type":"WebSite","@id":"https:\/\/sensationhotels.com\/#website","url":"https:\/\/sensationhotels.com\/","name":"Sensation Hotels","description":"","potentialAction":[{"@type":"SearchAction","target":{"@type":"EntryPoint","urlTemplate":"https:\/\/sensationhotels.com\/?s={search_term_string}"},"query-input":{"@type":"PropertyValueSpecification","valueRequired":true,"valueName":"search_term_string"}}],"inLanguage":"de"}]}},"_links":{"self":[{"href":"https:\/\/sensationhotels.com\/de\/wp-json\/wp\/v2\/pages\/2167","targetHints":{"allow":["GET"]}}],"collection":[{"href":"https:\/\/sensationhotels.com\/de\/wp-json\/wp\/v2\/pages"}],"about":[{"href":"https:\/\/sensationhotels.com\/de\/wp-json\/wp\/v2\/types\/page"}],"author":[{"embeddable":true,"href":"https:\/\/sensationhotels.com\/de\/wp-json\/wp\/v2\/users\/1"}],"replies":[{"embeddable":true,"href":"https:\/\/sensationhotels.com\/de\/wp-json\/wp\/v2\/comments?post=2167"}],"version-history":[{"count":6,"href":"https:\/\/sensationhotels.com\/de\/wp-json\/wp\/v2\/pages\/2167\/revisions"}],"predecessor-version":[{"id":4163,"href":"https:\/\/sensationhotels.com\/de\/wp-json\/wp\/v2\/pages\/2167\/revisions\/4163"}],"wp:attachment":[{"href":"https:\/\/sensationhotels.com\/de\/wp-json\/wp\/v2\/media?parent=2167"}],"curies":[{"name":"wp","href":"https:\/\/api.w.org\/{rel}","templated":true}]}}