{"id":3562,"date":"2022-10-13T02:47:44","date_gmt":"2022-10-13T02:47:44","guid":{"rendered":"https:\/\/project.sensationhotels.com\/?page_id=3562"},"modified":"2026-03-02T16:35:06","modified_gmt":"2026-03-02T16:35:06","slug":"the-smallest-hotel-book-of-the-world","status":"publish","type":"page","link":"https:\/\/sensationhotels.com\/de\/the-smallest-hotel-book-of-the-world\/","title":{"rendered":"The Smallest Hotel Book of the World"},"content":{"rendered":"<div class=\"wpb-content-wrapper\"><div class=\"vc-row-container container\"><div class=\"vc_row wpb_row vc_row-fluid\"><div class=\"wpb_column vc_column_container vc_col-sm-6\"><div class=\"vc_column-inner\"><div class=\"wpb_wrapper\">\n\t<div  class=\"wpb_single_image wpb_content_element vc_align_center wpb_content_element\">\n\t\t\n\t\t<figure class=\"wpb_wrapper vc_figure\">\n\t\t\t<div class=\"vc_single_image-wrapper   vc_box_border_grey\"><img fetchpriority=\"high\" decoding=\"async\" width=\"781\" height=\"840\" src=\"https:\/\/sensationhotels.com\/wp-content\/uploads\/2026\/01\/The-Smallest-Hotel-Book-of-the-World-Sensation-Hotels-Green-Edition-white-background.png\" class=\"vc_single_image-img attachment-large\" alt=\"\" title=\"The Smallest Hotel Book of the World - Sensation Hotels - Green Edition - white background\" srcset=\"https:\/\/sensationhotels.com\/wp-content\/uploads\/2026\/01\/The-Smallest-Hotel-Book-of-the-World-Sensation-Hotels-Green-Edition-white-background.png 781w, https:\/\/sensationhotels.com\/wp-content\/uploads\/2026\/01\/The-Smallest-Hotel-Book-of-the-World-Sensation-Hotels-Green-Edition-white-background-279x300.png 279w, https:\/\/sensationhotels.com\/wp-content\/uploads\/2026\/01\/The-Smallest-Hotel-Book-of-the-World-Sensation-Hotels-Green-Edition-white-background-768x826.png 768w, https:\/\/sensationhotels.com\/wp-content\/uploads\/2026\/01\/The-Smallest-Hotel-Book-of-the-World-Sensation-Hotels-Green-Edition-white-background-11x12.png 11w, https:\/\/sensationhotels.com\/wp-content\/uploads\/2026\/01\/The-Smallest-Hotel-Book-of-the-World-Sensation-Hotels-Green-Edition-white-background-558x600.png 558w, https:\/\/sensationhotels.com\/wp-content\/uploads\/2026\/01\/The-Smallest-Hotel-Book-of-the-World-Sensation-Hotels-Green-Edition-white-background-655x704.png 655w, https:\/\/sensationhotels.com\/wp-content\/uploads\/2026\/01\/The-Smallest-Hotel-Book-of-the-World-Sensation-Hotels-Green-Edition-white-background-600x645.png 600w\" sizes=\"(max-width: 781px) 100vw, 781px\" \/><\/div>\n\t\t<\/figure>\n\t<\/div>\n<\/div><\/div><\/div><div class=\"wpb_column vc_column_container vc_col-sm-6\"><div class=\"vc_column-inner\"><div class=\"wpb_wrapper\"><div class=\"section-title  align-left\">\n    <h2>The Smallest Hotel Book of the World<\/h2>\n<\/div>\n\t<div class=\"wpb_text_column wpb_content_element post-formatting\" >\n\t\t<div class=\"wpb_wrapper\">\n\t\t\t<p class=\"translation-block\">Das kleinste Hotelbuch der Welt, also <strong>The Smallest Hotel Book of the World<\/strong> - ist eine exklusive, preisgekr\u00f6nte Publikation, die das Beste aus Luxus, Design und Gastfreundschaft feiert. J\u00e4hrlich in einer limitierten Auflage ver\u00f6ffentlicht, pr\u00e4sentiert dieses sorgf\u00e4ltig kuratierte Buch eine handverlesene Auswahl von \u00fcber 100 luxuri\u00f6sen, Boutique- und designorientierten Hotels aus aller Welt. Jedes vorgestellte Hotel wird aufgrund seiner Individualit\u00e4t, au\u00dfergew\u00f6hnlichen Qualit\u00e4t und un\u00fcbertroffenen G\u00e4steerlebnisse ausgew\u00e4hlt.<\/p>\n<p class=\"translation-block\">Seit seiner Einf\u00fchrung im Jahr 2017 hat  <strong>Das kleinste Hotelbuch der Welt<\/strong> mehrere renommierte Auszeichnungen erhalten, darunter den   <strong>German Design Award<\/strong> - Special Mention, den <strong>Media Award<\/strong> und den <strong>Creativity Award (Gold)<\/strong>. Diese Ehrungen unterstreichen seinen Status als Ma\u00dfstab f\u00fcr Exzellenz in der Hotel- und Designbranche. Mehr als nur eine Publikation ist es zu einem Sammlerst\u00fcck geworden, das auf internationalen Reisemessen, bedeutenden Designveranstaltungen und Branchenmessen pr\u00e4sentiert wird.<\/p>\n<p class=\"translation-block\">Trotz seiner kompakten Gr\u00f6\u00dfe bietet das Buch eine beeindruckende F\u00fclle an Inspiration. Es l\u00e4dt Leser dazu ein, au\u00dfergew\u00f6hnliche Reiseziele zu entdecken, die alle ein einzigartiges Erlebnis bieten \u2013 von zeitlosen Luxus-Retreats bis hin zu zeitgen\u00f6ssischen Design-Oasen. Das kleinste Hotelbuch der Welt hat weltweit Anerkennung f\u00fcr sein innovatives Konzept und seine atemberaubende Pr\u00e4sentation erlangt und setzt neue Ma\u00dfst\u00e4be f\u00fcr Reisepublikationen.<\/p>\n<p>Mit jeder neuen Ausgabe hebt das Buch nicht nur au\u00dfergew\u00f6hnliche Hotels hervor, sondern f\u00e4ngt auch die Essenz au\u00dfergew\u00f6hnlicher Gastfreundschaft ein. Es dient als Tor zu den exklusivsten Hotels der Welt, definiert die Kunst des Reisens neu und bietet eine Inspirationsquelle f\u00fcr anspruchsvolle Reisende, Hoteliers und Designliebhaber.<\/p>\n<p class=\"translation-block\">Im Jahr 2025 markieren wir mit der Ver\u00f6ffentlichung von 50.000 gedruckten Exemplaren einen bedeutenden Meilenstein \u2013 ein Beleg f\u00fcr die wachsende Wertsch\u00e4tzung au\u00dfergew\u00f6hnlicher Hotels und den anhaltenden Erfolg dieser einzigartigen Publikation.<\/p>\n<p class=\"translation-block\">Das kleinste Hotelbuch der Welt ist mehr als ein Reisef\u00fchrer; es ist eine Feier unvergleichlicher Erlebnisse und eine Einladung, die besten Hotels der Welt zu entdecken. Lassen Sie sich inspirieren, verzaubern und beeindrucken von der Sch\u00f6nheit und Innovation, die auf jeder Seite eingefangen wird. Willkommen in einer Welt, in der Exklusivit\u00e4t auf Design trifft und jeder Aufenthalt zu einer au\u00dfergew\u00f6hnlichen Reise wird.<\/p>\n\n\t\t<\/div>\n\t<\/div>\n<a href=\"https:\/\/sensationhotels.com\/de\/portfolio\/\" title=\"\" target=\"\" class=\"laborator-btn btn btn-index-1 btn-type-outlined-bg  btn-type-outlined btn-black btn-normal\">Hotelportfolio ansehen<\/a>\n<div class=\"vc_row wpb_row vc_inner vc_row-fluid\"><div class=\"wpb_column vc_column_container vc_col-sm-12\"><div class=\"vc_column-inner\"><div class=\"wpb_wrapper\">\n\t<div class=\"wpb_text_column wpb_content_element post-formatting\" >\n\t\t<div class=\"wpb_wrapper\">\n\t\t\t<p>&nbsp;<\/p>\n<p>&nbsp;<\/p>\n\n\t\t<\/div>\n\t<\/div>\n<\/div><\/div><\/div><\/div><\/div><\/div><\/div><\/div><\/div><div class=\"vc-row-container container\"><div class=\"vc_row wpb_row vc_row-fluid\"><div class=\"wpb_column vc_column_container vc_col-sm-6\"><div class=\"vc_column-inner\"><div class=\"wpb_wrapper\">\n\t<div  class=\"wpb_single_image wpb_content_element vc_align_center wpb_content_element\">\n\t\t\n\t\t<figure class=\"wpb_wrapper vc_figure\">\n\t\t\t<div class=\"vc_single_image-wrapper   vc_box_border_grey\"><img fetchpriority=\"high\" decoding=\"async\" width=\"781\" height=\"840\" src=\"https:\/\/sensationhotels.com\/wp-content\/uploads\/2026\/01\/The-Smallest-Hotel-Book-of-the-World-Sensation-Hotels-Green-Edition-white-background.png\" class=\"vc_single_image-img attachment-large\" alt=\"\" title=\"The Smallest Hotel Book of the World - Sensation Hotels - Green Edition - white background\" srcset=\"https:\/\/sensationhotels.com\/wp-content\/uploads\/2026\/01\/The-Smallest-Hotel-Book-of-the-World-Sensation-Hotels-Green-Edition-white-background.png 781w, https:\/\/sensationhotels.com\/wp-content\/uploads\/2026\/01\/The-Smallest-Hotel-Book-of-the-World-Sensation-Hotels-Green-Edition-white-background-279x300.png 279w, https:\/\/sensationhotels.com\/wp-content\/uploads\/2026\/01\/The-Smallest-Hotel-Book-of-the-World-Sensation-Hotels-Green-Edition-white-background-768x826.png 768w, https:\/\/sensationhotels.com\/wp-content\/uploads\/2026\/01\/The-Smallest-Hotel-Book-of-the-World-Sensation-Hotels-Green-Edition-white-background-11x12.png 11w, https:\/\/sensationhotels.com\/wp-content\/uploads\/2026\/01\/The-Smallest-Hotel-Book-of-the-World-Sensation-Hotels-Green-Edition-white-background-558x600.png 558w, https:\/\/sensationhotels.com\/wp-content\/uploads\/2026\/01\/The-Smallest-Hotel-Book-of-the-World-Sensation-Hotels-Green-Edition-white-background-655x704.png 655w, https:\/\/sensationhotels.com\/wp-content\/uploads\/2026\/01\/The-Smallest-Hotel-Book-of-the-World-Sensation-Hotels-Green-Edition-white-background-600x645.png 600w\" sizes=\"(max-width: 781px) 100vw, 781px\" \/><\/div>\n\t\t<\/figure>\n\t<\/div>\n<\/div><\/div><\/div><div class=\"wpb_column vc_column_container vc_col-sm-6\"><div class=\"vc_column-inner\"><div class=\"wpb_wrapper\"><div class=\"section-title  align-left\">\n    <h2>The Smallest Hotel Book of the World<\/h2>\n<\/div>\n\t<div class=\"wpb_text_column wpb_content_element post-formatting\" >\n\t\t<div class=\"wpb_wrapper\">\n\t\t\t<p><strong>Preisgekr\u00f6ntes Konzept<\/strong><br \/>\nAusgezeichnet mit renommierten Preisen wie dem German Design Award \u2013 Special Mention, dem Media Award und dem Creativity Award (Gold).<\/p>\n<p><strong>Einzigartiges Miniatur-Format<\/strong><br \/>\nAnerkannt als das kleinste Hotelbuch der Welt \u2013 ein kompaktes, aber kraftvolles Design-Statement mit internationaler Strahlkraft.<\/p>\n<p><strong>Kuratiert auf h\u00f6chstem Niveau<\/strong><br \/>\nPr\u00e4sentiert \u00fcber 100 handverlesene Luxus-, Boutique- und designorientierte Hotels aus aller Welt.<\/p>\n<p><strong>Limitierte Jahresedition<\/strong><br \/>\nErscheint einmal j\u00e4hrlich in einer exklusiven, limitierten Auflage und ist damit ein echtes Sammlerst\u00fcck.<\/p>\n<p><strong>Internationale Anerkennung\u00a0<\/strong><br \/>\nSeit 2015 etabliert und kontinuierlich ausgezeichnet f\u00fcr Innovation und Qualit\u00e4t im Bereich Hospitality Publishing.<\/p>\n<p><strong>Pr\u00e4sentation auf internationalen Events<\/strong><br \/>\nVorgestellt auf f\u00fchrenden Reisemessen, bedeutenden Designveranstaltungen und internationalen Hospitality-Fachmessen.<\/p>\n<p><strong>Eine Hommage an Luxus &amp; Design<\/strong><br \/>\nZeigt au\u00dfergew\u00f6hnliche Destinationen \u2013 von zeitlosen Luxus-Retreats bis hin zu avantgardistischen Designhotels.<\/p>\n<p><strong>Meilenstein: 50.000 gedruckte Exemplare (2025)<\/strong><br \/>\nEin bedeutender Erfolg, der die starke internationale Nachfrage und die wachsende Wertsch\u00e4tzung unterstreicht.<\/p>\n<p><strong>Inspiration f\u00fcr Branche &amp; Reisende<\/strong><br \/>\nDient als Inspirationsquelle f\u00fcr anspruchsvolle Reisende, Hoteliers, Investoren und Designliebhaber.<\/p>\n<p><strong>Mehr als ein Guide \u2013 ein Statement<\/strong><br \/>\nNicht nur ein Hotelverzeichnis, sondern eine W\u00fcrdigung au\u00dfergew\u00f6hnlicher Gastfreundschaft, Individualit\u00e4t und unvergesslicher G\u00e4steerlebnisse.<\/p>\n\n\t\t<\/div>\n\t<\/div>\n<a href=\"https:\/\/sensationhotels.com\/de\/portfolio\/\" title=\"\" target=\"\" class=\"laborator-btn btn btn-index-2 btn-type-outlined-bg  btn-type-outlined btn-black btn-normal\">Hotelportfolio ansehen<\/a>\n<a href=\"https:\/\/sensationhotels.com\/de\/our-story\/\" title=\"\" target=\"\" class=\"laborator-btn btn btn-index-3 btn-type-outlined-bg  btn-type-outlined btn-black btn-normal\">Mehr \u00fcber Sensation Hotels<\/a>\n<\/div><\/div><\/div><\/div><\/div>\n<\/div>","protected":false},"excerpt":{"rendered":"The Smallest Hotel Book of the World A Celebration of Luxury and Design. The Smallest Hotel Book of the World is an exclusive, award-winning publication that celebrates the finest in luxury, design, and hospitality. Released annually in a limited edition, this meticulously curated book showcases a carefully selected collection of over 100 luxury, boutique, and&hellip;","protected":false},"author":1,"featured_media":0,"parent":0,"menu_order":0,"comment_status":"closed","ping_status":"closed","template":"","meta":{"_acf_changed":false,"footnotes":""},"class_list":["post-3562","page","type-page","status-publish","hentry"],"acf":[],"yoast_head":"<!-- This site is optimized with the Yoast SEO plugin v25.8 - https:\/\/yoast.com\/wordpress\/plugins\/seo\/ -->\n<title>The Smallest Hotel Book of the World - Sensation Hotels<\/title>\n<meta name=\"description\" content=\"The Smallest Hotel Book of the World \u2013 an award-winning luxury hotel book featuring 100+ handpicked design and boutique hotels worldwide.\" \/>\n<meta name=\"robots\" content=\"index, follow, max-snippet:-1, max-image-preview:large, max-video-preview:-1\" \/>\n<link rel=\"canonical\" href=\"https:\/\/sensationhotels.com\/de\/the-smallest-hotel-book-of-the-world\/\" \/>\n<meta property=\"og:locale\" content=\"de_DE\" \/>\n<meta property=\"og:type\" content=\"article\" \/>\n<meta property=\"og:title\" content=\"The Smallest Hotel Book of the World - Sensation Hotels\" \/>\n<meta property=\"og:description\" content=\"The Smallest Hotel Book of the World \u2013 an award-winning luxury hotel book featuring 100+ handpicked design and boutique hotels worldwide.\" \/>\n<meta property=\"og:url\" content=\"https:\/\/sensationhotels.com\/de\/the-smallest-hotel-book-of-the-world\/\" \/>\n<meta property=\"og:site_name\" content=\"Sensation Hotels\" \/>\n<meta name=\"twitter:card\" content=\"summary_large_image\" \/>\n<meta name=\"twitter:label1\" content=\"Gesch\u00e4tzte Lesezeit\" \/>\n\t<meta name=\"twitter:data1\" content=\"3\u00a0Minuten\" \/>\n<!-- \/ Yoast SEO plugin. -->","yoast_head_json":{"title":"The Smallest Hotel Book of the World - Sensation Hotels","description":"The Smallest Hotel Book of the World \u2013 an award-winning luxury hotel book featuring 100+ handpicked design and boutique hotels worldwide.","robots":{"index":"index","follow":"follow","max-snippet":"max-snippet:-1","max-image-preview":"max-image-preview:large","max-video-preview":"max-video-preview:-1"},"canonical":"https:\/\/sensationhotels.com\/de\/the-smallest-hotel-book-of-the-world\/","og_locale":"de_DE","og_type":"article","og_title":"The Smallest Hotel Book of the World - Sensation Hotels","og_description":"The Smallest Hotel Book of the World \u2013 an award-winning luxury hotel book featuring 100+ handpicked design and boutique hotels worldwide.","og_url":"https:\/\/sensationhotels.com\/de\/the-smallest-hotel-book-of-the-world\/","og_site_name":"Sensation Hotels","twitter_card":"summary_large_image","twitter_misc":{"Gesch\u00e4tzte Lesezeit":"3\u00a0Minuten"},"schema":{"@context":"https:\/\/schema.org","@graph":[{"@type":"WebPage","@id":"https:\/\/sensationhotels.com\/the-smallest-hotel-book-of-the-world\/","url":"https:\/\/sensationhotels.com\/the-smallest-hotel-book-of-the-world\/","name":"The Smallest Hotel Book of the World - Sensation Hotels","isPartOf":{"@id":"https:\/\/sensationhotels.com\/#website"},"datePublished":"2022-10-13T02:47:44+00:00","dateModified":"2026-03-02T16:35:06+00:00","description":"The Smallest Hotel Book of the World \u2013 an award-winning luxury hotel book featuring 100+ handpicked design and boutique hotels worldwide.","breadcrumb":{"@id":"https:\/\/sensationhotels.com\/the-smallest-hotel-book-of-the-world\/#breadcrumb"},"inLanguage":"de","potentialAction":[{"@type":"ReadAction","target":["https:\/\/sensationhotels.com\/the-smallest-hotel-book-of-the-world\/"]}]},{"@type":"BreadcrumbList","@id":"https:\/\/sensationhotels.com\/the-smallest-hotel-book-of-the-world\/#breadcrumb","itemListElement":[{"@type":"ListItem","position":1,"name":"Home","item":"https:\/\/sensationhotels.com\/"},{"@type":"ListItem","position":2,"name":"The Smallest Hotel Book of the World"}]},{"@type":"WebSite","@id":"https:\/\/sensationhotels.com\/#website","url":"https:\/\/sensationhotels.com\/","name":"Sensation Hotels","description":"","potentialAction":[{"@type":"SearchAction","target":{"@type":"EntryPoint","urlTemplate":"https:\/\/sensationhotels.com\/?s={search_term_string}"},"query-input":{"@type":"PropertyValueSpecification","valueRequired":true,"valueName":"search_term_string"}}],"inLanguage":"de"}]}},"_links":{"self":[{"href":"https:\/\/sensationhotels.com\/de\/wp-json\/wp\/v2\/pages\/3562","targetHints":{"allow":["GET"]}}],"collection":[{"href":"https:\/\/sensationhotels.com\/de\/wp-json\/wp\/v2\/pages"}],"about":[{"href":"https:\/\/sensationhotels.com\/de\/wp-json\/wp\/v2\/types\/page"}],"author":[{"embeddable":true,"href":"https:\/\/sensationhotels.com\/de\/wp-json\/wp\/v2\/users\/1"}],"replies":[{"embeddable":true,"href":"https:\/\/sensationhotels.com\/de\/wp-json\/wp\/v2\/comments?post=3562"}],"version-history":[{"count":11,"href":"https:\/\/sensationhotels.com\/de\/wp-json\/wp\/v2\/pages\/3562\/revisions"}],"predecessor-version":[{"id":5098,"href":"https:\/\/sensationhotels.com\/de\/wp-json\/wp\/v2\/pages\/3562\/revisions\/5098"}],"wp:attachment":[{"href":"https:\/\/sensationhotels.com\/de\/wp-json\/wp\/v2\/media?parent=3562"}],"curies":[{"name":"wp","href":"https:\/\/api.w.org\/{rel}","templated":true}]}}