{"id":3576,"date":"2022-10-13T02:52:17","date_gmt":"2022-10-13T02:52:17","guid":{"rendered":"https:\/\/project.sensationhotels.com\/?page_id=3576"},"modified":"2025-02-02T10:48:29","modified_gmt":"2025-02-02T10:48:29","slug":"awards","status":"publish","type":"page","link":"https:\/\/sensationhotels.com\/de\/awards\/","title":{"rendered":"Awards and Recognition"},"content":{"rendered":"<div class=\"wpb-content-wrapper\"><div class=\"vc-row-container container\"><div class=\"vc_row wpb_row vc_row-fluid\"><div class=\"wpb_column vc_column_container vc_col-sm-6\"><div class=\"vc_column-inner\"><div class=\"wpb_wrapper\">\n\t<div  class=\"wpb_single_image wpb_content_element vc_align_left wpb_content_element\">\n\t\t\n\t\t<figure class=\"wpb_wrapper vc_figure\">\n\t\t\t<div class=\"vc_single_image-wrapper   vc_box_border_grey\"><img fetchpriority=\"high\" decoding=\"async\" width=\"800\" height=\"1051\" src=\"https:\/\/sensationhotels.com\/wp-content\/uploads\/2025\/01\/sensation-hotels-the-smallest-hotel-book-of-the-world-1.png\" class=\"vc_single_image-img attachment-full\" alt=\"\" title=\"sensation hotels - the smallest hotel book of the world\" srcset=\"https:\/\/sensationhotels.com\/wp-content\/uploads\/2025\/01\/sensation-hotels-the-smallest-hotel-book-of-the-world-1.png 800w, https:\/\/sensationhotels.com\/wp-content\/uploads\/2025\/01\/sensation-hotels-the-smallest-hotel-book-of-the-world-1-228x300.png 228w, https:\/\/sensationhotels.com\/wp-content\/uploads\/2025\/01\/sensation-hotels-the-smallest-hotel-book-of-the-world-1-779x1024.png 779w, https:\/\/sensationhotels.com\/wp-content\/uploads\/2025\/01\/sensation-hotels-the-smallest-hotel-book-of-the-world-1-768x1009.png 768w, https:\/\/sensationhotels.com\/wp-content\/uploads\/2025\/01\/sensation-hotels-the-smallest-hotel-book-of-the-world-1-9x12.png 9w, https:\/\/sensationhotels.com\/wp-content\/uploads\/2025\/01\/sensation-hotels-the-smallest-hotel-book-of-the-world-1-558x733.png 558w, https:\/\/sensationhotels.com\/wp-content\/uploads\/2025\/01\/sensation-hotels-the-smallest-hotel-book-of-the-world-1-655x861.png 655w, https:\/\/sensationhotels.com\/wp-content\/uploads\/2025\/01\/sensation-hotels-the-smallest-hotel-book-of-the-world-1-600x788.png 600w\" sizes=\"(max-width: 800px) 100vw, 800px\" \/><\/div>\n\t\t<\/figure>\n\t<\/div>\n<\/div><\/div><\/div><div class=\"wpb_column vc_column_container vc_col-sm-6\"><div class=\"vc_column-inner\"><div class=\"wpb_wrapper\"><div class=\"section-title  align-left\">\n    <h2>Auszeichnungen<\/h2>\n<\/div>\n\t<div class=\"wpb_text_column wpb_content_element post-formatting\" >\n\t\t<div class=\"wpb_wrapper\">\n\t\t\t<p>Sensation Hotels wurde mit renommierten Preisen f\u00fcr Exzellenz in den Bereichen Hospitality, Design und Innovation ausgezeichnet. Unser Engagement f\u00fcr die Auswahl und F\u00f6rderung einzigartiger, au\u00dfergew\u00f6hnlicher Hotels hat uns weltweite Anerkennung und Wertsch\u00e4tzung von Branchenf\u00fchrern eingebracht.<\/p>\n<p>Wir sind stolz darauf, mehrere angesehene Auszeichnungen erhalten zu haben, darunter:<\/p>\n<ul>\n<li><strong>German Design Award \u2013 Special Mention<\/strong>German Design Award \u2013 Special Mention\nDiese Auszeichnung w\u00fcrdigt unser herausragendes Design und unsere kreative Pr\u00e4sentation und unterstreicht unser Bestreben nach \u00e4sthetischer Exzellenz und innovativen Konzepten in der Hotelbranche.<\/li>\n<\/ul>\n<ul>\n<li class=\"translation-block\">Creativity Award (Gold)\nVerliehen f\u00fcr unseren vision\u00e4ren und bahnbrechenden Ansatz in der Hotellerie, festigt dieser Preis unseren Ruf als Vorreiter im Bereich Luxus-, Boutique- und design orientierten Hotels.<\/li>\n<\/ul>\n<p>Diese Ehrungen spiegeln nicht nur die Exzellenz unserer einzelnen Hotels wider, sondern auch die weltweite Anerkennung, die Sensation Hotels f\u00fcr seinen Beitrag zur Zukunft der Hotellerie erhalten hat. Unser Fokus auf Innovation, Design und erstklassigen Service macht uns zu einem vertrauensw\u00fcrdigen Partner in der Hospitality- und Designbranche. W\u00e4hrend wir weiterhin die Standards f\u00fcr Luxus und Individualit\u00e4t neu definieren, bleiben wir unserem Anspruch treu, au\u00dfergew\u00f6hnliche Erlebnisse f\u00fcr G\u00e4ste und Partner zu schaffen.<\/p>\n\n\t\t<\/div>\n\t<\/div>\n<\/div><\/div><\/div><\/div><\/div>\n<\/div>","protected":false},"excerpt":{"rendered":"Awards &amp; Recognition Sensation Hotels has garnered prestigious accolades and recognition for its excellence in hospitality, design, and innovation. Our commitment to curating and promoting unique, exceptional hotels has earned us the respect and admiration of industry leaders worldwide. We are proud to have received several esteemed awards, including: German Design Award \u2013 Special Mention:&hellip;","protected":false},"author":1,"featured_media":0,"parent":0,"menu_order":0,"comment_status":"closed","ping_status":"closed","template":"","meta":{"_acf_changed":false,"footnotes":""},"class_list":["post-3576","page","type-page","status-publish","hentry"],"acf":[],"yoast_head":"<!-- This site is optimized with the Yoast SEO plugin v25.8 - https:\/\/yoast.com\/wordpress\/plugins\/seo\/ -->\n<title>Awards and Recognition - Sensation Hotels<\/title>\n<meta name=\"robots\" content=\"index, follow, max-snippet:-1, max-image-preview:large, max-video-preview:-1\" \/>\n<link rel=\"canonical\" href=\"https:\/\/sensationhotels.com\/de\/awards\/\" \/>\n<meta property=\"og:locale\" content=\"de_DE\" \/>\n<meta property=\"og:type\" content=\"article\" \/>\n<meta property=\"og:title\" content=\"Awards and Recognition - Sensation Hotels\" \/>\n<meta property=\"og:url\" content=\"https:\/\/sensationhotels.com\/de\/awards\/\" \/>\n<meta property=\"og:site_name\" content=\"Sensation Hotels\" \/>\n<meta name=\"twitter:card\" content=\"summary_large_image\" \/>\n<meta name=\"twitter:label1\" content=\"Gesch\u00e4tzte Lesezeit\" \/>\n\t<meta name=\"twitter:data1\" content=\"1\u00a0Minute\" \/>\n<!-- \/ Yoast SEO plugin. -->","yoast_head_json":{"title":"Awards and Recognition - Sensation Hotels","robots":{"index":"index","follow":"follow","max-snippet":"max-snippet:-1","max-image-preview":"max-image-preview:large","max-video-preview":"max-video-preview:-1"},"canonical":"https:\/\/sensationhotels.com\/de\/awards\/","og_locale":"de_DE","og_type":"article","og_title":"Awards and Recognition - Sensation Hotels","og_url":"https:\/\/sensationhotels.com\/de\/awards\/","og_site_name":"Sensation Hotels","twitter_card":"summary_large_image","twitter_misc":{"Gesch\u00e4tzte Lesezeit":"1\u00a0Minute"},"schema":{"@context":"https:\/\/schema.org","@graph":[{"@type":"WebPage","@id":"https:\/\/sensationhotels.com\/awards\/","url":"https:\/\/sensationhotels.com\/awards\/","name":"Awards and Recognition - Sensation Hotels","isPartOf":{"@id":"https:\/\/sensationhotels.com\/#website"},"datePublished":"2022-10-13T02:52:17+00:00","dateModified":"2025-02-02T10:48:29+00:00","breadcrumb":{"@id":"https:\/\/sensationhotels.com\/awards\/#breadcrumb"},"inLanguage":"de","potentialAction":[{"@type":"ReadAction","target":["https:\/\/sensationhotels.com\/awards\/"]}]},{"@type":"BreadcrumbList","@id":"https:\/\/sensationhotels.com\/awards\/#breadcrumb","itemListElement":[{"@type":"ListItem","position":1,"name":"Home","item":"https:\/\/sensationhotels.com\/"},{"@type":"ListItem","position":2,"name":"Awards and Recognition"}]},{"@type":"WebSite","@id":"https:\/\/sensationhotels.com\/#website","url":"https:\/\/sensationhotels.com\/","name":"Sensation Hotels","description":"","potentialAction":[{"@type":"SearchAction","target":{"@type":"EntryPoint","urlTemplate":"https:\/\/sensationhotels.com\/?s={search_term_string}"},"query-input":{"@type":"PropertyValueSpecification","valueRequired":true,"valueName":"search_term_string"}}],"inLanguage":"de"}]}},"_links":{"self":[{"href":"https:\/\/sensationhotels.com\/de\/wp-json\/wp\/v2\/pages\/3576","targetHints":{"allow":["GET"]}}],"collection":[{"href":"https:\/\/sensationhotels.com\/de\/wp-json\/wp\/v2\/pages"}],"about":[{"href":"https:\/\/sensationhotels.com\/de\/wp-json\/wp\/v2\/types\/page"}],"author":[{"embeddable":true,"href":"https:\/\/sensationhotels.com\/de\/wp-json\/wp\/v2\/users\/1"}],"replies":[{"embeddable":true,"href":"https:\/\/sensationhotels.com\/de\/wp-json\/wp\/v2\/comments?post=3576"}],"version-history":[{"count":9,"href":"https:\/\/sensationhotels.com\/de\/wp-json\/wp\/v2\/pages\/3576\/revisions"}],"predecessor-version":[{"id":4088,"href":"https:\/\/sensationhotels.com\/de\/wp-json\/wp\/v2\/pages\/3576\/revisions\/4088"}],"wp:attachment":[{"href":"https:\/\/sensationhotels.com\/de\/wp-json\/wp\/v2\/media?parent=3576"}],"curies":[{"name":"wp","href":"https:\/\/api.w.org\/{rel}","templated":true}]}}