{"id":3578,"date":"2022-10-13T02:52:36","date_gmt":"2022-10-13T02:52:36","guid":{"rendered":"https:\/\/project.sensationhotels.com\/?page_id=3578"},"modified":"2025-02-02T15:25:45","modified_gmt":"2025-02-02T15:25:45","slug":"hotel-fritz-consulting","status":"publish","type":"page","link":"https:\/\/sensationhotels.com\/de\/hotel-fritz-consulting\/","title":{"rendered":"Hotel Fritz Consulting"},"content":{"rendered":"<div class=\"wpb-content-wrapper\"><div class=\"vc-row-container container\"><div class=\"vc_row wpb_row vc_row-fluid\"><div class=\"wpb_column vc_column_container vc_col-sm-6\"><div class=\"vc_column-inner\"><div class=\"wpb_wrapper\">\n\t<div  class=\"wpb_single_image wpb_content_element vc_align_center wpb_content_element\">\n\t\t\n\t\t<figure class=\"wpb_wrapper vc_figure\">\n\t\t\t<div class=\"vc_single_image-wrapper   vc_box_border_grey\"><img fetchpriority=\"high\" decoding=\"async\" width=\"794\" height=\"794\" src=\"https:\/\/sensationhotels.com\/wp-content\/uploads\/2025\/02\/Hotel-Fritz-Consulting-Sensation-Hotels-Hotelberatung-Johannes-Fritz-Groebler.png\" class=\"vc_single_image-img attachment-full\" alt=\"\" title=\"Hotel Fritz Consulting - Sensation Hotels - Hotelberatung Johannes Fritz Groebler\" srcset=\"https:\/\/sensationhotels.com\/wp-content\/uploads\/2025\/02\/Hotel-Fritz-Consulting-Sensation-Hotels-Hotelberatung-Johannes-Fritz-Groebler.png 794w, https:\/\/sensationhotels.com\/wp-content\/uploads\/2025\/02\/Hotel-Fritz-Consulting-Sensation-Hotels-Hotelberatung-Johannes-Fritz-Groebler-300x300.png 300w, https:\/\/sensationhotels.com\/wp-content\/uploads\/2025\/02\/Hotel-Fritz-Consulting-Sensation-Hotels-Hotelberatung-Johannes-Fritz-Groebler-150x150.png 150w, https:\/\/sensationhotels.com\/wp-content\/uploads\/2025\/02\/Hotel-Fritz-Consulting-Sensation-Hotels-Hotelberatung-Johannes-Fritz-Groebler-768x768.png 768w, https:\/\/sensationhotels.com\/wp-content\/uploads\/2025\/02\/Hotel-Fritz-Consulting-Sensation-Hotels-Hotelberatung-Johannes-Fritz-Groebler-12x12.png 12w, https:\/\/sensationhotels.com\/wp-content\/uploads\/2025\/02\/Hotel-Fritz-Consulting-Sensation-Hotels-Hotelberatung-Johannes-Fritz-Groebler-468x468.png 468w, https:\/\/sensationhotels.com\/wp-content\/uploads\/2025\/02\/Hotel-Fritz-Consulting-Sensation-Hotels-Hotelberatung-Johannes-Fritz-Groebler-558x558.png 558w, https:\/\/sensationhotels.com\/wp-content\/uploads\/2025\/02\/Hotel-Fritz-Consulting-Sensation-Hotels-Hotelberatung-Johannes-Fritz-Groebler-655x655.png 655w, https:\/\/sensationhotels.com\/wp-content\/uploads\/2025\/02\/Hotel-Fritz-Consulting-Sensation-Hotels-Hotelberatung-Johannes-Fritz-Groebler-600x600.png 600w, https:\/\/sensationhotels.com\/wp-content\/uploads\/2025\/02\/Hotel-Fritz-Consulting-Sensation-Hotels-Hotelberatung-Johannes-Fritz-Groebler-220x220.png 220w\" sizes=\"(max-width: 794px) 100vw, 794px\" \/><\/div>\n\t\t<\/figure>\n\t<\/div>\n<\/div><\/div><\/div><div class=\"wpb_column vc_column_container vc_col-sm-6\"><div class=\"vc_column-inner\"><div class=\"wpb_wrapper\"><div class=\"section-title  align-left\">\n    <h2>\u00dcber Hotel Fritz Consulting<\/h2>\n<\/div>\n\t<div class=\"wpb_text_column wpb_content_element post-formatting\" >\n\t\t<div class=\"wpb_wrapper\">\n\t\t\t<p>Bei Hotel Fritz Consulting sind wir auf die Bereitstellung fachkundiger Beratung und ma\u00dfgeschneiderter L\u00f6sungen f\u00fcr Hotelinvestoren, Entwickler und Betreiber spezialisiert. Mit jahrelanger Erfahrung in der Hospitality-Branche konzentrieren wir uns darauf, Visionen in florierende Hotelprojekte umzusetzen, indem wir strategische Beratung und umfassende Dienstleistungen anbieten, die den Erfolg in jeder Phase der Entwicklung sicherstellen.<\/p>\n<p>Unsere Kernleistungen:<\/p>\n<p class=\"translation-block\"><strong>Hotelkonzeptplanung:<\/strong><br> Wir verwandeln Ideen in umsetzbare Pl\u00e4ne, indem wir einzigartige Hotelkonzepte entwickeln, die auf Markttrends und Zielgruppen abgestimmt sind. Vom Boutique-Hotel bis hin zu gro\u00dfen Resorts gestalten wir Konzepte, die sich abheben und nachhaltigen Wert bieten.<\/p>\n<p><strong>Machbarkeitsstudien und Kalkulationen<\/strong><br \/>\nDas Verst\u00e4ndnis der finanziellen Tragf\u00e4higkeit eines Hotelprojekts ist entscheidend. Wir f\u00fchren detaillierte Machbarkeitsstudien durch und bieten Einblicke in das Marktpotenzial, Betriebskosten und Umsatzprognosen, damit unsere Kunden fundierte Investitionsentscheidungen treffen k\u00f6nnen.<\/p>\n<p><strong>Hotelimmobilien und Resorts<\/strong><br \/>\nOb es um den Erwerb, die Entwicklung oder die Optimierung von Hotelimmobilien geht, wir bieten Expertise in der komplexen Welt der Hotelinvestitionen (Verkauf, Kauf, Pacht, Miete). Unsere Dienstleistungen erstrecken sich auch auf Resorts, wobei wir L\u00f6sungen f\u00fcr sowohl urbane als auch Freizeitdestinationen anbieten.<\/p>\n<p><strong>Investor Consulting<\/strong><br \/>\nWir begleiten Hotelinvestoren durch jeden Schritt ihres Prozesses, von der Identifizierung von Chancen \u00fcber das Risikomanagement bis hin zur Optimierung von Renditen. Unser tiefes Branchenwissen stellt sicher, dass Investitionen sowohl mit finanziellen Zielen als auch mit dem Marktpotenzial \u00fcbereinstimmen.<\/p>\n<p><strong>Projektentwicklung<\/strong><br \/>\nVon der Standortauswahl bis zum Projektabschluss bieten wir praktische Unterst\u00fctzung, um eine reibungslose Ausf\u00fchrung von Hotelprojekten zu gew\u00e4hrleisten. Unser Team arbeitet eng mit Architekten, Designern und Betreibern zusammen, um au\u00dfergew\u00f6hnliche Ergebnisse zu erzielen.<\/p>\n<p>Bei Hotel Fritz Consulting ist es unsere Mission, unseren Kunden zu helfen, ihre Ziele zu erreichen, indem wir Kreativit\u00e4t, Marktkenntnisse und einen ergebnisorientierten Ansatz kombinieren. Ob Sie ein Investor auf der Suche nach M\u00f6glichkeiten sind oder ein Entwickler mit einer Vision, wir sind hier, um Sie auf jedem Schritt des Weges zu begleiten.<\/p>\n<p>&nbsp;<\/p>\n<p>Weitere Informationen finden Sie hier: <a href=\"http:\/\/www.hotelfritz.com\" target=\"_blank\" rel=\"noopener\">www.hotelfritz.com<\/a><\/p>\n\n\t\t<\/div>\n\t<\/div>\n<\/div><\/div><\/div><\/div><\/div>\n<\/div>","protected":false},"excerpt":{"rendered":"About Hotel Fritz Consulting At Hotel Fritz Consulting, we specialize in providing expert guidance and tailored solutions for hotel investors, developers, and operators. With years of experience in the hospitality industry, we focus on turning visions into thriving hotel projects by offering strategic advice and comprehensive services that ensure success in every phase of development.&hellip;","protected":false},"author":1,"featured_media":0,"parent":0,"menu_order":0,"comment_status":"closed","ping_status":"closed","template":"","meta":{"_acf_changed":false,"footnotes":""},"class_list":["post-3578","page","type-page","status-publish","hentry"],"acf":[],"yoast_head":"<!-- This site is optimized with the Yoast SEO plugin v25.8 - https:\/\/yoast.com\/wordpress\/plugins\/seo\/ -->\n<title>Hotel Fritz Consulting - Sensation Hotels<\/title>\n<meta name=\"robots\" content=\"index, follow, max-snippet:-1, max-image-preview:large, max-video-preview:-1\" \/>\n<link rel=\"canonical\" href=\"https:\/\/sensationhotels.com\/de\/hotel-fritz-consulting\/\" \/>\n<meta property=\"og:locale\" content=\"de_DE\" \/>\n<meta property=\"og:type\" content=\"article\" \/>\n<meta property=\"og:title\" content=\"Hotel Fritz Consulting - Sensation Hotels\" \/>\n<meta property=\"og:url\" content=\"https:\/\/sensationhotels.com\/de\/hotel-fritz-consulting\/\" \/>\n<meta property=\"og:site_name\" content=\"Sensation Hotels\" \/>\n<meta name=\"twitter:card\" content=\"summary_large_image\" \/>\n<meta name=\"twitter:label1\" content=\"Gesch\u00e4tzte Lesezeit\" \/>\n\t<meta name=\"twitter:data1\" content=\"2\u00a0Minuten\" \/>\n<!-- \/ Yoast SEO plugin. -->","yoast_head_json":{"title":"Hotel Fritz Consulting - Sensation Hotels","robots":{"index":"index","follow":"follow","max-snippet":"max-snippet:-1","max-image-preview":"max-image-preview:large","max-video-preview":"max-video-preview:-1"},"canonical":"https:\/\/sensationhotels.com\/de\/hotel-fritz-consulting\/","og_locale":"de_DE","og_type":"article","og_title":"Hotel Fritz Consulting - Sensation Hotels","og_url":"https:\/\/sensationhotels.com\/de\/hotel-fritz-consulting\/","og_site_name":"Sensation Hotels","twitter_card":"summary_large_image","twitter_misc":{"Gesch\u00e4tzte Lesezeit":"2\u00a0Minuten"},"schema":{"@context":"https:\/\/schema.org","@graph":[{"@type":"WebPage","@id":"https:\/\/sensationhotels.com\/hotel-fritz-consulting\/","url":"https:\/\/sensationhotels.com\/hotel-fritz-consulting\/","name":"Hotel Fritz Consulting - Sensation Hotels","isPartOf":{"@id":"https:\/\/sensationhotels.com\/#website"},"datePublished":"2022-10-13T02:52:36+00:00","dateModified":"2025-02-02T15:25:45+00:00","breadcrumb":{"@id":"https:\/\/sensationhotels.com\/hotel-fritz-consulting\/#breadcrumb"},"inLanguage":"de","potentialAction":[{"@type":"ReadAction","target":["https:\/\/sensationhotels.com\/hotel-fritz-consulting\/"]}]},{"@type":"BreadcrumbList","@id":"https:\/\/sensationhotels.com\/hotel-fritz-consulting\/#breadcrumb","itemListElement":[{"@type":"ListItem","position":1,"name":"Home","item":"https:\/\/sensationhotels.com\/"},{"@type":"ListItem","position":2,"name":"Hotel Fritz Consulting"}]},{"@type":"WebSite","@id":"https:\/\/sensationhotels.com\/#website","url":"https:\/\/sensationhotels.com\/","name":"Sensation Hotels","description":"","potentialAction":[{"@type":"SearchAction","target":{"@type":"EntryPoint","urlTemplate":"https:\/\/sensationhotels.com\/?s={search_term_string}"},"query-input":{"@type":"PropertyValueSpecification","valueRequired":true,"valueName":"search_term_string"}}],"inLanguage":"de"}]}},"_links":{"self":[{"href":"https:\/\/sensationhotels.com\/de\/wp-json\/wp\/v2\/pages\/3578","targetHints":{"allow":["GET"]}}],"collection":[{"href":"https:\/\/sensationhotels.com\/de\/wp-json\/wp\/v2\/pages"}],"about":[{"href":"https:\/\/sensationhotels.com\/de\/wp-json\/wp\/v2\/types\/page"}],"author":[{"embeddable":true,"href":"https:\/\/sensationhotels.com\/de\/wp-json\/wp\/v2\/users\/1"}],"replies":[{"embeddable":true,"href":"https:\/\/sensationhotels.com\/de\/wp-json\/wp\/v2\/comments?post=3578"}],"version-history":[{"count":9,"href":"https:\/\/sensationhotels.com\/de\/wp-json\/wp\/v2\/pages\/3578\/revisions"}],"predecessor-version":[{"id":4143,"href":"https:\/\/sensationhotels.com\/de\/wp-json\/wp\/v2\/pages\/3578\/revisions\/4143"}],"wp:attachment":[{"href":"https:\/\/sensationhotels.com\/de\/wp-json\/wp\/v2\/media?parent=3578"}],"curies":[{"name":"wp","href":"https:\/\/api.w.org\/{rel}","templated":true}]}}