{"id":3581,"date":"2022-10-13T02:53:06","date_gmt":"2022-10-13T02:53:06","guid":{"rendered":"https:\/\/project.sensationhotels.com\/?page_id=3581"},"modified":"2025-07-06T06:55:33","modified_gmt":"2025-07-06T06:55:33","slug":"members","status":"publish","type":"page","link":"https:\/\/sensationhotels.com\/de\/members\/","title":{"rendered":"Service for Member Hotels"},"content":{"rendered":"<div class=\"wpb-content-wrapper\"><div class=\"vc-row-container container\"><div class=\"vc_row wpb_row vc_row-fluid\"><div class=\"wpb_column vc_column_container vc_col-sm-6\"><div class=\"vc_column-inner\"><div class=\"wpb_wrapper\">\n\t<div  class=\"wpb_single_image wpb_content_element vc_align_left wpb_content_element\">\n\t\t\n\t\t<figure class=\"wpb_wrapper vc_figure\">\n\t\t\t<div class=\"vc_single_image-wrapper   vc_box_border_grey\"><img fetchpriority=\"high\" decoding=\"async\" width=\"556\" height=\"1200\" src=\"https:\/\/sensationhotels.com\/wp-content\/uploads\/2025\/02\/sensation-hotels-the-smallest-hotel-book-of-the-world-member-services-for-hotels-hotel-network.png\" class=\"vc_single_image-img attachment-full\" alt=\"\" title=\"sensation hotels - the smallest hotel book of the world - member services for hotels - hotel network\" srcset=\"https:\/\/sensationhotels.com\/wp-content\/uploads\/2025\/02\/sensation-hotels-the-smallest-hotel-book-of-the-world-member-services-for-hotels-hotel-network.png 556w, https:\/\/sensationhotels.com\/wp-content\/uploads\/2025\/02\/sensation-hotels-the-smallest-hotel-book-of-the-world-member-services-for-hotels-hotel-network-139x300.png 139w, https:\/\/sensationhotels.com\/wp-content\/uploads\/2025\/02\/sensation-hotels-the-smallest-hotel-book-of-the-world-member-services-for-hotels-hotel-network-474x1024.png 474w, https:\/\/sensationhotels.com\/wp-content\/uploads\/2025\/02\/sensation-hotels-the-smallest-hotel-book-of-the-world-member-services-for-hotels-hotel-network-6x12.png 6w\" sizes=\"(max-width: 556px) 100vw, 556px\" \/><\/div>\n\t\t<\/figure>\n\t<\/div>\n<\/div><\/div><\/div><div class=\"wpb_column vc_column_container vc_col-sm-6\"><div class=\"vc_column-inner\"><div class=\"wpb_wrapper\"><div class=\"section-title  align-left\">\n    <h2>Dienstleistungen f\u00fcr Mitgliederhotels<\/h2>\n<\/div>\n\t<div class=\"wpb_text_column wpb_content_element post-formatting\" >\n\t\t<div class=\"wpb_wrapper\">\n\t\t\t<p>Bei Sensation Hotels vereinen wir au\u00dfergew\u00f6hnliche Hotels, innovative Vertriebs- und Marketingstrategien, exklusive Events und ein starkes Netzwerk, um die Sichtbarkeit und das Ansehen unserer Mitgliederhotels zu steigern. Unsere umfassenden Dienstleistungen sind darauf ausgelegt, Ihr Hotel mit anspruchsvollen Reisenden, Branchenf\u00fchrern und einer globalen Gemeinschaft von Fachleuten aus der Hotellerie zu verbinden. Als Teil von Sensation Hotels profitiert Ihr Hotel von unvergleichlicher Pr\u00e4senz, Zusammenarbeit und Wachstumschancen.<\/p>\n<p><strong>Was wir f\u00fcr unsere Mitgliederhotels tun<\/strong><\/p>\n<ul>\n<li style=\"list-style-type: none;\">\n<ul>\n<li>\n<h4><strong>Gelistet<\/strong><\/h4>\n<p>Ihr Hotel auf unserer Homepage pr\u00e4sentiert und gelistet und in unser exklusives Portfolio von Boutique- und Luxushotels integriert, wodurch es eine prestigetr\u00e4chtige Plattform erh\u00e4lt, um sich hervorzuheben.<\/li>\n<\/ul>\n<\/li>\n<\/ul>\n<ul>\n<li style=\"list-style-type: none;\">\n<ul>\n<li>\n<h4><strong>Ver\u00f6ffentlicht<\/strong><\/h4>\n<p>Become part of the award-winning <em>Smallest Hotel Book of the World<\/em>, a globally recognized publication that showcases exceptional hotels and brands, ensuring your property receives high-profile exposure.<\/li>\n<\/ul>\n<\/li>\n<\/ul>\n<ul>\n<li style=\"list-style-type: none;\">\n<ul>\n<li>\n<h4><strong>Angek\u00fcndigt<\/strong><\/h4>\n<p>Erh\u00f6hen Sie Ihre Sichtbarkeit durch unseren exklusiven Newsletter und kuratierte Kampagnen, die ein gezieltes Publikum von Reisenden, Branchenf\u00fchrern und Entscheidungstr\u00e4gern erreichen.<\/li>\n<\/ul>\n<\/li>\n<\/ul>\n<ul>\n<li style=\"list-style-type: none;\">\n<ul>\n<li>\n<h4><strong>Pr\u00e4sentiert<\/strong><\/h4>\n<p>Ihr Hotel wird bei pers\u00f6nlichen Veranstaltungen, internationalen Messen und in verschiedenen Medienkan\u00e4len vorgestellt, um seinen Ruf in der Hotel- und Designbranche weiter zu st\u00e4rken.<\/li>\n<\/ul>\n<\/li>\n<\/ul>\n<ul>\n<li style=\"list-style-type: none;\">\n<ul>\n<li>\n<h4><strong>Willkommen gehei\u00dfen<\/strong><\/h4>\n<p>Treten Sie unserem renommierten Netzwerk aus Hoteliers, Partnern und Zulieferern bei und er\u00f6ffnen Sie sich M\u00f6glichkeiten f\u00fcr Zusammenarbeit, Innovation und Wachstum innerhalb einer vertrauensw\u00fcrdigen Gemeinschaft von Hospitality-Experten.<\/li>\n<\/ul>\n<\/li>\n<\/ul>\n<p>&nbsp;<\/p>\n<p class=\"translation-block\">Bei Sensation Hotels setzen wir uns daf\u00fcr ein, die Individualit\u00e4t und Einzigartigkeit jedes Mitgliederhotels hervorzuheben und es mit einer Welt voller M\u00f6glichkeiten zu verbinden. Ob durch ma\u00dfgeschneiderte Marketingstrategien, exklusive Events oder die St\u00e4rke unseres globalen Netzwerks \u2013 wir sorgen daf\u00fcr, dass jedes Mitgliederhotel f\u00fcr Erfolg positioniert ist. Schlie\u00dfen Sie sich uns an, um unvergessliche Erlebnisse zu schaffen und den Standard f\u00fcr Boutique-Luxus und au\u00dfergew\u00f6hnliche Gastfreundschaft zu setzen. Lassen Sie uns die Pr\u00e4senz Ihres Hotels steigern und neue Wachstums- und Erfolgsm\u00f6glichkeiten er\u00f6ffnen.<\/p>\n\n\t\t<\/div>\n\t<\/div>\n<div class=\"section-title  align-left\">\n    <h2>Ihr Hotel bei Sensation Hotels listen<\/h2>\n<\/div>\n\t<div class=\"wpb_text_column wpb_content_element post-formatting\" >\n\t\t<div class=\"wpb_wrapper\">\n\t\t\t<p>M\u00f6chten Sie Ihr Hotel bei Sensation Hotels listen und mit uns zusammenarbeiten? Lassen Sie uns in Kontakt treten! Vereinbaren Sie ein Gespr\u00e4ch mit uns, und wir besprechen, wie wir gemeinsam kooperieren k\u00f6nnen.<\/p>\n<p class=\"translation-block\">Schreiben Sie uns eine E-Mail: <a href=\"mailto:mail@sensationhotels.com\" target=\"_blank\" rel=\"noopener\" class=\"\">mail@sensationhotels.com<\/a><\/p>\n<p>&nbsp;<\/p>\n<div class=\"vc_btn3-container vc_btn3-inline vc_do_btn\" ><a class=\"vc_general vc_btn3 vc_btn3-size-md vc_btn3-shape-square vc_btn3-style-outline vc_btn3-color-black\" href=\"https:\/\/sensationhotels.com\/de\/e-meeting\/\" title=\"E-Meeting with Johannes Fritz Groebler\" target=\"_blank\">Book a E-Meeting with Johannes Fritz Groebler<\/a><\/div>\n\n\t\t<\/div>\n\t<\/div>\n<\/div><\/div><\/div><\/div><\/div><div class=\"vc-row-container container\"><div class=\"vc_row wpb_row vc_row-fluid\"><div class=\"wpb_column vc_column_container vc_col-sm-12\"><div class=\"vc_column-inner\"><div class=\"wpb_wrapper\">\n\t<div class=\"wpb_text_column wpb_content_element post-formatting\" >\n\t\t<div class=\"wpb_wrapper\">\n\t\t\t\n\t\t<\/div>\n\t<\/div>\n<\/div><\/div><\/div><\/div><\/div><div class=\"vc-row-container container\"><div class=\"vc_row wpb_row vc_row-fluid\"><div class=\"wpb_column vc_column_container vc_col-sm-6\"><div class=\"vc_column-inner\"><div class=\"wpb_wrapper\">\n\t<div  class=\"wpb_single_image wpb_content_element vc_align_left wpb_content_element\">\n\t\t\n\t\t<figure class=\"wpb_wrapper vc_figure\">\n\t\t\t<div class=\"vc_single_image-wrapper   vc_box_border_grey\"><img decoding=\"async\" width=\"800\" height=\"800\" src=\"https:\/\/sensationhotels.com\/wp-content\/uploads\/2025\/02\/Bild-Homepage-Sensation-Hotels-Member-Services-Hotels-Johannes-Fritz-Groebler-min.png\" class=\"vc_single_image-img attachment-full\" alt=\"\" title=\"Bild Homepage - Sensation Hotels - Member Services - Hotels - Johannes Fritz Groebler-min\" srcset=\"https:\/\/sensationhotels.com\/wp-content\/uploads\/2025\/02\/Bild-Homepage-Sensation-Hotels-Member-Services-Hotels-Johannes-Fritz-Groebler-min.png 800w, https:\/\/sensationhotels.com\/wp-content\/uploads\/2025\/02\/Bild-Homepage-Sensation-Hotels-Member-Services-Hotels-Johannes-Fritz-Groebler-min-300x300.png 300w, https:\/\/sensationhotels.com\/wp-content\/uploads\/2025\/02\/Bild-Homepage-Sensation-Hotels-Member-Services-Hotels-Johannes-Fritz-Groebler-min-150x150.png 150w, https:\/\/sensationhotels.com\/wp-content\/uploads\/2025\/02\/Bild-Homepage-Sensation-Hotels-Member-Services-Hotels-Johannes-Fritz-Groebler-min-768x768.png 768w, https:\/\/sensationhotels.com\/wp-content\/uploads\/2025\/02\/Bild-Homepage-Sensation-Hotels-Member-Services-Hotels-Johannes-Fritz-Groebler-min-12x12.png 12w, https:\/\/sensationhotels.com\/wp-content\/uploads\/2025\/02\/Bild-Homepage-Sensation-Hotels-Member-Services-Hotels-Johannes-Fritz-Groebler-min-468x468.png 468w, https:\/\/sensationhotels.com\/wp-content\/uploads\/2025\/02\/Bild-Homepage-Sensation-Hotels-Member-Services-Hotels-Johannes-Fritz-Groebler-min-558x558.png 558w, https:\/\/sensationhotels.com\/wp-content\/uploads\/2025\/02\/Bild-Homepage-Sensation-Hotels-Member-Services-Hotels-Johannes-Fritz-Groebler-min-655x655.png 655w, https:\/\/sensationhotels.com\/wp-content\/uploads\/2025\/02\/Bild-Homepage-Sensation-Hotels-Member-Services-Hotels-Johannes-Fritz-Groebler-min-600x600.png 600w, https:\/\/sensationhotels.com\/wp-content\/uploads\/2025\/02\/Bild-Homepage-Sensation-Hotels-Member-Services-Hotels-Johannes-Fritz-Groebler-min-220x220.png 220w\" sizes=\"(max-width: 800px) 100vw, 800px\" \/><\/div>\n\t\t<\/figure>\n\t<\/div>\n<\/div><\/div><\/div><div class=\"wpb_column vc_column_container vc_col-sm-6\"><div class=\"vc_column-inner\"><div class=\"wpb_wrapper\"><div class=\"section-title  align-left\">\n    <h2>Hotels in unserem Netzwerk<\/h2>\n<\/div>\n\t<div class=\"wpb_text_column wpb_content_element post-formatting\" >\n\t\t<div class=\"wpb_wrapper\">\n\t\t\t<p>Sensation Hotels ist eine handverlesene Kollektion einzigartiger, individueller und au\u00dfergew\u00f6hnlicher Hotels \u2013 jedes mit dem Anspruch, unvergessliche Erlebnisse zu schaffen. Wir vereinen die besten Boutique-, Luxus- und Designhotels aus aller Welt, die alle ein gemeinsames Ziel verfolgen: Reisenden etwas Besonderes und Pers\u00f6nliches zu bieten.<\/p>\n<p>Was Sensation Hotels auszeichnet, ist unser Engagement f\u00fcr Individualit\u00e4t, Authentizit\u00e4t und Kreativit\u00e4t. Jedes Hotel in unserem Portfolio wird sorgf\u00e4ltig aufgrund seines einzigartigen Charakters, exzellenten Services und seiner F\u00e4higkeit ausgew\u00e4hlt, unvergessliche Momente zu schaffen. Von innovativem Design bis hin zu herzlicher Gastfreundschaft \u2013 jede Unterkunft spiegelt die Besonderheiten ihres Standorts und ihre eigene Geschichte wider.<\/p>\n<p>Unsere Vision ist es, leidenschaftliche Hoteliers und Partner zu vernetzen, die die Hotellerie neu definieren und neue Ma\u00dfst\u00e4be f\u00fcr Exzellenz setzen wollen. Ob gem\u00fctliches Boutique-Hotel, vision\u00e4res Design-Refugium oder luxuri\u00f6se Bergh\u00fctte \u2013 Sensation Hotels bietet ein unvergleichliches Erlebnis.<\/p>\n\n\t\t<\/div>\n\t<\/div>\n<a href=\"https:\/\/sensationhotels.com\/de\/portfolio\/\" title=\"\" target=\"\" class=\"laborator-btn btn btn-index-1 btn-type-fliphover  btn-type-outlined btn-black btn-normal\">Hotelportfolio ansehen<\/a>\n<\/div><\/div><\/div><\/div><\/div><div class=\"vc-row-container container\"><div class=\"vc_row wpb_row vc_row-fluid\"><div class=\"wpb_column vc_column_container vc_col-sm-12\"><div class=\"vc_column-inner\"><div class=\"wpb_wrapper\">\n\t<div class=\"wpb_text_column wpb_content_element post-formatting\" >\n\t\t<div class=\"wpb_wrapper\">\n\t\t\t\n\t\t<\/div>\n\t<\/div>\n<\/div><\/div><\/div><\/div><\/div><div class=\"vc-row-container container\"><div class=\"vc_row wpb_row vc_row-fluid\"><div class=\"wpb_column vc_column_container vc_col-sm-12\"><div class=\"vc_column-inner\"><div class=\"wpb_wrapper\">\n\t<div class=\"wpb_text_column wpb_content_element post-formatting\" >\n\t\t<div class=\"wpb_wrapper\">\n\t\t\t\n\t\t<\/div>\n\t<\/div>\n<\/div><\/div><\/div><\/div><\/div>\n<\/div>","protected":false},"excerpt":{"rendered":"Our Services for Member Hotels At Sensation Hotels, we bring together exceptional hotels, innovative sales &amp; marketing strategies, exclusive events, and a powerful network to elevate the visibility and reputation of our member hotels. Our comprehensive services are designed to connect your property with discerning travelers, industry leaders, and a global community of hospitality professionals.&hellip;","protected":false},"author":1,"featured_media":0,"parent":0,"menu_order":0,"comment_status":"closed","ping_status":"closed","template":"","meta":{"_acf_changed":false,"footnotes":""},"class_list":["post-3581","page","type-page","status-publish","hentry"],"acf":[],"yoast_head":"<!-- This site is optimized with the Yoast SEO plugin v25.8 - https:\/\/yoast.com\/wordpress\/plugins\/seo\/ -->\n<title>Service for Member Hotels - Sensation Hotels<\/title>\n<meta name=\"robots\" content=\"index, follow, max-snippet:-1, max-image-preview:large, max-video-preview:-1\" \/>\n<link rel=\"canonical\" href=\"https:\/\/sensationhotels.com\/de\/members\/\" \/>\n<meta property=\"og:locale\" content=\"de_DE\" \/>\n<meta property=\"og:type\" content=\"article\" \/>\n<meta property=\"og:title\" content=\"Service for Member Hotels - Sensation Hotels\" \/>\n<meta property=\"og:url\" content=\"https:\/\/sensationhotels.com\/de\/members\/\" \/>\n<meta property=\"og:site_name\" content=\"Sensation Hotels\" \/>\n<meta name=\"twitter:card\" content=\"summary_large_image\" \/>\n<meta name=\"twitter:label1\" content=\"Gesch\u00e4tzte Lesezeit\" \/>\n\t<meta name=\"twitter:data1\" content=\"3\u00a0Minuten\" \/>\n<!-- \/ Yoast SEO plugin. -->","yoast_head_json":{"title":"Service for Member Hotels - Sensation Hotels","robots":{"index":"index","follow":"follow","max-snippet":"max-snippet:-1","max-image-preview":"max-image-preview:large","max-video-preview":"max-video-preview:-1"},"canonical":"https:\/\/sensationhotels.com\/de\/members\/","og_locale":"de_DE","og_type":"article","og_title":"Service for Member Hotels - Sensation Hotels","og_url":"https:\/\/sensationhotels.com\/de\/members\/","og_site_name":"Sensation Hotels","twitter_card":"summary_large_image","twitter_misc":{"Gesch\u00e4tzte Lesezeit":"3\u00a0Minuten"},"schema":{"@context":"https:\/\/schema.org","@graph":[{"@type":"WebPage","@id":"https:\/\/sensationhotels.com\/members\/","url":"https:\/\/sensationhotels.com\/members\/","name":"Service for Member Hotels - Sensation Hotels","isPartOf":{"@id":"https:\/\/sensationhotels.com\/#website"},"datePublished":"2022-10-13T02:53:06+00:00","dateModified":"2025-07-06T06:55:33+00:00","breadcrumb":{"@id":"https:\/\/sensationhotels.com\/members\/#breadcrumb"},"inLanguage":"de","potentialAction":[{"@type":"ReadAction","target":["https:\/\/sensationhotels.com\/members\/"]}]},{"@type":"BreadcrumbList","@id":"https:\/\/sensationhotels.com\/members\/#breadcrumb","itemListElement":[{"@type":"ListItem","position":1,"name":"Home","item":"https:\/\/sensationhotels.com\/"},{"@type":"ListItem","position":2,"name":"Service for Member Hotels"}]},{"@type":"WebSite","@id":"https:\/\/sensationhotels.com\/#website","url":"https:\/\/sensationhotels.com\/","name":"Sensation Hotels","description":"","potentialAction":[{"@type":"SearchAction","target":{"@type":"EntryPoint","urlTemplate":"https:\/\/sensationhotels.com\/?s={search_term_string}"},"query-input":{"@type":"PropertyValueSpecification","valueRequired":true,"valueName":"search_term_string"}}],"inLanguage":"de"}]}},"_links":{"self":[{"href":"https:\/\/sensationhotels.com\/de\/wp-json\/wp\/v2\/pages\/3581","targetHints":{"allow":["GET"]}}],"collection":[{"href":"https:\/\/sensationhotels.com\/de\/wp-json\/wp\/v2\/pages"}],"about":[{"href":"https:\/\/sensationhotels.com\/de\/wp-json\/wp\/v2\/types\/page"}],"author":[{"embeddable":true,"href":"https:\/\/sensationhotels.com\/de\/wp-json\/wp\/v2\/users\/1"}],"replies":[{"embeddable":true,"href":"https:\/\/sensationhotels.com\/de\/wp-json\/wp\/v2\/comments?post=3581"}],"version-history":[{"count":17,"href":"https:\/\/sensationhotels.com\/de\/wp-json\/wp\/v2\/pages\/3581\/revisions"}],"predecessor-version":[{"id":4962,"href":"https:\/\/sensationhotels.com\/de\/wp-json\/wp\/v2\/pages\/3581\/revisions\/4962"}],"wp:attachment":[{"href":"https:\/\/sensationhotels.com\/de\/wp-json\/wp\/v2\/media?parent=3581"}],"curies":[{"name":"wp","href":"https:\/\/api.w.org\/{rel}","templated":true}]}}