{"id":3583,"date":"2022-10-13T02:53:47","date_gmt":"2022-10-13T02:53:47","guid":{"rendered":"https:\/\/project.sensationhotels.com\/?page_id=3583"},"modified":"2025-02-05T16:38:29","modified_gmt":"2025-02-05T16:38:29","slug":"imprint","status":"publish","type":"page","link":"https:\/\/sensationhotels.com\/de\/imprint\/","title":{"rendered":"Impressum"},"content":{"rendered":"<div class=\"wpb-content-wrapper\"><div class=\"vc-row-container container\"><div class=\"vc_row wpb_row vc_row-fluid\"><div class=\"wpb_column vc_column_container vc_col-sm-12\"><div class=\"vc_column-inner\"><div class=\"wpb_wrapper\"><\/div><\/div><\/div><\/div><\/div><div class=\"vc-row-container container\"><div class=\"vc_row wpb_row vc_row-fluid\"><div class=\"wpb_column vc_column_container vc_col-sm-12\"><div class=\"vc_column-inner\"><div class=\"wpb_wrapper\"><div class=\"section-title  align-left\">\n    <h2>Impressum<\/h2>\n<\/div>\n\t<div class=\"wpb_text_column wpb_content_element post-formatting\" >\n\t\t<div class=\"wpb_wrapper\">\n\t\t\t<p>Angaben gem\u00e4\u00df \u00a7 5 TMG (Telemediengesetz):<br \/>\nSensation Hotels<br \/>\nCzernyring 40<br \/>\n69115 Heidelberg<\/p>\n<p>Vertreten durch:<br \/>\nJohannes Fritz Groebler<\/p>\n<p>Kontakt:<br \/>\nE-Mail: <a href=\"mailto:mail@sensationhotels.com\">mail@sensationhotels.com<\/a><br \/>\nTelefon: 0621 490 7670<\/p>\n<p>Umsatzsteuer-Identifikationsnummer gem\u00e4\u00df \u00a7 27 a Umsatzsteuergesetz:<br \/>\nDE292707414<\/p>\n<p>Verantwortlich f\u00fcr den Inhalt nach \u00a7 55 Abs. 2 RStV (Rundfunkstaatsvertrag):<br \/>\nJohannes Fritz Groebler<\/p>\n<p>Haftungsausschluss:<br \/>\nDie Inhalte dieser Website wurden mit gr\u00f6\u00dftm\u00f6glicher Sorgfalt erstellt. Dennoch \u00fcbernehmen wir keine Gew\u00e4hr f\u00fcr die Richtigkeit, Vollst\u00e4ndigkeit und Aktualit\u00e4t der Inhalte. Als Diensteanbieter sind wir gem\u00e4\u00df \u00a7 7 Abs. 1 TMG f\u00fcr eigene Inhalte auf dieser Website nach den allgemeinen Gesetzen verantwortlich. Nach \u00a7\u00a7 8 bis 10 TMG sind wir jedoch nicht verpflichtet, \u00fcbermittelte oder gespeicherte fremde Informationen zu \u00fcberwachen oder nach Umst\u00e4nden zu forschen, die auf eine rechtswidrige T\u00e4tigkeit hinweisen. Die Verpflichtung zur Entfernung oder Sperrung der Nutzung von Informationen nach den allgemeinen Gesetzen bleibt hiervon unber\u00fchrt. Eine diesbez\u00fcgliche Haftung ist jedoch erst ab dem Zeitpunkt der Kenntnis einer konkreten Rechtsverletzung m\u00f6glich. Bei Bekanntwerden entsprechender Rechtsverletzungen werden wir diese Inhalte umgehend entfernen.<\/p>\n<p>Haftung f\u00fcr Links:<br \/>\nUnsere Website enth\u00e4lt Links zu externen Websites Dritter, auf deren Inhalte wir keinen Einfluss haben. Deshalb k\u00f6nnen wir f\u00fcr diese fremden Inhalte auch keine Gew\u00e4hr \u00fcbernehmen. F\u00fcr die Inhalte der verlinkten Seiten ist stets der jeweilige Anbieter oder Betreiber der Seiten verantwortlich. Die verlinkten Seiten wurden zum Zeitpunkt der Verlinkung auf m\u00f6gliche Rechtsverst\u00f6\u00dfe \u00fcberpr\u00fcft. Rechtswidrige Inhalte waren zum Zeitpunkt der Verlinkung nicht erkennbar. Eine permanente Kontrolle der verlinkten Seiten ist jedoch ohne konkrete Anhaltspunkte einer Rechtsverletzung nicht zumutbar. Bei Bekanntwerden von Rechtsverletzungen werden wir derartige Links umgehend entfernen.<\/p>\n<p>Urheberrecht:<br \/>\nDie durch die Betreiber dieser Seite erstellten Inhalte und Werke unterliegen dem deutschen Urheberrecht. Beitr\u00e4ge Dritter sind entsprechend gekennzeichnet. Alle auf dieser Seite verwendeten Bilder wurden von den jeweiligen Hotels zur Verf\u00fcgung gestellt. Die Rechte an den Bildern liegen beim Hotel bzw. den Fotografen. Die Vervielf\u00e4ltigung, Bearbeitung, Verbreitung und jede Art der Verwertung au\u00dferhalb der Grenzen des Urheberrechts bed\u00fcrfen der schriftlichen Zustimmung des jeweiligen Autors bzw. Erstellers. Downloads und Kopien dieser Seite sind nicht gestattet.<\/p>\n<p>Datenschutz:<br \/>\nDie Nutzung unserer Website ist in der Regel ohne Angabe personenbezogener Daten m\u00f6glich. Soweit auf unseren Seiten personenbezogene Daten (z. B. Name, Anschrift oder E-Mail-Adressen) erhoben werden, erfolgt dies stets auf freiwilliger Basis. Diese Daten werden ohne Ihre ausdr\u00fcckliche Zustimmung nicht an Dritte weitergegeben. Weitere Informationen finden Sie in unserer Datenschutzerkl\u00e4rung.<\/p>\n\n\t\t<\/div>\n\t<\/div>\n<\/div><\/div><\/div><\/div><\/div><div class=\"vc-row-container container\"><div class=\"vc_row wpb_row vc_row-fluid\"><div class=\"wpb_column vc_column_container vc_col-sm-12\"><div class=\"vc_column-inner\"><div class=\"wpb_wrapper\"><\/div><\/div><\/div><\/div><\/div>\n<\/div>","protected":false},"excerpt":{"rendered":"Imprint Information pursuant to \u00a7 5 TMG (German Telemedia Act): Sensation Hotels Czernyring 40 69115 Heidelberg Represented by: Johannes Fritz Groebler Contact: Email: mail@sensationhotels.com Phone: +49 621 490 7670 VAT Identification Number pursuant to \u00a7 27 a of the German Value Added Tax Act: DE292707414 Responsible for the content according to \u00a7 55 Abs. 2&hellip;","protected":false},"author":1,"featured_media":0,"parent":0,"menu_order":0,"comment_status":"closed","ping_status":"closed","template":"","meta":{"_acf_changed":false,"footnotes":""},"class_list":["post-3583","page","type-page","status-publish","hentry"],"acf":[],"yoast_head":"<!-- This site is optimized with the Yoast SEO plugin v25.8 - https:\/\/yoast.com\/wordpress\/plugins\/seo\/ -->\n<title>Imprint - Sensation Hotels<\/title>\n<meta name=\"robots\" content=\"index, follow, max-snippet:-1, max-image-preview:large, max-video-preview:-1\" \/>\n<link rel=\"canonical\" href=\"https:\/\/sensationhotels.com\/de\/imprint\/\" \/>\n<meta property=\"og:locale\" content=\"de_DE\" \/>\n<meta property=\"og:type\" content=\"article\" \/>\n<meta property=\"og:title\" content=\"Imprint - Sensation Hotels\" \/>\n<meta property=\"og:url\" content=\"https:\/\/sensationhotels.com\/de\/imprint\/\" \/>\n<meta property=\"og:site_name\" content=\"Sensation Hotels\" \/>\n<meta name=\"twitter:card\" content=\"summary_large_image\" \/>\n<meta name=\"twitter:label1\" content=\"Gesch\u00e4tzte Lesezeit\" \/>\n\t<meta name=\"twitter:data1\" content=\"2\u00a0Minuten\" \/>\n<!-- \/ Yoast SEO plugin. -->","yoast_head_json":{"title":"Imprint - Sensation Hotels","robots":{"index":"index","follow":"follow","max-snippet":"max-snippet:-1","max-image-preview":"max-image-preview:large","max-video-preview":"max-video-preview:-1"},"canonical":"https:\/\/sensationhotels.com\/de\/imprint\/","og_locale":"de_DE","og_type":"article","og_title":"Imprint - Sensation Hotels","og_url":"https:\/\/sensationhotels.com\/de\/imprint\/","og_site_name":"Sensation Hotels","twitter_card":"summary_large_image","twitter_misc":{"Gesch\u00e4tzte Lesezeit":"2\u00a0Minuten"},"schema":{"@context":"https:\/\/schema.org","@graph":[{"@type":"WebPage","@id":"https:\/\/sensationhotels.com\/imprint\/","url":"https:\/\/sensationhotels.com\/imprint\/","name":"Imprint - Sensation Hotels","isPartOf":{"@id":"https:\/\/sensationhotels.com\/#website"},"datePublished":"2022-10-13T02:53:47+00:00","dateModified":"2025-02-05T16:38:29+00:00","breadcrumb":{"@id":"https:\/\/sensationhotels.com\/imprint\/#breadcrumb"},"inLanguage":"de","potentialAction":[{"@type":"ReadAction","target":["https:\/\/sensationhotels.com\/imprint\/"]}]},{"@type":"BreadcrumbList","@id":"https:\/\/sensationhotels.com\/imprint\/#breadcrumb","itemListElement":[{"@type":"ListItem","position":1,"name":"Home","item":"https:\/\/sensationhotels.com\/"},{"@type":"ListItem","position":2,"name":"Imprint"}]},{"@type":"WebSite","@id":"https:\/\/sensationhotels.com\/#website","url":"https:\/\/sensationhotels.com\/","name":"Sensation Hotels","description":"","potentialAction":[{"@type":"SearchAction","target":{"@type":"EntryPoint","urlTemplate":"https:\/\/sensationhotels.com\/?s={search_term_string}"},"query-input":{"@type":"PropertyValueSpecification","valueRequired":true,"valueName":"search_term_string"}}],"inLanguage":"de"}]}},"_links":{"self":[{"href":"https:\/\/sensationhotels.com\/de\/wp-json\/wp\/v2\/pages\/3583","targetHints":{"allow":["GET"]}}],"collection":[{"href":"https:\/\/sensationhotels.com\/de\/wp-json\/wp\/v2\/pages"}],"about":[{"href":"https:\/\/sensationhotels.com\/de\/wp-json\/wp\/v2\/types\/page"}],"author":[{"embeddable":true,"href":"https:\/\/sensationhotels.com\/de\/wp-json\/wp\/v2\/users\/1"}],"replies":[{"embeddable":true,"href":"https:\/\/sensationhotels.com\/de\/wp-json\/wp\/v2\/comments?post=3583"}],"version-history":[{"count":7,"href":"https:\/\/sensationhotels.com\/de\/wp-json\/wp\/v2\/pages\/3583\/revisions"}],"predecessor-version":[{"id":4877,"href":"https:\/\/sensationhotels.com\/de\/wp-json\/wp\/v2\/pages\/3583\/revisions\/4877"}],"wp:attachment":[{"href":"https:\/\/sensationhotels.com\/de\/wp-json\/wp\/v2\/media?parent=3583"}],"curies":[{"name":"wp","href":"https:\/\/api.w.org\/{rel}","templated":true}]}}