{"id":3791,"date":"2025-01-27T15:28:10","date_gmt":"2025-01-27T15:28:10","guid":{"rendered":"https:\/\/project.sensationhotels.com\/?page_id=3791"},"modified":"2025-02-02T10:49:26","modified_gmt":"2025-02-02T10:49:26","slug":"exhibitions","status":"publish","type":"page","link":"https:\/\/sensationhotels.com\/de\/exhibitions\/","title":{"rendered":"Messen und Ausstellungen"},"content":{"rendered":"<div class=\"wpb-content-wrapper\"><div class=\"vc-row-container container\"><div class=\"vc_row wpb_row vc_row-fluid vc_custom_1737723188992\"><div class=\"wpb_column vc_column_container vc_col-sm-6\"><div class=\"vc_column-inner\"><div class=\"wpb_wrapper\">\n\t<div  class=\"wpb_single_image wpb_content_element vc_align_center wpb_content_element\">\n\t\t\n\t\t<figure class=\"wpb_wrapper vc_figure\">\n\t\t\t<div class=\"vc_single_image-wrapper   vc_box_border_grey\"><img fetchpriority=\"high\" decoding=\"async\" width=\"556\" height=\"1200\" src=\"https:\/\/sensationhotels.com\/wp-content\/uploads\/2025\/02\/sensation-hotels-the-smallest-hotel-book-of-the-world-member-services-for-hotels-hotel-network.png\" class=\"vc_single_image-img attachment-full\" alt=\"\" title=\"sensation hotels - the smallest hotel book of the world - member services for hotels - hotel network\" srcset=\"https:\/\/sensationhotels.com\/wp-content\/uploads\/2025\/02\/sensation-hotels-the-smallest-hotel-book-of-the-world-member-services-for-hotels-hotel-network.png 556w, https:\/\/sensationhotels.com\/wp-content\/uploads\/2025\/02\/sensation-hotels-the-smallest-hotel-book-of-the-world-member-services-for-hotels-hotel-network-139x300.png 139w, https:\/\/sensationhotels.com\/wp-content\/uploads\/2025\/02\/sensation-hotels-the-smallest-hotel-book-of-the-world-member-services-for-hotels-hotel-network-474x1024.png 474w, https:\/\/sensationhotels.com\/wp-content\/uploads\/2025\/02\/sensation-hotels-the-smallest-hotel-book-of-the-world-member-services-for-hotels-hotel-network-6x12.png 6w\" sizes=\"(max-width: 556px) 100vw, 556px\" \/><\/div>\n\t\t<\/figure>\n\t<\/div>\n<\/div><\/div><\/div><div class=\"wpb_column vc_column_container vc_col-sm-6\"><div class=\"vc_column-inner\"><div class=\"wpb_wrapper\"><div class=\"section-title  align-left\">\n    <h2>Messen und Ausstellungen<\/h2>\n<\/div>\n\t<div class=\"wpb_text_column wpb_content_element post-formatting\" >\n\t\t<div class=\"wpb_wrapper\">\n\t\t\t<p>Seit 2015 ist Sensation Hotels auf den wichtigsten Fachmessen und Ausstellungen der Hospitality-Branche weltweit vertreten \u2013 sei es f\u00fcr Hotelvertrieb und Marketing oder zum Aufbau wertvoller Partnerschaften. Diese Veranstaltungen bieten uns die perfekte Plattform, um mit Branchenprofis in Kontakt zu treten, unser kuratiertes Hotelportfolio zu pr\u00e4sentieren und am Puls der neuesten Trends und Innovationen in der Hotellerie zu bleiben. Wir freuen uns, potenzielle Partner, Kollaborateure und Kunden bei diesen renommierten Events zu treffen.<\/p>\n<p>&nbsp;<\/p>\n<p><strong>ITB Berlin<\/strong><br \/>\nAls eine der gr\u00f6\u00dften und einflussreichsten Reisemessen weltweit vereint die ITB Berlin Fachleute aus der globalen Reise- und Hospitality-Branche. Hier kn\u00fcpfen wir Kontakte zu Hoteliers, Reiseb\u00fcros und Branchenf\u00fchrern, erweitern unser Netzwerk und diskutieren \u00fcber innovative Trends, die die Zukunft der Hotellerie pr\u00e4gen.<br \/>\n<a href=\"https:\/\/www.itb-berlin.de\" target=\"_blank\" rel=\"noopener\">Visit ITB Berlin<\/a><\/p>\n<p>&nbsp;<\/p>\n<p><strong>IMEX Frankfurt<\/strong><br \/>\nDie IMEX ist eine bedeutende Veranstaltung f\u00fcr Fachleute im Bereich Meetings, Incentives, Konferenzen und Events (MICE). Sie bietet eine au\u00dfergew\u00f6hnliche Gelegenheit, sich mit internationalen Eventplanern, Anbietern und Partnern zu vernetzen. Sensation Hotels nimmt stolz teil, um unsere einzigartigen Locations f\u00fcr kleine, exklusive Veranstaltungen hervorzuheben und Beziehungen innerhalb der MICE-Branche aufzubauen.<br \/>\n<a href=\"https:\/\/www.imex-frankfurt.com\" target=\"_blank\" rel=\"noopener\">Visit IMEX<\/a><\/p>\n<p>&nbsp;<\/p>\n<p><strong>Internorga Hamburg<\/strong><br \/>\nDie Internorga in Hamburg geh\u00f6rt zu den f\u00fchrenden Fachmessen Europas f\u00fcr die Hospitality- und Gastronomiebranche. Sie pr\u00e4sentiert die neuesten Innovationen in den Bereichen Hotelmanagement, Design sowie Food &amp; Beverage und ist essenziell, um den sich wandelnden Anforderungen der Branche gerecht zu werden.<br \/>\n<a href=\"https:\/\/www.internorga.com\" target=\"_blank\" rel=\"noopener\">Visit Internorga<\/a><\/p>\n<p>&nbsp;<\/p>\n<p><strong>Intergastra Stuttgart<\/strong><br \/>\nDie Intergastra ist eine renommierte Fachmesse f\u00fcr Hospitality-Profis mit Fokus auf Restaurant- und Hoteltechnik, Design und Management. Wir besuchen die Intergastra, um aktuelle Branchentrends zu verfolgen und neue L\u00f6sungen f\u00fcr Hotelbetriebe und G\u00e4steerlebnisse zu entdecken.<br \/>\n<a href=\"https:\/\/www.intergastra.de\" target=\"_blank\" rel=\"noopener\">Visit Intergastra<\/a><\/p>\n<p>&nbsp;<\/p>\n<p><strong>EquipHotel Paris<\/strong><br \/>\nDie EquipHotel in Paris ist eine f\u00fchrende Messe f\u00fcr Hotel- und Gastronomieprofis. Sie bringt Anbieter und Hoteliers zusammen, um die neuesten Entwicklungen in den Bereichen Hoteleinrichtung, Design und Technologie zu entdecken. Sensation Hotels nimmt teil, um innovative Marken und Partner zu treffen, die zu unserer Vision passen.<br \/>\n<a href=\"https:\/\/www.equiphotel.com\" target=\"_blank\" rel=\"noopener\">Visit EquipHotel<\/a><\/p>\n<p>&nbsp;<\/p>\n<p><strong>GAST Salzburg<\/strong><br \/>\nDie in \u00d6sterreich stattfindende GAST Salzburg ist eine bedeutende Veranstaltung f\u00fcr Fachleute der Hospitality-Branche in der DACH-Region. Wir nehmen teil, um uns mit Branchenf\u00fchrern auszutauschen und Einblicke in die neuesten Trends in den Bereichen Hoteltechnik, Design und Gastronomie zu gewinnen.<br \/>\n<a href=\"https:\/\/www.gastsalzburg.at\" target=\"_blank\" rel=\"noopener\">Visit GAST Salzburg<\/a><\/p>\n<p>&nbsp;<\/p>\n<p><strong>IBTM World<\/strong><br \/>\nDie IBTM World ist eine der f\u00fchrenden Veranstaltungen f\u00fcr die globale MICE-Branche. Sie bietet uns eine ideale Plattform, um Sensation Hotels als perfekte Location f\u00fcr hochwertige, kleine Veranstaltungen zu pr\u00e4sentieren und dauerhafte Partnerschaften aufzubauen.<br \/>\n<a href=\"https:\/\/www.ibtmworld.com\" target=\"_blank\" rel=\"noopener\">Visit IBTM World<\/a><\/p>\n<p>&nbsp;<\/p>\n<p><strong>ILTM Cannes 2024<\/strong><br \/>\nDer International Luxury Travel Market (ILTM) in Cannes ist eine prestigetr\u00e4chtige Veranstaltung f\u00fcr den Luxusreisemarkt. Sie bietet uns eine au\u00dfergew\u00f6hnliche Gelegenheit, mit Luxusreiseagenturen, Hoteliers und Entscheidungstr\u00e4gern zu netzwerken und unsere Pr\u00e4senz im exklusiven Reise- und Hospitality-Sektor weiter zu st\u00e4rken.<br \/>\n<a href=\"https:\/\/www.iltm.com\" target=\"_blank\" rel=\"noopener\">Visit ILTM Cannes<\/a><\/p>\n\n\t\t<\/div>\n\t<\/div>\n<\/div><\/div><\/div><\/div><\/div>\n<\/div>","protected":false},"excerpt":{"rendered":"Fairs, Exhibitions &amp; Events Since 2015, Sensation Hotels has been visting and\/or actively participating in key hospitality fairs and exhibitions worldwide, both for hotel sales and marketing, as well as forging valuable partnerships. These events provide us with the perfect platform to connect with industry professionals, showcase our curated hotel portfolio, and stay at the&hellip;","protected":false},"author":1,"featured_media":0,"parent":0,"menu_order":0,"comment_status":"closed","ping_status":"closed","template":"","meta":{"_acf_changed":false,"footnotes":""},"class_list":["post-3791","page","type-page","status-publish","hentry"],"acf":[],"yoast_head":"<!-- This site is optimized with the Yoast SEO plugin v25.8 - https:\/\/yoast.com\/wordpress\/plugins\/seo\/ -->\n<title>Fairs and Exhibitions - Sensation Hotels<\/title>\n<meta name=\"robots\" content=\"index, follow, max-snippet:-1, max-image-preview:large, max-video-preview:-1\" \/>\n<link rel=\"canonical\" href=\"https:\/\/sensationhotels.com\/de\/exhibitions\/\" \/>\n<meta property=\"og:locale\" content=\"de_DE\" \/>\n<meta property=\"og:type\" content=\"article\" \/>\n<meta property=\"og:title\" content=\"Fairs and Exhibitions - Sensation Hotels\" \/>\n<meta property=\"og:url\" content=\"https:\/\/sensationhotels.com\/de\/exhibitions\/\" \/>\n<meta property=\"og:site_name\" content=\"Sensation Hotels\" \/>\n<meta name=\"twitter:card\" content=\"summary_large_image\" \/>\n<meta name=\"twitter:label1\" content=\"Gesch\u00e4tzte Lesezeit\" \/>\n\t<meta name=\"twitter:data1\" content=\"3\u00a0Minuten\" \/>\n<!-- \/ Yoast SEO plugin. -->","yoast_head_json":{"title":"Fairs and Exhibitions - Sensation Hotels","robots":{"index":"index","follow":"follow","max-snippet":"max-snippet:-1","max-image-preview":"max-image-preview:large","max-video-preview":"max-video-preview:-1"},"canonical":"https:\/\/sensationhotels.com\/de\/exhibitions\/","og_locale":"de_DE","og_type":"article","og_title":"Fairs and Exhibitions - Sensation Hotels","og_url":"https:\/\/sensationhotels.com\/de\/exhibitions\/","og_site_name":"Sensation Hotels","twitter_card":"summary_large_image","twitter_misc":{"Gesch\u00e4tzte Lesezeit":"3\u00a0Minuten"},"schema":{"@context":"https:\/\/schema.org","@graph":[{"@type":"WebPage","@id":"https:\/\/sensationhotels.com\/exhibitions\/","url":"https:\/\/sensationhotels.com\/exhibitions\/","name":"Fairs and Exhibitions - Sensation Hotels","isPartOf":{"@id":"https:\/\/sensationhotels.com\/#website"},"datePublished":"2025-01-27T15:28:10+00:00","dateModified":"2025-02-02T10:49:26+00:00","breadcrumb":{"@id":"https:\/\/sensationhotels.com\/exhibitions\/#breadcrumb"},"inLanguage":"de","potentialAction":[{"@type":"ReadAction","target":["https:\/\/sensationhotels.com\/exhibitions\/"]}]},{"@type":"BreadcrumbList","@id":"https:\/\/sensationhotels.com\/exhibitions\/#breadcrumb","itemListElement":[{"@type":"ListItem","position":1,"name":"Home","item":"https:\/\/sensationhotels.com\/"},{"@type":"ListItem","position":2,"name":"Fairs and Exhibitions"}]},{"@type":"WebSite","@id":"https:\/\/sensationhotels.com\/#website","url":"https:\/\/sensationhotels.com\/","name":"Sensation Hotels","description":"","potentialAction":[{"@type":"SearchAction","target":{"@type":"EntryPoint","urlTemplate":"https:\/\/sensationhotels.com\/?s={search_term_string}"},"query-input":{"@type":"PropertyValueSpecification","valueRequired":true,"valueName":"search_term_string"}}],"inLanguage":"de"}]}},"_links":{"self":[{"href":"https:\/\/sensationhotels.com\/de\/wp-json\/wp\/v2\/pages\/3791","targetHints":{"allow":["GET"]}}],"collection":[{"href":"https:\/\/sensationhotels.com\/de\/wp-json\/wp\/v2\/pages"}],"about":[{"href":"https:\/\/sensationhotels.com\/de\/wp-json\/wp\/v2\/types\/page"}],"author":[{"embeddable":true,"href":"https:\/\/sensationhotels.com\/de\/wp-json\/wp\/v2\/users\/1"}],"replies":[{"embeddable":true,"href":"https:\/\/sensationhotels.com\/de\/wp-json\/wp\/v2\/comments?post=3791"}],"version-history":[{"count":5,"href":"https:\/\/sensationhotels.com\/de\/wp-json\/wp\/v2\/pages\/3791\/revisions"}],"predecessor-version":[{"id":4139,"href":"https:\/\/sensationhotels.com\/de\/wp-json\/wp\/v2\/pages\/3791\/revisions\/4139"}],"wp:attachment":[{"href":"https:\/\/sensationhotels.com\/de\/wp-json\/wp\/v2\/media?parent=3791"}],"curies":[{"name":"wp","href":"https:\/\/api.w.org\/{rel}","templated":true}]}}