{"id":4173,"date":"2025-02-03T15:32:28","date_gmt":"2025-02-03T15:32:28","guid":{"rendered":"https:\/\/project.sensationhotels.com\/?page_id=4173"},"modified":"2025-02-07T08:22:43","modified_gmt":"2025-02-07T08:22:43","slug":"plan-a-exclusive-event","status":"publish","type":"page","link":"https:\/\/sensationhotels.com\/de\/plan-a-exclusive-event\/","title":{"rendered":"Plan a exclusive event"},"content":{"rendered":"<div class=\"wpb-content-wrapper\"><div class=\"vc-row-container container\"><div class=\"vc_row wpb_row vc_row-fluid\"><div class=\"wpb_column vc_column_container vc_col-sm-6\"><div class=\"vc_column-inner\"><div class=\"wpb_wrapper\">\n\t<div  class=\"wpb_single_image wpb_content_element vc_align_center wpb_content_element\">\n\t\t\n\t\t<figure class=\"wpb_wrapper vc_figure\">\n\t\t\t<div class=\"vc_single_image-wrapper   vc_box_border_grey\"><img fetchpriority=\"high\" decoding=\"async\" width=\"733\" height=\"1129\" src=\"https:\/\/sensationhotels.com\/wp-content\/uploads\/2025\/02\/hotels-for-small-exclusive-events-sensation-hotels-locations-for-events-venues-min.png\" class=\"vc_single_image-img attachment-full\" alt=\"\" title=\"hotels for small exclusive events - sensation hotels - locations for events - venues-min\" srcset=\"https:\/\/sensationhotels.com\/wp-content\/uploads\/2025\/02\/hotels-for-small-exclusive-events-sensation-hotels-locations-for-events-venues-min.png 733w, https:\/\/sensationhotels.com\/wp-content\/uploads\/2025\/02\/hotels-for-small-exclusive-events-sensation-hotels-locations-for-events-venues-min-195x300.png 195w, https:\/\/sensationhotels.com\/wp-content\/uploads\/2025\/02\/hotels-for-small-exclusive-events-sensation-hotels-locations-for-events-venues-min-665x1024.png 665w, https:\/\/sensationhotels.com\/wp-content\/uploads\/2025\/02\/hotels-for-small-exclusive-events-sensation-hotels-locations-for-events-venues-min-8x12.png 8w, https:\/\/sensationhotels.com\/wp-content\/uploads\/2025\/02\/hotels-for-small-exclusive-events-sensation-hotels-locations-for-events-venues-min-558x859.png 558w, https:\/\/sensationhotels.com\/wp-content\/uploads\/2025\/02\/hotels-for-small-exclusive-events-sensation-hotels-locations-for-events-venues-min-655x1009.png 655w, https:\/\/sensationhotels.com\/wp-content\/uploads\/2025\/02\/hotels-for-small-exclusive-events-sensation-hotels-locations-for-events-venues-min-600x924.png 600w\" sizes=\"(max-width: 733px) 100vw, 733px\" \/><\/div>\n\t\t<\/figure>\n\t<\/div>\n<\/div><\/div><\/div><div class=\"wpb_column vc_column_container vc_col-sm-6\"><div class=\"vc_column-inner\"><div class=\"wpb_wrapper\"><div class=\"section-title  align-left\" id=\"align-left\">\n    <h2>Exklusive Event Planung<\/h2>\n<\/div>\n\t<div class=\"wpb_text_column wpb_content_element post-formatting\" >\n\t\t<div class=\"wpb_wrapper\">\n\t\t\t<p class=\"translation-block\">Sie planen ein besonderes Event und suchen Unterst\u00fctzung? Wir sind f\u00fcr Sie da! Ob bei der Suche nach dem perfekten Hotel oder der idealen Location oder bei der vollst\u00e4ndigen Organisation \u2013 Sensation Hotels ist Ihr Partner f\u00fcr unvergessliche Erlebnisse.<\/p>\n<p>Wir sind auf die Planung und Betreuung einer Vielzahl exklusiver Events spezialisiert, darunter:<\/p>\n<ul>\n<li style=\"list-style-type: none;\">\n<ul>\n<li>Private Dinners<\/li>\n<li>Meetings &amp; Konferenzen<\/li>\n<li>Incentives<\/li>\n<li>Wein-Events<\/li>\n<li>Gastronomie-Workshops<\/li>\n<li>Produktpr\u00e4sentationen<\/li>\n<li>Hochzeiten<\/li>\n<li>Geburtstagsfeiern<\/li>\n<li>Corporate Retreats<\/li>\n<li>Exklusive Seminare<\/li>\n<li>Luxury Spa Days<\/li>\n<li>Caterings<\/li>\n<li>Kochkurse<\/li>\n<li>Kunstausstellungen<\/li>\n<li>Mode-Ausstellungen<\/li>\n<li>Themen-Galadinner<\/li>\n<li>Networking Events<\/li>\n<li>Leadership Retreats<\/li>\n<li>Private oder akustische Musikkonzerte<\/li>\n<li>Tastings (Wein, K\u00e4se, Schokolade etc.)<\/li>\n<li>Wellness Retreats<\/li>\n<li>Private Filmvorf\u00fchrungen<\/li>\n<li>Pop-up-Stores oder M\u00e4rkte<\/li>\n<li>und vieles mehr\u2026<\/li>\n<\/ul>\n<\/li>\n<\/ul>\n<p class=\"translation-block\">Lassen Sie uns Ihre Vision Wirklichkeit werden lassen! Kontaktieren Sie uns und beginnen wir gemeinsam mit der Planung Ihres n\u00e4chsten au\u00dfergew\u00f6hnlichen Events. Sensation Hotels verf\u00fcgt \u00fcber ein starkes Netzwerk aus Hoteliers und Gastronomie-Experten, das eine reibungslose Umsetzung und ma\u00dfgeschneiderte Erlebnisse garantiert. Kontakt: <a href=\"mailto:mail@sensationhotels.com\" target=\"_blank\" rel=\"noopener\" class=\"\">mail@sensationhotels.com<\/a><\/p>\n<p>&nbsp;<\/p>\n\n\t\t<\/div>\n\t<\/div>\n<\/div><\/div><\/div><\/div><\/div>\n<\/div>","protected":false},"excerpt":{"rendered":"Plan A Exclusive Event Are you looking for support in planning an event? We\u2019re here to help! Whether you need assistance finding the perfect hotel or venue or organizing every detail, Sensation Hotels is your partner in creating unforgettable experiences. We specialize in organizing and supporting a variety of exclusive events, including: Private Dinners Meetings&hellip;","protected":false},"author":1,"featured_media":4059,"parent":0,"menu_order":0,"comment_status":"closed","ping_status":"closed","template":"","meta":{"_acf_changed":false,"footnotes":""},"class_list":["post-4173","page","type-page","status-publish","has-post-thumbnail","hentry"],"acf":[],"yoast_head":"<!-- This site is optimized with the Yoast SEO plugin v25.8 - https:\/\/yoast.com\/wordpress\/plugins\/seo\/ -->\n<title>Plan a exclusive event - Sensation Hotels<\/title>\n<meta name=\"description\" content=\"Discover exclusive event planning with Sensation Hotels. With our network of top hoteliers and gastronomy experts, we help you find the perfect venue and create unforgettable experiences, from private dinners to corporate retreats. Let\u2019s make your event exceptional!\" \/>\n<meta name=\"robots\" content=\"index, follow, max-snippet:-1, max-image-preview:large, max-video-preview:-1\" \/>\n<link rel=\"canonical\" href=\"https:\/\/sensationhotels.com\/de\/plan-a-exclusive-event\/\" \/>\n<meta property=\"og:locale\" content=\"de_DE\" \/>\n<meta property=\"og:type\" content=\"article\" \/>\n<meta property=\"og:title\" content=\"Sensation Hotels - Plan a Exclusive Event\" \/>\n<meta property=\"og:description\" content=\"Discover exclusive event planning with Sensation Hotels. With our network of top hoteliers and gastronomy experts, we help you find the perfect venue and create unforgettable experiences, from private dinners to corporate retreats. Let\u2019s make your event exceptional!\" \/>\n<meta property=\"og:url\" content=\"https:\/\/sensationhotels.com\/de\/plan-a-exclusive-event\/\" \/>\n<meta property=\"og:site_name\" content=\"Sensation Hotels\" \/>\n<meta property=\"og:image\" content=\"https:\/\/sensationhotels.com\/wp-content\/uploads\/2015\/03\/Sensation-Hotels-Syte-Hotel-Mannheim-min.jpg\" \/>\n\t<meta property=\"og:image:width\" content=\"1000\" \/>\n\t<meta property=\"og:image:height\" content=\"667\" \/>\n\t<meta property=\"og:image:type\" content=\"image\/jpeg\" \/>\n<meta name=\"twitter:card\" content=\"summary_large_image\" \/>\n<meta name=\"twitter:title\" content=\"Sensation Hotels - Plan a Exclusive Event\" \/>\n<meta name=\"twitter:description\" content=\"Discover exclusive event planning with Sensation Hotels. With our network of top hoteliers and gastronomy experts, we help you find the perfect venue and create unforgettable experiences, from private dinners to corporate retreats. Let\u2019s make your event exceptional!\" \/>\n<meta name=\"twitter:image\" content=\"https:\/\/sensationhotels.com\/wp-content\/uploads\/2015\/03\/Sensation-Hotels-Syte-Hotel-Mannheim-min.jpg\" \/>\n<meta name=\"twitter:label1\" content=\"Gesch\u00e4tzte Lesezeit\" \/>\n\t<meta name=\"twitter:data1\" content=\"1\u00a0Minute\" \/>\n<!-- \/ Yoast SEO plugin. -->","yoast_head_json":{"title":"Plan a exclusive event - Sensation Hotels","description":"Discover exclusive event planning with Sensation Hotels. With our network of top hoteliers and gastronomy experts, we help you find the perfect venue and create unforgettable experiences, from private dinners to corporate retreats. Let\u2019s make your event exceptional!","robots":{"index":"index","follow":"follow","max-snippet":"max-snippet:-1","max-image-preview":"max-image-preview:large","max-video-preview":"max-video-preview:-1"},"canonical":"https:\/\/sensationhotels.com\/de\/plan-a-exclusive-event\/","og_locale":"de_DE","og_type":"article","og_title":"Sensation Hotels - Plan a Exclusive Event","og_description":"Discover exclusive event planning with Sensation Hotels. With our network of top hoteliers and gastronomy experts, we help you find the perfect venue and create unforgettable experiences, from private dinners to corporate retreats. Let\u2019s make your event exceptional!","og_url":"https:\/\/sensationhotels.com\/de\/plan-a-exclusive-event\/","og_site_name":"Sensation Hotels","og_image":[{"width":1000,"height":667,"url":"https:\/\/sensationhotels.com\/wp-content\/uploads\/2015\/03\/Sensation-Hotels-Syte-Hotel-Mannheim-min.jpg","type":"image\/jpeg"}],"twitter_card":"summary_large_image","twitter_title":"Sensation Hotels - Plan a Exclusive Event","twitter_description":"Discover exclusive event planning with Sensation Hotels. With our network of top hoteliers and gastronomy experts, we help you find the perfect venue and create unforgettable experiences, from private dinners to corporate retreats. Let\u2019s make your event exceptional!","twitter_image":"https:\/\/sensationhotels.com\/wp-content\/uploads\/2015\/03\/Sensation-Hotels-Syte-Hotel-Mannheim-min.jpg","twitter_misc":{"Gesch\u00e4tzte Lesezeit":"1\u00a0Minute"},"schema":{"@context":"https:\/\/schema.org","@graph":[{"@type":"WebPage","@id":"https:\/\/sensationhotels.com\/plan-a-exclusive-event\/","url":"https:\/\/sensationhotels.com\/plan-a-exclusive-event\/","name":"Plan a exclusive event - Sensation Hotels","isPartOf":{"@id":"https:\/\/sensationhotels.com\/#website"},"primaryImageOfPage":{"@id":"https:\/\/sensationhotels.com\/plan-a-exclusive-event\/#primaryimage"},"image":{"@id":"https:\/\/sensationhotels.com\/plan-a-exclusive-event\/#primaryimage"},"thumbnailUrl":"https:\/\/sensationhotels.com\/wp-content\/uploads\/2015\/03\/Sensation-Hotels-Syte-Hotel-Mannheim-min.jpg","datePublished":"2025-02-03T15:32:28+00:00","dateModified":"2025-02-07T08:22:43+00:00","description":"Discover exclusive event planning with Sensation Hotels. With our network of top hoteliers and gastronomy experts, we help you find the perfect venue and create unforgettable experiences, from private dinners to corporate retreats. Let\u2019s make your event exceptional!","breadcrumb":{"@id":"https:\/\/sensationhotels.com\/plan-a-exclusive-event\/#breadcrumb"},"inLanguage":"de","potentialAction":[{"@type":"ReadAction","target":["https:\/\/sensationhotels.com\/plan-a-exclusive-event\/"]}]},{"@type":"ImageObject","inLanguage":"de","@id":"https:\/\/sensationhotels.com\/plan-a-exclusive-event\/#primaryimage","url":"https:\/\/sensationhotels.com\/wp-content\/uploads\/2015\/03\/Sensation-Hotels-Syte-Hotel-Mannheim-min.jpg","contentUrl":"https:\/\/sensationhotels.com\/wp-content\/uploads\/2015\/03\/Sensation-Hotels-Syte-Hotel-Mannheim-min.jpg","width":1000,"height":667},{"@type":"BreadcrumbList","@id":"https:\/\/sensationhotels.com\/plan-a-exclusive-event\/#breadcrumb","itemListElement":[{"@type":"ListItem","position":1,"name":"Home","item":"https:\/\/sensationhotels.com\/"},{"@type":"ListItem","position":2,"name":"Plan a exclusive event"}]},{"@type":"WebSite","@id":"https:\/\/sensationhotels.com\/#website","url":"https:\/\/sensationhotels.com\/","name":"Sensation Hotels","description":"","potentialAction":[{"@type":"SearchAction","target":{"@type":"EntryPoint","urlTemplate":"https:\/\/sensationhotels.com\/?s={search_term_string}"},"query-input":{"@type":"PropertyValueSpecification","valueRequired":true,"valueName":"search_term_string"}}],"inLanguage":"de"}]}},"_links":{"self":[{"href":"https:\/\/sensationhotels.com\/de\/wp-json\/wp\/v2\/pages\/4173","targetHints":{"allow":["GET"]}}],"collection":[{"href":"https:\/\/sensationhotels.com\/de\/wp-json\/wp\/v2\/pages"}],"about":[{"href":"https:\/\/sensationhotels.com\/de\/wp-json\/wp\/v2\/types\/page"}],"author":[{"embeddable":true,"href":"https:\/\/sensationhotels.com\/de\/wp-json\/wp\/v2\/users\/1"}],"replies":[{"embeddable":true,"href":"https:\/\/sensationhotels.com\/de\/wp-json\/wp\/v2\/comments?post=4173"}],"version-history":[{"count":5,"href":"https:\/\/sensationhotels.com\/de\/wp-json\/wp\/v2\/pages\/4173\/revisions"}],"predecessor-version":[{"id":4239,"href":"https:\/\/sensationhotels.com\/de\/wp-json\/wp\/v2\/pages\/4173\/revisions\/4239"}],"wp:featuredmedia":[{"embeddable":true,"href":"https:\/\/sensationhotels.com\/de\/wp-json\/wp\/v2\/media\/4059"}],"wp:attachment":[{"href":"https:\/\/sensationhotels.com\/de\/wp-json\/wp\/v2\/media?parent=4173"}],"curies":[{"name":"wp","href":"https:\/\/api.w.org\/{rel}","templated":true}]}}