{"id":4240,"date":"2025-02-07T08:30:23","date_gmt":"2025-02-07T08:30:23","guid":{"rendered":"https:\/\/project.sensationhotels.com\/?page_id=4240"},"modified":"2025-02-12T06:50:22","modified_gmt":"2025-02-12T06:50:22","slug":"partners","status":"publish","type":"page","link":"https:\/\/sensationhotels.com\/de\/partners\/","title":{"rendered":"Partner"},"content":{"rendered":"<div class=\"wpb-content-wrapper\"><div class=\"vc-row-container container\"><div class=\"vc_row wpb_row vc_row-fluid\"><div class=\"wpb_column vc_column_container vc_col-sm-6\"><div class=\"vc_column-inner\"><div class=\"wpb_wrapper\">\n\t<div  class=\"wpb_single_image wpb_content_element vc_align_left wpb_content_element\">\n\t\t\n\t\t<figure class=\"wpb_wrapper vc_figure\">\n\t\t\t<div class=\"vc_single_image-wrapper   vc_box_border_grey\"><img fetchpriority=\"high\" decoding=\"async\" width=\"556\" height=\"1200\" src=\"https:\/\/sensationhotels.com\/wp-content\/uploads\/2025\/02\/sensation-hotels-the-smallest-hotel-book-of-the-world-member-services-for-hotels-hotel-network.png\" class=\"vc_single_image-img attachment-full\" alt=\"\" title=\"sensation hotels - the smallest hotel book of the world - member services for hotels - hotel network\" srcset=\"https:\/\/sensationhotels.com\/wp-content\/uploads\/2025\/02\/sensation-hotels-the-smallest-hotel-book-of-the-world-member-services-for-hotels-hotel-network.png 556w, https:\/\/sensationhotels.com\/wp-content\/uploads\/2025\/02\/sensation-hotels-the-smallest-hotel-book-of-the-world-member-services-for-hotels-hotel-network-139x300.png 139w, https:\/\/sensationhotels.com\/wp-content\/uploads\/2025\/02\/sensation-hotels-the-smallest-hotel-book-of-the-world-member-services-for-hotels-hotel-network-474x1024.png 474w, https:\/\/sensationhotels.com\/wp-content\/uploads\/2025\/02\/sensation-hotels-the-smallest-hotel-book-of-the-world-member-services-for-hotels-hotel-network-6x12.png 6w\" sizes=\"(max-width: 556px) 100vw, 556px\" \/><\/div>\n\t\t<\/figure>\n\t<\/div>\n<\/div><\/div><\/div><div class=\"wpb_column vc_column_container vc_col-sm-6\"><div class=\"vc_column-inner\"><div class=\"wpb_wrapper\"><div class=\"section-title  align-left\">\n    <h2>Partnerschaften &amp; Netzwerk<\/h2>\n<\/div>\n\t<div class=\"wpb_text_column wpb_content_element post-formatting\" >\n\t\t<div class=\"wpb_wrapper\">\n\t\t\t<p>Unsere Services f\u00fcr Partner-Marken: Bei Sensation Hotels arbeiten wir mit den weltweit renommiertesten Luxus- und Lifestyle-Marken zusammen und bieten ihnen eine exklusive Plattform, um mit anspruchsvollen Reisenden, erstklassigen Hotels und einem globalen Netzwerk von Hospitality-Profis in Kontakt zu treten. Unsere Partnerschaften gehen \u00fcber reine Sichtbarkeit hinaus \u2013 sie schaffen bedeutungsvolle Interaktionen zwischen Premium-Marken und au\u00dfergew\u00f6hnlichen Hotels und f\u00f6rdern Innovation, Reichweite und langfristigen Erfolg.<\/p>\n<p>Was wir f\u00fcr unsere Partner tun<\/p>\n<p style=\"padding-left: 40px;\"><strong>Pr\u00e4sentiert<\/strong><br \/>\nIhre Marke wird prominent \u00fcber unsere Kan\u00e4le pr\u00e4sentiert \u2013 einschlie\u00dflich unserer Website, Social Media und direkter Kooperationen mit unseren exklusiven Hotels. So erhalten Sie einzigartigen Zugang zu einer hochrelevanten Zielgruppe.<\/p>\n<p style=\"padding-left: 40px;\"><strong>Ver\u00f6ffentlicht<\/strong><br \/>\nIhr Unternehmen erscheint im Smallest Hotel Book of the World, einer weltweit anerkannten Publikation, die au\u00dfergew\u00f6hnliche Hotels und Premium-Marken vorstellt \u2013 und so eine distinguierte Klientel erreicht.<\/p>\n<p style=\"padding-left: 40px;\"><strong>Vermarktet<\/strong><br \/>\nDirekter Zugang zu Hotelbesitzern, Entscheidern und einflussreichen G\u00e4sten durch gezielte Marketingkampagnen, exklusive Newsletter und strategische Markenaktivierungen innerhalb unseres Netzwerks.<\/p>\n<p style=\"padding-left: 40px;\"><strong>Pr\u00e4sentiert<\/strong><br \/>\nWir stellen Ihre Marke auf ausgew\u00e4hlten Branchenevents, internationalen Messen und exklusiven Networking-Veranstaltungen vor \u2013 f\u00fcr maximale Sichtbarkeit in der Luxus- und Hospitality-Branche.<\/p>\n<p style=\"padding-left: 40px;\"><strong>Integriert<\/strong><br \/>\nIhre Produkte und Dienstleistungen werden nahtlos in die Sensation Hotels-Mitgliedshotels eingebunden, sodass G\u00e4ste Ihre Marke auf authentische und immersive Weise erleben k\u00f6nnen.<\/p>\n<p style=\"padding-left: 40px;\"><strong>Vernetzt<\/strong><br \/>\nWerden Sie Teil eines exklusiven Netzwerks aus Hoteliers, Designern, Lieferanten und Innovatoren und profitieren Sie von Kooperationen und Gesch\u00e4ftsm\u00f6glichkeiten, die gemeinsames Wachstum f\u00f6rdern.<\/p>\n<p>Bei Sensation Hotels glauben wir an die Kraft strategischer Partnerschaften. Wir bringen unser Netzwerk aus Hotels und Marken gezielt zusammen, um einzigartige Erlebnisse zu schaffen, die den Erwartungen anspruchsvoller Luxusreisender gerecht werden. Eine Partnerschaft mit uns bedeutet nicht nur Sichtbarkeit, sondern auch echte Interaktion mit einer Zielgruppe, die Exklusivit\u00e4t, Qualit\u00e4t und Authentizit\u00e4t sch\u00e4tzt.<\/p>\n\n\t\t<\/div>\n\t<\/div>\n<div class=\"section-title  align-left\">\n    <h2>Kontakt f\u00fcr Partnerschaften<\/h2>\n<\/div>\n\t<div class=\"wpb_text_column wpb_content_element post-formatting\" >\n\t\t<div class=\"wpb_wrapper\">\n\t\t\t<p>M\u00f6chten Sie Partner von Sensation Hotels werden und Teil unseres exklusiven Netzwerks von Luxushotels und Premium-Marken sein? Lassen Sie uns ins Gespr\u00e4ch kommen! Gemeinsam k\u00f6nnen wir au\u00dfergew\u00f6hnliche Erlebnisse schaffen und langfristigen Erfolg erzielen.<\/p>\n<p>Vereinbaren Sie einen Termin mit uns, um Partnerschaftsm\u00f6glichkeiten zu besprechen. Schreiben Sie uns eine E-Mail: <a href=\"mailto:mail@sensationhotels.com\">mail@sensationhotels.com<\/a><\/p>\n<p>Wir freuen uns auf die Zusammenarbeit!<\/p>\n\n\t\t<\/div>\n\t<\/div>\n<div class=\"section-title  align-left\">\n    <h2>Partner &amp; Sponsoren<\/h2>\n<\/div>\n\t<div class=\"wpb_text_column wpb_content_element post-formatting\" >\n\t\t<div class=\"wpb_wrapper\">\n\t\t\t<p>Wir danken unseren Partnern und Sponsoren f\u00fcr ihre Unterst\u00fctzung und Zusammenarbeit. Ihr Engagement und ihre Exzellenz helfen uns, au\u00dfergew\u00f6hnliche Erlebnisse bei Sensation Hotels zu schaffen. Ein besonderer Dank geht an:<\/p>\n<p><strong>Wempe <\/strong><a href=\"https:\/\/www.wempe.com\/\" target=\"_blank\" rel=\"noopener\"><strong>zur Wempe Homepage<\/strong><\/a><\/p>\n<p><strong>Mercedes Benz <\/strong><a href=\"https:\/\/www.mercedes-benz.com\/\" target=\"_blank\" rel=\"noopener\"><strong>zur Mercedes-Benz Homepage<\/strong><\/a><\/p>\n<p><strong>Wilson Golf <a href=\"https:\/\/www.wilson.com\/de-de\/golf\" target=\"_blank\" rel=\"noopener\">zur Wilson Golf Homepage<\/a><\/strong><\/p>\n<p><strong>Hapag-Lloyd Cruises <a href=\"https:\/\/www.hl-cruises.de\/\" target=\"_blank\" rel=\"noopener\">zur Hapag-Lloyd Homepage<\/a><\/strong><\/p>\n<p><strong>iClip <a href=\"http:\/\/www.i-clip.com\/\" target=\"_blank\" rel=\"noopener\">zur iClip Homepage<\/a><\/strong><\/p>\n<p><strong>Pletzsch Juwelier <\/strong><a href=\"https:\/\/www.pletzsch.de\/\" target=\"_blank\" rel=\"noopener\"><strong>zur Pletzsch Homepage<\/strong><\/a><\/p>\n<p><strong>Veltins <\/strong><a href=\"https:\/\/www.veltins.de\/\" target=\"_blank\" rel=\"noopener\"><strong>visit Veltins Homepage<\/strong><\/a><\/p>\n<p><strong>Harley-Davidson<\/strong> <a href=\"http:\/\/www.harley-davidson.com\" target=\"_blank\" rel=\"noopener\"><strong>visit Harley-Davidson Homepage<\/strong><\/a><\/p>\n<p><strong>Mo\u00ebt &amp; Chandon <\/strong><a href=\"https:\/\/www.moet.com\/\" target=\"_blank\" rel=\"noopener\"><strong>zur Mo\u00ebt &amp; Chandon Homepage<\/strong><\/a><\/p>\n<p><strong>Dom P\u00e9rignon <\/strong><a href=\"https:\/\/www.domperignon.com\/\" target=\"_blank\" rel=\"noopener\"><strong>zur Dom P\u00e9rignon Homepage<\/strong><\/a><\/p>\n\n\t\t<\/div>\n\t<\/div>\n<\/div><\/div><\/div><\/div><\/div><div class=\"vc-row-container container\"><div class=\"vc_row wpb_row vc_row-fluid\"><div class=\"wpb_column vc_column_container vc_col-sm-12\"><div class=\"vc_column-inner\"><div class=\"wpb_wrapper\">\n\t<div class=\"wpb_text_column wpb_content_element post-formatting\" >\n\t\t<div class=\"wpb_wrapper\">\n\t\t\t\n\t\t<\/div>\n\t<\/div>\n<\/div><\/div><\/div><\/div><\/div><div class=\"vc-row-container container\"><div class=\"vc_row wpb_row vc_row-fluid\"><div class=\"wpb_column vc_column_container vc_col-sm-6\"><div class=\"vc_column-inner\"><div class=\"wpb_wrapper\">\n\t<div  class=\"wpb_single_image wpb_content_element vc_align_left wpb_content_element\">\n\t\t\n\t\t<figure class=\"wpb_wrapper vc_figure\">\n\t\t\t<div class=\"vc_single_image-wrapper   vc_box_border_grey\"><img decoding=\"async\" width=\"800\" height=\"800\" src=\"https:\/\/sensationhotels.com\/wp-content\/uploads\/2025\/02\/Bild-Homepage-Sensation-Hotels-Member-Services-Hotels-Johannes-Fritz-Groebler-min.png\" class=\"vc_single_image-img attachment-full\" alt=\"\" title=\"Bild Homepage - Sensation Hotels - Member Services - Hotels - Johannes Fritz Groebler-min\" srcset=\"https:\/\/sensationhotels.com\/wp-content\/uploads\/2025\/02\/Bild-Homepage-Sensation-Hotels-Member-Services-Hotels-Johannes-Fritz-Groebler-min.png 800w, https:\/\/sensationhotels.com\/wp-content\/uploads\/2025\/02\/Bild-Homepage-Sensation-Hotels-Member-Services-Hotels-Johannes-Fritz-Groebler-min-300x300.png 300w, https:\/\/sensationhotels.com\/wp-content\/uploads\/2025\/02\/Bild-Homepage-Sensation-Hotels-Member-Services-Hotels-Johannes-Fritz-Groebler-min-150x150.png 150w, https:\/\/sensationhotels.com\/wp-content\/uploads\/2025\/02\/Bild-Homepage-Sensation-Hotels-Member-Services-Hotels-Johannes-Fritz-Groebler-min-768x768.png 768w, https:\/\/sensationhotels.com\/wp-content\/uploads\/2025\/02\/Bild-Homepage-Sensation-Hotels-Member-Services-Hotels-Johannes-Fritz-Groebler-min-12x12.png 12w, https:\/\/sensationhotels.com\/wp-content\/uploads\/2025\/02\/Bild-Homepage-Sensation-Hotels-Member-Services-Hotels-Johannes-Fritz-Groebler-min-468x468.png 468w, https:\/\/sensationhotels.com\/wp-content\/uploads\/2025\/02\/Bild-Homepage-Sensation-Hotels-Member-Services-Hotels-Johannes-Fritz-Groebler-min-558x558.png 558w, https:\/\/sensationhotels.com\/wp-content\/uploads\/2025\/02\/Bild-Homepage-Sensation-Hotels-Member-Services-Hotels-Johannes-Fritz-Groebler-min-655x655.png 655w, https:\/\/sensationhotels.com\/wp-content\/uploads\/2025\/02\/Bild-Homepage-Sensation-Hotels-Member-Services-Hotels-Johannes-Fritz-Groebler-min-600x600.png 600w, https:\/\/sensationhotels.com\/wp-content\/uploads\/2025\/02\/Bild-Homepage-Sensation-Hotels-Member-Services-Hotels-Johannes-Fritz-Groebler-min-220x220.png 220w\" sizes=\"(max-width: 800px) 100vw, 800px\" \/><\/div>\n\t\t<\/figure>\n\t<\/div>\n<\/div><\/div><\/div><div class=\"wpb_column vc_column_container vc_col-sm-6\"><div class=\"vc_column-inner\"><div class=\"wpb_wrapper\"><div class=\"section-title  align-left\">\n    <h2>Hotels in unserem Netzwerk<\/h2>\n<\/div>\n\t<div class=\"wpb_text_column wpb_content_element post-formatting\" >\n\t\t<div class=\"wpb_wrapper\">\n\t\t\t<p>Sensation Hotels ist eine handverlesene Kollektion einzigartiger, individueller und au\u00dfergew\u00f6hnlicher Hotels \u2013 jedes mit dem Anspruch, unvergessliche Erlebnisse zu schaffen. Wir vereinen die besten Boutique-, Luxus- und Designhotels aus aller Welt, die alle ein gemeinsames Ziel verfolgen: Reisenden etwas Besonderes und Pers\u00f6nliches zu bieten.<\/p>\n<p>Was Sensation Hotels auszeichnet, ist unser Engagement f\u00fcr Individualit\u00e4t, Authentizit\u00e4t und Kreativit\u00e4t. Jedes Hotel in unserem Portfolio wird sorgf\u00e4ltig aufgrund seines einzigartigen Charakters, exzellenten Services und seiner F\u00e4higkeit ausgew\u00e4hlt, unvergessliche Momente zu schaffen. Von innovativem Design bis hin zu herzlicher Gastfreundschaft \u2013 jede Unterkunft spiegelt die Besonderheiten ihres Standorts und ihre eigene Geschichte wider.<\/p>\n<p>Unsere Vision ist es, leidenschaftliche Hoteliers und Partner zu vernetzen, die die Hotellerie neu definieren und neue Ma\u00dfst\u00e4be f\u00fcr Exzellenz setzen wollen. Ob gem\u00fctliches Boutique-Hotel, vision\u00e4res Design-Refugium oder luxuri\u00f6se Bergh\u00fctte \u2013 Sensation Hotels bietet ein unvergleichliches Erlebnis.<\/p>\n\n\t\t<\/div>\n\t<\/div>\n<a href=\"https:\/\/sensationhotels.com\/de\/portfolio\/\" title=\"\" target=\"\" class=\"laborator-btn btn btn-index-1 btn-type-fliphover  btn-type-outlined btn-black btn-normal\">Hotelportfolio ansehen<\/a>\n<\/div><\/div><\/div><\/div><\/div>\n<\/div>","protected":false},"excerpt":{"rendered":"Partnerships &amp; Network Our Services for Partner Brands: At Sensation Hotels, we collaborate with the world\u2019s most distinguished luxury and lifestyle brands, providing them with an exclusive platform to connect with discerning travelers, high-end hotels, and a global network of hospitality professionals. Our partnerships go beyond visibility\u2014they create meaningful interactions between premium brands and exceptional&hellip;","protected":false},"author":1,"featured_media":3996,"parent":0,"menu_order":0,"comment_status":"closed","ping_status":"closed","template":"","meta":{"_acf_changed":false,"footnotes":""},"class_list":["post-4240","page","type-page","status-publish","has-post-thumbnail","hentry"],"acf":[],"yoast_head":"<!-- This site is optimized with the Yoast SEO plugin v25.8 - https:\/\/yoast.com\/wordpress\/plugins\/seo\/ -->\n<title>Partners - Sensation Hotels<\/title>\n<meta name=\"description\" content=\"Partner with Sensation Hotels and connect with a global network of luxury hotels and premium brands. Elevate your brand\u2019s visibility, engage with discerning travelers, and create exclusive experiences. Let&#039;s collaborate!\" \/>\n<meta name=\"robots\" content=\"index, follow, max-snippet:-1, max-image-preview:large, max-video-preview:-1\" \/>\n<link rel=\"canonical\" href=\"https:\/\/sensationhotels.com\/de\/partners\/\" \/>\n<meta property=\"og:locale\" content=\"de_DE\" \/>\n<meta property=\"og:type\" content=\"article\" \/>\n<meta property=\"og:title\" content=\"Sensation Hotels Partnership\" \/>\n<meta property=\"og:description\" content=\"Partner with Sensation Hotels and connect with a global network of luxury hotels and premium brands. Elevate your brand\u2019s visibility, engage with discerning travelers, and create exclusive experiences. Let&#039;s collaborate!\" \/>\n<meta property=\"og:url\" content=\"https:\/\/sensationhotels.com\/de\/partners\/\" \/>\n<meta property=\"og:site_name\" content=\"Sensation Hotels\" \/>\n<meta property=\"og:image\" content=\"https:\/\/sensationhotels.com\/wp-content\/uploads\/2025\/01\/Sensation-Hotels-Alila-Villas-Uluwatu-\u2013-Bali-Indonesia-outside-min_edited.jpg\" \/>\n\t<meta property=\"og:image:width\" content=\"1000\" \/>\n\t<meta property=\"og:image:height\" content=\"666\" \/>\n\t<meta property=\"og:image:type\" content=\"image\/jpeg\" \/>\n<meta name=\"twitter:card\" content=\"summary_large_image\" \/>\n<meta name=\"twitter:title\" content=\"Sensation Hotels Partnership\" \/>\n<meta name=\"twitter:description\" content=\"Partner with Sensation Hotels and connect with a global network of luxury hotels and premium brands. Elevate your brand\u2019s visibility, engage with discerning travelers, and create exclusive experiences. Let&#039;s collaborate!\" \/>\n<meta name=\"twitter:image\" content=\"https:\/\/sensationhotels.com\/wp-content\/uploads\/2025\/01\/Sensation-Hotels-Danai-Beach-Resort-Halkidiki-Greece-min.jpg\" \/>\n<meta name=\"twitter:label1\" content=\"Gesch\u00e4tzte Lesezeit\" \/>\n\t<meta name=\"twitter:data1\" content=\"3\u00a0Minuten\" \/>\n<!-- \/ Yoast SEO plugin. -->","yoast_head_json":{"title":"Partners - Sensation Hotels","description":"Partner with Sensation Hotels and connect with a global network of luxury hotels and premium brands. Elevate your brand\u2019s visibility, engage with discerning travelers, and create exclusive experiences. Let's collaborate!","robots":{"index":"index","follow":"follow","max-snippet":"max-snippet:-1","max-image-preview":"max-image-preview:large","max-video-preview":"max-video-preview:-1"},"canonical":"https:\/\/sensationhotels.com\/de\/partners\/","og_locale":"de_DE","og_type":"article","og_title":"Sensation Hotels Partnership","og_description":"Partner with Sensation Hotels and connect with a global network of luxury hotels and premium brands. Elevate your brand\u2019s visibility, engage with discerning travelers, and create exclusive experiences. Let's collaborate!","og_url":"https:\/\/sensationhotels.com\/de\/partners\/","og_site_name":"Sensation Hotels","og_image":[{"width":1000,"height":666,"url":"https:\/\/sensationhotels.com\/wp-content\/uploads\/2025\/01\/Sensation-Hotels-Alila-Villas-Uluwatu-\u2013-Bali-Indonesia-outside-min_edited.jpg","type":"image\/jpeg"}],"twitter_card":"summary_large_image","twitter_title":"Sensation Hotels Partnership","twitter_description":"Partner with Sensation Hotels and connect with a global network of luxury hotels and premium brands. Elevate your brand\u2019s visibility, engage with discerning travelers, and create exclusive experiences. Let's collaborate!","twitter_image":"https:\/\/sensationhotels.com\/wp-content\/uploads\/2025\/01\/Sensation-Hotels-Danai-Beach-Resort-Halkidiki-Greece-min.jpg","twitter_misc":{"Gesch\u00e4tzte Lesezeit":"3\u00a0Minuten"},"schema":{"@context":"https:\/\/schema.org","@graph":[{"@type":"WebPage","@id":"https:\/\/sensationhotels.com\/partners\/","url":"https:\/\/sensationhotels.com\/partners\/","name":"Partners - Sensation Hotels","isPartOf":{"@id":"https:\/\/sensationhotels.com\/#website"},"primaryImageOfPage":{"@id":"https:\/\/sensationhotels.com\/partners\/#primaryimage"},"image":{"@id":"https:\/\/sensationhotels.com\/partners\/#primaryimage"},"thumbnailUrl":"https:\/\/sensationhotels.com\/wp-content\/uploads\/2025\/01\/sensation-hotels-oneonly-montenegro-min.jpg","datePublished":"2025-02-07T08:30:23+00:00","dateModified":"2025-02-12T06:50:22+00:00","description":"Partner with Sensation Hotels and connect with a global network of luxury hotels and premium brands. Elevate your brand\u2019s visibility, engage with discerning travelers, and create exclusive experiences. Let's collaborate!","breadcrumb":{"@id":"https:\/\/sensationhotels.com\/partners\/#breadcrumb"},"inLanguage":"de","potentialAction":[{"@type":"ReadAction","target":["https:\/\/sensationhotels.com\/partners\/"]}]},{"@type":"ImageObject","inLanguage":"de","@id":"https:\/\/sensationhotels.com\/partners\/#primaryimage","url":"https:\/\/sensationhotels.com\/wp-content\/uploads\/2025\/01\/sensation-hotels-oneonly-montenegro-min.jpg","contentUrl":"https:\/\/sensationhotels.com\/wp-content\/uploads\/2025\/01\/sensation-hotels-oneonly-montenegro-min.jpg","width":1000,"height":628,"caption":"Photo credits: \u00a9 Rupert Peace for One&Only Portonovi"},{"@type":"BreadcrumbList","@id":"https:\/\/sensationhotels.com\/partners\/#breadcrumb","itemListElement":[{"@type":"ListItem","position":1,"name":"Home","item":"https:\/\/sensationhotels.com\/"},{"@type":"ListItem","position":2,"name":"Partners"}]},{"@type":"WebSite","@id":"https:\/\/sensationhotels.com\/#website","url":"https:\/\/sensationhotels.com\/","name":"Sensation Hotels","description":"","potentialAction":[{"@type":"SearchAction","target":{"@type":"EntryPoint","urlTemplate":"https:\/\/sensationhotels.com\/?s={search_term_string}"},"query-input":{"@type":"PropertyValueSpecification","valueRequired":true,"valueName":"search_term_string"}}],"inLanguage":"de"}]}},"_links":{"self":[{"href":"https:\/\/sensationhotels.com\/de\/wp-json\/wp\/v2\/pages\/4240","targetHints":{"allow":["GET"]}}],"collection":[{"href":"https:\/\/sensationhotels.com\/de\/wp-json\/wp\/v2\/pages"}],"about":[{"href":"https:\/\/sensationhotels.com\/de\/wp-json\/wp\/v2\/types\/page"}],"author":[{"embeddable":true,"href":"https:\/\/sensationhotels.com\/de\/wp-json\/wp\/v2\/users\/1"}],"replies":[{"embeddable":true,"href":"https:\/\/sensationhotels.com\/de\/wp-json\/wp\/v2\/comments?post=4240"}],"version-history":[{"count":13,"href":"https:\/\/sensationhotels.com\/de\/wp-json\/wp\/v2\/pages\/4240\/revisions"}],"predecessor-version":[{"id":4457,"href":"https:\/\/sensationhotels.com\/de\/wp-json\/wp\/v2\/pages\/4240\/revisions\/4457"}],"wp:featuredmedia":[{"embeddable":true,"href":"https:\/\/sensationhotels.com\/de\/wp-json\/wp\/v2\/media\/3996"}],"wp:attachment":[{"href":"https:\/\/sensationhotels.com\/de\/wp-json\/wp\/v2\/media?parent=4240"}],"curies":[{"name":"wp","href":"https:\/\/api.w.org\/{rel}","templated":true}]}}