{"id":4253,"date":"2025-02-07T13:18:54","date_gmt":"2025-02-07T13:18:54","guid":{"rendered":"https:\/\/project.sensationhotels.com\/?page_id=4253"},"modified":"2025-02-08T06:39:09","modified_gmt":"2025-02-08T06:39:09","slug":"partner-hapag-lloyd-cruises","status":"publish","type":"page","link":"https:\/\/sensationhotels.com\/de\/partner-hapag-lloyd-cruises\/","title":{"rendered":"Partner Hapag-Lloyd Cruises"},"content":{"rendered":"<div class=\"wpb-content-wrapper\"><div class=\"vc-row-container container\"><div class=\"vc_row wpb_row vc_row-fluid\"><div class=\"wpb_column vc_column_container vc_col-sm-8\"><div class=\"vc_column-inner\"><div class=\"wpb_wrapper\">\n\t<div  class=\"wpb_single_image wpb_content_element vc_align_center wpb_content_element\">\n\t\t\n\t\t<figure class=\"wpb_wrapper vc_figure\">\n\t\t\t<div class=\"vc_single_image-wrapper   vc_box_border_grey\"><img fetchpriority=\"high\" decoding=\"async\" width=\"844\" height=\"563\" src=\"https:\/\/sensationhotels.com\/wp-content\/uploads\/2025\/02\/Sensation-Hotels-Hapag-Lloyd-Cruises-Partnerschaft-all_edited-min.jpg\" class=\"vc_single_image-img attachment-full\" alt=\"\" title=\"Sensation Hotels - Hapag Lloyd Cruises - Partnerschaft - all_edited-min\" srcset=\"https:\/\/sensationhotels.com\/wp-content\/uploads\/2025\/02\/Sensation-Hotels-Hapag-Lloyd-Cruises-Partnerschaft-all_edited-min.jpg 844w, https:\/\/sensationhotels.com\/wp-content\/uploads\/2025\/02\/Sensation-Hotels-Hapag-Lloyd-Cruises-Partnerschaft-all_edited-min-300x200.jpg 300w, https:\/\/sensationhotels.com\/wp-content\/uploads\/2025\/02\/Sensation-Hotels-Hapag-Lloyd-Cruises-Partnerschaft-all_edited-min-768x512.jpg 768w, https:\/\/sensationhotels.com\/wp-content\/uploads\/2025\/02\/Sensation-Hotels-Hapag-Lloyd-Cruises-Partnerschaft-all_edited-min-18x12.jpg 18w, https:\/\/sensationhotels.com\/wp-content\/uploads\/2025\/02\/Sensation-Hotels-Hapag-Lloyd-Cruises-Partnerschaft-all_edited-min-806x538.jpg 806w, https:\/\/sensationhotels.com\/wp-content\/uploads\/2025\/02\/Sensation-Hotels-Hapag-Lloyd-Cruises-Partnerschaft-all_edited-min-558x372.jpg 558w, https:\/\/sensationhotels.com\/wp-content\/uploads\/2025\/02\/Sensation-Hotels-Hapag-Lloyd-Cruises-Partnerschaft-all_edited-min-655x437.jpg 655w, https:\/\/sensationhotels.com\/wp-content\/uploads\/2025\/02\/Sensation-Hotels-Hapag-Lloyd-Cruises-Partnerschaft-all_edited-min-600x400.jpg 600w\" sizes=\"(max-width: 844px) 100vw, 844px\" \/><\/div>\n\t\t<\/figure>\n\t<\/div>\n\n\t<div  class=\"wpb_single_image wpb_content_element vc_align_center wpb_content_element\">\n\t\t\n\t\t<figure class=\"wpb_wrapper vc_figure\">\n\t\t\t<div class=\"vc_single_image-wrapper   vc_box_border_grey\"><img decoding=\"async\" width=\"897\" height=\"598\" src=\"https:\/\/sensationhotels.com\/wp-content\/uploads\/2025\/02\/Sensation-Hotels-Hapag-Lloyd-Cruises-Partnerschaft_edited-min.jpg\" class=\"vc_single_image-img attachment-full\" alt=\"\" title=\"Sensation Hotels - Hapag Lloyd Cruises - Partnerschaft_edited-min\" srcset=\"https:\/\/sensationhotels.com\/wp-content\/uploads\/2025\/02\/Sensation-Hotels-Hapag-Lloyd-Cruises-Partnerschaft_edited-min.jpg 897w, https:\/\/sensationhotels.com\/wp-content\/uploads\/2025\/02\/Sensation-Hotels-Hapag-Lloyd-Cruises-Partnerschaft_edited-min-300x200.jpg 300w, https:\/\/sensationhotels.com\/wp-content\/uploads\/2025\/02\/Sensation-Hotels-Hapag-Lloyd-Cruises-Partnerschaft_edited-min-768x512.jpg 768w, https:\/\/sensationhotels.com\/wp-content\/uploads\/2025\/02\/Sensation-Hotels-Hapag-Lloyd-Cruises-Partnerschaft_edited-min-18x12.jpg 18w, https:\/\/sensationhotels.com\/wp-content\/uploads\/2025\/02\/Sensation-Hotels-Hapag-Lloyd-Cruises-Partnerschaft_edited-min-806x537.jpg 806w, https:\/\/sensationhotels.com\/wp-content\/uploads\/2025\/02\/Sensation-Hotels-Hapag-Lloyd-Cruises-Partnerschaft_edited-min-558x372.jpg 558w, https:\/\/sensationhotels.com\/wp-content\/uploads\/2025\/02\/Sensation-Hotels-Hapag-Lloyd-Cruises-Partnerschaft_edited-min-655x437.jpg 655w\" sizes=\"(max-width: 897px) 100vw, 897px\" \/><\/div>\n\t\t<\/figure>\n\t<\/div>\n\n\t<div  class=\"wpb_single_image wpb_content_element vc_align_center wpb_content_element\">\n\t\t\n\t\t<figure class=\"wpb_wrapper vc_figure\">\n\t\t\t<div class=\"vc_single_image-wrapper   vc_box_border_grey\"><img decoding=\"async\" width=\"1000\" height=\"667\" src=\"https:\/\/sensationhotels.com\/wp-content\/uploads\/2025\/02\/Sensation-Hotels-Hapag-Lloyd-Cruises-Partnerschaft-nature-min.jpg\" class=\"vc_single_image-img attachment-full\" alt=\"\" title=\"Sensation Hotels - Hapag Lloyd Cruises - Partnerschaft - nature-min\" srcset=\"https:\/\/sensationhotels.com\/wp-content\/uploads\/2025\/02\/Sensation-Hotels-Hapag-Lloyd-Cruises-Partnerschaft-nature-min.jpg 1000w, https:\/\/sensationhotels.com\/wp-content\/uploads\/2025\/02\/Sensation-Hotels-Hapag-Lloyd-Cruises-Partnerschaft-nature-min-300x200.jpg 300w, https:\/\/sensationhotels.com\/wp-content\/uploads\/2025\/02\/Sensation-Hotels-Hapag-Lloyd-Cruises-Partnerschaft-nature-min-768x512.jpg 768w, https:\/\/sensationhotels.com\/wp-content\/uploads\/2025\/02\/Sensation-Hotels-Hapag-Lloyd-Cruises-Partnerschaft-nature-min-18x12.jpg 18w, https:\/\/sensationhotels.com\/wp-content\/uploads\/2025\/02\/Sensation-Hotels-Hapag-Lloyd-Cruises-Partnerschaft-nature-min-806x538.jpg 806w, https:\/\/sensationhotels.com\/wp-content\/uploads\/2025\/02\/Sensation-Hotels-Hapag-Lloyd-Cruises-Partnerschaft-nature-min-558x372.jpg 558w, https:\/\/sensationhotels.com\/wp-content\/uploads\/2025\/02\/Sensation-Hotels-Hapag-Lloyd-Cruises-Partnerschaft-nature-min-655x437.jpg 655w\" sizes=\"(max-width: 1000px) 100vw, 1000px\" \/><\/div>\n\t\t<\/figure>\n\t<\/div>\n\n\t<div  class=\"wpb_single_image wpb_content_element vc_align_center wpb_content_element\">\n\t\t\n\t\t<figure class=\"wpb_wrapper vc_figure\">\n\t\t\t<div class=\"vc_single_image-wrapper   vc_box_border_grey\"><img loading=\"lazy\" decoding=\"async\" width=\"1000\" height=\"667\" src=\"https:\/\/sensationhotels.com\/wp-content\/uploads\/2025\/02\/Sensation-Hotels-Hapag-Lloyd-Cruises-Partnerschaft-new-york-city-min.jpg\" class=\"vc_single_image-img attachment-full\" alt=\"\" title=\"Sensation Hotels - Hapag Lloyd Cruises - Partnerschaft - new york city-min\" srcset=\"https:\/\/sensationhotels.com\/wp-content\/uploads\/2025\/02\/Sensation-Hotels-Hapag-Lloyd-Cruises-Partnerschaft-new-york-city-min.jpg 1000w, https:\/\/sensationhotels.com\/wp-content\/uploads\/2025\/02\/Sensation-Hotels-Hapag-Lloyd-Cruises-Partnerschaft-new-york-city-min-300x200.jpg 300w, https:\/\/sensationhotels.com\/wp-content\/uploads\/2025\/02\/Sensation-Hotels-Hapag-Lloyd-Cruises-Partnerschaft-new-york-city-min-768x512.jpg 768w, https:\/\/sensationhotels.com\/wp-content\/uploads\/2025\/02\/Sensation-Hotels-Hapag-Lloyd-Cruises-Partnerschaft-new-york-city-min-18x12.jpg 18w, https:\/\/sensationhotels.com\/wp-content\/uploads\/2025\/02\/Sensation-Hotels-Hapag-Lloyd-Cruises-Partnerschaft-new-york-city-min-806x538.jpg 806w, https:\/\/sensationhotels.com\/wp-content\/uploads\/2025\/02\/Sensation-Hotels-Hapag-Lloyd-Cruises-Partnerschaft-new-york-city-min-558x372.jpg 558w, https:\/\/sensationhotels.com\/wp-content\/uploads\/2025\/02\/Sensation-Hotels-Hapag-Lloyd-Cruises-Partnerschaft-new-york-city-min-655x437.jpg 655w\" sizes=\"(max-width: 1000px) 100vw, 1000px\" \/><\/div>\n\t\t<\/figure>\n\t<\/div>\n\n\t<div class=\"wpb_text_column wpb_content_element post-formatting\" >\n\t\t<div class=\"wpb_wrapper\">\n\t\t\t<p style=\"font-size: 12px; text-align: left;\">Photo credits: \u00a9 Hapag-Lloyd Cruises<\/p>\n\n\t\t<\/div>\n\t<\/div>\n\n\t<div  class=\"wpb_single_image wpb_content_element vc_align_center wpb_content_element\">\n\t\t\n\t\t<figure class=\"wpb_wrapper vc_figure\">\n\t\t\t<div class=\"vc_single_image-wrapper   vc_box_border_grey\"><img loading=\"lazy\" decoding=\"async\" width=\"1000\" height=\"485\" src=\"https:\/\/sensationhotels.com\/wp-content\/uploads\/2025\/02\/hapag-lloyd-sensation-hotels-the-smallest-hotel-book-of-the-world.png\" class=\"vc_single_image-img attachment-full\" alt=\"\" title=\"hapag lloyd - sensation hotels - the smallest hotel book of the world\" srcset=\"https:\/\/sensationhotels.com\/wp-content\/uploads\/2025\/02\/hapag-lloyd-sensation-hotels-the-smallest-hotel-book-of-the-world.png 1000w, https:\/\/sensationhotels.com\/wp-content\/uploads\/2025\/02\/hapag-lloyd-sensation-hotels-the-smallest-hotel-book-of-the-world-300x146.png 300w, https:\/\/sensationhotels.com\/wp-content\/uploads\/2025\/02\/hapag-lloyd-sensation-hotels-the-smallest-hotel-book-of-the-world-768x372.png 768w, https:\/\/sensationhotels.com\/wp-content\/uploads\/2025\/02\/hapag-lloyd-sensation-hotels-the-smallest-hotel-book-of-the-world-18x9.png 18w, https:\/\/sensationhotels.com\/wp-content\/uploads\/2025\/02\/hapag-lloyd-sensation-hotels-the-smallest-hotel-book-of-the-world-806x391.png 806w, https:\/\/sensationhotels.com\/wp-content\/uploads\/2025\/02\/hapag-lloyd-sensation-hotels-the-smallest-hotel-book-of-the-world-558x271.png 558w, https:\/\/sensationhotels.com\/wp-content\/uploads\/2025\/02\/hapag-lloyd-sensation-hotels-the-smallest-hotel-book-of-the-world-655x318.png 655w\" sizes=\"(max-width: 1000px) 100vw, 1000px\" \/><\/div>\n\t\t<\/figure>\n\t<\/div>\n<\/div><\/div><\/div><div class=\"wpb_column vc_column_container vc_col-sm-4\"><div class=\"vc_column-inner\"><div class=\"wpb_wrapper\"><div class=\"section-title  align-left\">\n    <h2>Hapag-Lloyd Cruises<\/h2>\n<\/div>\n\t<div class=\"wpb_text_column wpb_content_element post-formatting\" >\n\t\t<div class=\"wpb_wrapper\">\n\t\t\t<p>Lassen Sie Ihre Kreuzfahrttr\u00e4ume wahr werden. Hapag-Lloyd Cruises ist der f\u00fchrende Anbieter f\u00fcr Luxus- und Expeditionskreuzfahrten im deutschsprachigen Raum.<\/p>\n<p>Eine Traumkreuzfahrt kann so vieles sein: Eine Reise zu einem entlegenen Inselparadies, ein echtes Abenteuer im endlosen Eis oder eine Erkundungstour durch die wei\u00dfe Wunderwelt der Antarktis. Eine Safari durch Afrikas atemberaubende Tierwelt oder eine Entdeckungsreise entlang Europas rauer K\u00fcsten. Momente wie aus Tausendundeiner Nacht. Oder vielleicht tr\u00e4umen Sie von pulsierenden Metropolen oder entspannten Tagen in der Karibik?<\/p>\n<p>Erleben Sie ferne L\u00e4nder und Kontinente auf einzigartige Weise. Tauchen Sie ein in faszinierende Kulturen und lassen Sie sich von atemberaubenden Naturlandschaften begeistern. Genie\u00dfen Sie entspannte Tage voller exklusiver kulinarischer Erlebnisse. An Bord der Schiffe von Hapag-Lloyd Cruises entdecken Sie die Wunder dieser Welt aus spektakul\u00e4ren, neuen Perspektiven. Ganz gleich, f\u00fcr welche Kreuzfahrt Sie sich entscheiden \u2013 als Gast erwarten Sie unvergessliche Momente auf See, an Land und in der Luft.<\/p>\n<p>Die Schiffe von Hapag-Lloyd Cruises stehen f\u00fcr Exklusivit\u00e4t, Individualit\u00e4t und h\u00f6chste Standards: Die EUROPA-Klasse mit der EUROPA und der EUROPA 2 setzt Ma\u00dfst\u00e4be im Luxussegment. Beide Schiffe wurden vom Berlitz Cruise Guide als weltweit beste Luxusschiffe ausgezeichnet und sind die einzigen, die die h\u00f6chste Bewertung von 5-Sterne-Plus erhalten haben. Sie bieten exzellenten Service, eine herausragende Kulinarik und au\u00dfergew\u00f6hnliche Routen rund um den Globus.<\/p>\n<p>Auch im Expeditionsbereich setzt Hapag-Lloyd Cruises neue Ma\u00dfst\u00e4be mit drei hochmodernen Schiffen: Die HANSEATIC nature (5 Sterne*) und die HANSEATIC inspiration (5-Sterne-Standard**) wurden 2019 als erste Schiffe einer neuen Expeditionsklasse in Dienst gestellt. Im Mai 2021 folgte die HANSEATIC spirit. Sp\u00fcren Sie das Knacken des Eises, w\u00e4hrend Sie am Bug stehen, oder erleben Sie die dichten Mangrovenw\u00e4lder des Amazonas aus n\u00e4chster N\u00e4he. Mit der h\u00f6chsten Eisklasse und geringem Tiefgang sind diese Schiffe f\u00fcr Reisen in die Polarregionen ebenso geeignet wie f\u00fcr w\u00e4rmere Destinationen wie den Amazonas.<\/p>\n<p>Ein weiteres Highlight im Portfolio ist der luxuri\u00f6se Privatjet ALBERT BALLIN \u2013 die exklusivste Art zu reisen. Diese au\u00dfergew\u00f6hnlichen Flugrouten verbinden die faszinierendsten Regionen der Welt zu einem unvergleichlichen Reiseerlebnis. Eine Reise im ALBERT BALLIN Privatjet ist das ultimative Erlebnis f\u00fcr all jene, die das Besondere lieben und die sch\u00f6nsten Orte der Welt auf einzigartige Weise entdecken m\u00f6chten.<\/p>\n<p><a href=\"http:\/\/www.hl-cruises.de\" target=\"_blank\" rel=\"noopener\">www.hl-cruises.de<\/a><\/p>\n\n\t\t<\/div>\n\t<\/div>\n<div class=\"vc_empty_space\"   style=\"height: 60px\"><span class=\"vc_empty_space_inner\"><\/span><\/div><\/div><\/div><\/div><\/div><\/div>\n<\/div>","protected":false},"excerpt":{"rendered":"Photo credits: \u00a9 Hapag-Lloyd Cruises Hapag-Lloyd Cruises Make your cruise dreams come true. In the German-speaking region, Hapag-Lloyd Cruises is the leading provider of luxury and expedition dream cruises. A dream cruise can be so many things. A cruise to a remote island paradise or a real adventure in the endless ice or the white&hellip;","protected":false},"author":1,"featured_media":4255,"parent":0,"menu_order":0,"comment_status":"closed","ping_status":"closed","template":"","meta":{"_acf_changed":false,"footnotes":""},"class_list":["post-4253","page","type-page","status-publish","has-post-thumbnail","hentry"],"acf":[],"yoast_head":"<!-- This site is optimized with the Yoast SEO plugin v27.6 - https:\/\/yoast.com\/product\/yoast-seo-wordpress\/ -->\n<title>Partner Hapag-Lloyd Cruises - Sensation Hotels<\/title>\n<meta name=\"description\" content=\"Experience the ultimate in luxury travel with Hapag-Lloyd Cruises and Sensation Hotels. From world-class ocean voyages to exclusive expedition adventures, discover breathtaking destinations, unparalleled service, and unique travel experiences that redefine elegance and exploration.\" \/>\n<meta name=\"robots\" content=\"index, follow, max-snippet:-1, max-image-preview:large, max-video-preview:-1\" \/>\n<link rel=\"canonical\" href=\"https:\/\/sensationhotels.com\/de\/partner-hapag-lloyd-cruises\/\" \/>\n<meta property=\"og:locale\" content=\"de_DE\" \/>\n<meta property=\"og:type\" content=\"article\" \/>\n<meta property=\"og:title\" content=\"Sensation Hotels - Partner Hapag-Lloyd Cruises\" \/>\n<meta property=\"og:description\" content=\"Experience the ultimate in luxury travel with Hapag-Lloyd Cruises and Sensation Hotels. From world-class ocean voyages to exclusive expedition adventures, discover breathtaking destinations, unparalleled service, and unique travel experiences that redefine elegance and exploration.\" \/>\n<meta property=\"og:url\" content=\"https:\/\/sensationhotels.com\/de\/partner-hapag-lloyd-cruises\/\" \/>\n<meta property=\"og:site_name\" content=\"Sensation Hotels\" \/>\n<meta property=\"og:image\" content=\"https:\/\/sensationhotels.com\/wp-content\/uploads\/2025\/02\/Sensation-Hotels-Hapag-Lloyd-Cruises-Partnerschaft-all_edited-min.jpg\" \/>\n\t<meta property=\"og:image:width\" content=\"844\" \/>\n\t<meta property=\"og:image:height\" content=\"563\" \/>\n\t<meta property=\"og:image:type\" content=\"image\/jpeg\" \/>\n<meta name=\"twitter:card\" content=\"summary_large_image\" \/>\n<meta name=\"twitter:title\" content=\"Sensation Hotels - Partner Hapag-Lloyd Cruises\" \/>\n<meta name=\"twitter:description\" content=\"Experience the ultimate in luxury travel with Hapag-Lloyd Cruises and Sensation Hotels. From world-class ocean voyages to exclusive expedition adventures, discover breathtaking destinations, unparalleled service, and unique travel experiences that redefine elegance and exploration.\" \/>\n<meta name=\"twitter:image\" content=\"https:\/\/sensationhotels.com\/wp-content\/uploads\/2025\/02\/Sensation-Hotels-Hapag-Lloyd-Cruises-Partnerschaft-all_edited-min.jpg\" \/>\n<meta name=\"twitter:label1\" content=\"Gesch\u00e4tzte Lesezeit\" \/>\n\t<meta name=\"twitter:data1\" content=\"2\u00a0Minuten\" \/>\n<!-- \/ Yoast SEO plugin. -->","yoast_head_json":{"title":"Partner Hapag-Lloyd Cruises - Sensation Hotels","description":"Experience the ultimate in luxury travel with Hapag-Lloyd Cruises and Sensation Hotels. From world-class ocean voyages to exclusive expedition adventures, discover breathtaking destinations, unparalleled service, and unique travel experiences that redefine elegance and exploration.","robots":{"index":"index","follow":"follow","max-snippet":"max-snippet:-1","max-image-preview":"max-image-preview:large","max-video-preview":"max-video-preview:-1"},"canonical":"https:\/\/sensationhotels.com\/de\/partner-hapag-lloyd-cruises\/","og_locale":"de_DE","og_type":"article","og_title":"Sensation Hotels - Partner Hapag-Lloyd Cruises","og_description":"Experience the ultimate in luxury travel with Hapag-Lloyd Cruises and Sensation Hotels. From world-class ocean voyages to exclusive expedition adventures, discover breathtaking destinations, unparalleled service, and unique travel experiences that redefine elegance and exploration.","og_url":"https:\/\/sensationhotels.com\/de\/partner-hapag-lloyd-cruises\/","og_site_name":"Sensation Hotels","og_image":[{"width":844,"height":563,"url":"https:\/\/sensationhotels.com\/wp-content\/uploads\/2025\/02\/Sensation-Hotels-Hapag-Lloyd-Cruises-Partnerschaft-all_edited-min.jpg","type":"image\/jpeg"}],"twitter_card":"summary_large_image","twitter_title":"Sensation Hotels - Partner Hapag-Lloyd Cruises","twitter_description":"Experience the ultimate in luxury travel with Hapag-Lloyd Cruises and Sensation Hotels. From world-class ocean voyages to exclusive expedition adventures, discover breathtaking destinations, unparalleled service, and unique travel experiences that redefine elegance and exploration.","twitter_image":"https:\/\/sensationhotels.com\/wp-content\/uploads\/2025\/02\/Sensation-Hotels-Hapag-Lloyd-Cruises-Partnerschaft-all_edited-min.jpg","twitter_misc":{"Gesch\u00e4tzte Lesezeit":"2\u00a0Minuten"},"schema":{"@context":"https:\/\/schema.org","@graph":[{"@type":"WebPage","@id":"https:\/\/sensationhotels.com\/partner-hapag-lloyd-cruises\/","url":"https:\/\/sensationhotels.com\/partner-hapag-lloyd-cruises\/","name":"Partner Hapag-Lloyd Cruises - Sensation Hotels","isPartOf":{"@id":"https:\/\/sensationhotels.com\/#website"},"primaryImageOfPage":{"@id":"https:\/\/sensationhotels.com\/partner-hapag-lloyd-cruises\/#primaryimage"},"image":{"@id":"https:\/\/sensationhotels.com\/partner-hapag-lloyd-cruises\/#primaryimage"},"thumbnailUrl":"https:\/\/sensationhotels.com\/wp-content\/uploads\/2025\/02\/Sensation-Hotels-Hapag-Lloyd-Cruises-Partnerschaft-all_edited-min.jpg","datePublished":"2025-02-07T13:18:54+00:00","dateModified":"2025-02-08T06:39:09+00:00","description":"Experience the ultimate in luxury travel with Hapag-Lloyd Cruises and Sensation Hotels. From world-class ocean voyages to exclusive expedition adventures, discover breathtaking destinations, unparalleled service, and unique travel experiences that redefine elegance and exploration.","breadcrumb":{"@id":"https:\/\/sensationhotels.com\/partner-hapag-lloyd-cruises\/#breadcrumb"},"inLanguage":"de","potentialAction":[{"@type":"ReadAction","target":["https:\/\/sensationhotels.com\/partner-hapag-lloyd-cruises\/"]}]},{"@type":"ImageObject","inLanguage":"de","@id":"https:\/\/sensationhotels.com\/partner-hapag-lloyd-cruises\/#primaryimage","url":"https:\/\/sensationhotels.com\/wp-content\/uploads\/2025\/02\/Sensation-Hotels-Hapag-Lloyd-Cruises-Partnerschaft-all_edited-min.jpg","contentUrl":"https:\/\/sensationhotels.com\/wp-content\/uploads\/2025\/02\/Sensation-Hotels-Hapag-Lloyd-Cruises-Partnerschaft-all_edited-min.jpg","width":844,"height":563},{"@type":"BreadcrumbList","@id":"https:\/\/sensationhotels.com\/partner-hapag-lloyd-cruises\/#breadcrumb","itemListElement":[{"@type":"ListItem","position":1,"name":"Home","item":"https:\/\/sensationhotels.com\/"},{"@type":"ListItem","position":2,"name":"Partner Hapag-Lloyd Cruises"}]},{"@type":"WebSite","@id":"https:\/\/sensationhotels.com\/#website","url":"https:\/\/sensationhotels.com\/","name":"Sensation Hotels","description":"","potentialAction":[{"@type":"SearchAction","target":{"@type":"EntryPoint","urlTemplate":"https:\/\/sensationhotels.com\/?s={search_term_string}"},"query-input":{"@type":"PropertyValueSpecification","valueRequired":true,"valueName":"search_term_string"}}],"inLanguage":"de"}]}},"_links":{"self":[{"href":"https:\/\/sensationhotels.com\/de\/wp-json\/wp\/v2\/pages\/4253","targetHints":{"allow":["GET"]}}],"collection":[{"href":"https:\/\/sensationhotels.com\/de\/wp-json\/wp\/v2\/pages"}],"about":[{"href":"https:\/\/sensationhotels.com\/de\/wp-json\/wp\/v2\/types\/page"}],"author":[{"embeddable":true,"href":"https:\/\/sensationhotels.com\/de\/wp-json\/wp\/v2\/users\/1"}],"replies":[{"embeddable":true,"href":"https:\/\/sensationhotels.com\/de\/wp-json\/wp\/v2\/comments?post=4253"}],"version-history":[{"count":15,"href":"https:\/\/sensationhotels.com\/de\/wp-json\/wp\/v2\/pages\/4253\/revisions"}],"predecessor-version":[{"id":4411,"href":"https:\/\/sensationhotels.com\/de\/wp-json\/wp\/v2\/pages\/4253\/revisions\/4411"}],"wp:featuredmedia":[{"embeddable":true,"href":"https:\/\/sensationhotels.com\/de\/wp-json\/wp\/v2\/media\/4255"}],"wp:attachment":[{"href":"https:\/\/sensationhotels.com\/de\/wp-json\/wp\/v2\/media?parent=4253"}],"curies":[{"name":"wp","href":"https:\/\/api.w.org\/{rel}","templated":true}]}}