{"id":4269,"date":"2025-02-07T13:44:41","date_gmt":"2025-02-07T13:44:41","guid":{"rendered":"https:\/\/project.sensationhotels.com\/?page_id=4269"},"modified":"2025-02-08T06:38:54","modified_gmt":"2025-02-08T06:38:54","slug":"partner-wilson-golf","status":"publish","type":"page","link":"https:\/\/sensationhotels.com\/de\/partner-wilson-golf\/","title":{"rendered":"Partner Wilson Golf"},"content":{"rendered":"<div class=\"wpb-content-wrapper\"><div class=\"vc-row-container container\"><div class=\"vc_row wpb_row vc_row-fluid\"><div class=\"wpb_column vc_column_container vc_col-sm-8\"><div class=\"vc_column-inner\"><div class=\"wpb_wrapper\">\n\t<div  class=\"wpb_single_image wpb_content_element vc_align_center wpb_content_element\">\n\t\t\n\t\t<figure class=\"wpb_wrapper vc_figure\">\n\t\t\t<div class=\"vc_single_image-wrapper   vc_box_border_grey\"><img fetchpriority=\"high\" decoding=\"async\" width=\"1000\" height=\"667\" src=\"https:\/\/sensationhotels.com\/wp-content\/uploads\/2025\/02\/Sensation-Hotels-Wilson-Golf-Partnership-min.jpg\" class=\"vc_single_image-img attachment-full\" alt=\"\" title=\"Sensation Hotels - Wilson Golf - Partnership-min\" srcset=\"https:\/\/sensationhotels.com\/wp-content\/uploads\/2025\/02\/Sensation-Hotels-Wilson-Golf-Partnership-min.jpg 1000w, https:\/\/sensationhotels.com\/wp-content\/uploads\/2025\/02\/Sensation-Hotels-Wilson-Golf-Partnership-min-300x200.jpg 300w, https:\/\/sensationhotels.com\/wp-content\/uploads\/2025\/02\/Sensation-Hotels-Wilson-Golf-Partnership-min-768x512.jpg 768w, https:\/\/sensationhotels.com\/wp-content\/uploads\/2025\/02\/Sensation-Hotels-Wilson-Golf-Partnership-min-18x12.jpg 18w, https:\/\/sensationhotels.com\/wp-content\/uploads\/2025\/02\/Sensation-Hotels-Wilson-Golf-Partnership-min-806x538.jpg 806w, https:\/\/sensationhotels.com\/wp-content\/uploads\/2025\/02\/Sensation-Hotels-Wilson-Golf-Partnership-min-558x372.jpg 558w, https:\/\/sensationhotels.com\/wp-content\/uploads\/2025\/02\/Sensation-Hotels-Wilson-Golf-Partnership-min-655x437.jpg 655w, https:\/\/sensationhotels.com\/wp-content\/uploads\/2025\/02\/Sensation-Hotels-Wilson-Golf-Partnership-min-600x400.jpg 600w\" sizes=\"(max-width: 1000px) 100vw, 1000px\" \/><\/div>\n\t\t<\/figure>\n\t<\/div>\n\n\t<div class=\"wpb_text_column wpb_content_element post-formatting\" >\n\t\t<div class=\"wpb_wrapper\">\n\t\t\t<p style=\"font-size: 12px; text-align: left;\">Photo credits: \u00a9 Wilson Golf<\/p>\n\n\t\t<\/div>\n\t<\/div>\n\n\t<div  class=\"wpb_single_image wpb_content_element vc_align_center wpb_content_element\">\n\t\t\n\t\t<figure class=\"wpb_wrapper vc_figure\">\n\t\t\t<div class=\"vc_single_image-wrapper   vc_box_border_grey\"><img decoding=\"async\" width=\"1000\" height=\"485\" src=\"https:\/\/sensationhotels.com\/wp-content\/uploads\/2025\/02\/Sensation-Hotels-Wilson-Golf-Partners-The-Smallest-Hotel-Book-of-the-World.png\" class=\"vc_single_image-img attachment-full\" alt=\"\" title=\"Sensation Hotels - Wilson Golf - Partners - The Smallest Hotel Book of the World\" srcset=\"https:\/\/sensationhotels.com\/wp-content\/uploads\/2025\/02\/Sensation-Hotels-Wilson-Golf-Partners-The-Smallest-Hotel-Book-of-the-World.png 1000w, https:\/\/sensationhotels.com\/wp-content\/uploads\/2025\/02\/Sensation-Hotels-Wilson-Golf-Partners-The-Smallest-Hotel-Book-of-the-World-300x146.png 300w, https:\/\/sensationhotels.com\/wp-content\/uploads\/2025\/02\/Sensation-Hotels-Wilson-Golf-Partners-The-Smallest-Hotel-Book-of-the-World-768x372.png 768w, https:\/\/sensationhotels.com\/wp-content\/uploads\/2025\/02\/Sensation-Hotels-Wilson-Golf-Partners-The-Smallest-Hotel-Book-of-the-World-18x9.png 18w, https:\/\/sensationhotels.com\/wp-content\/uploads\/2025\/02\/Sensation-Hotels-Wilson-Golf-Partners-The-Smallest-Hotel-Book-of-the-World-806x391.png 806w, https:\/\/sensationhotels.com\/wp-content\/uploads\/2025\/02\/Sensation-Hotels-Wilson-Golf-Partners-The-Smallest-Hotel-Book-of-the-World-558x271.png 558w, https:\/\/sensationhotels.com\/wp-content\/uploads\/2025\/02\/Sensation-Hotels-Wilson-Golf-Partners-The-Smallest-Hotel-Book-of-the-World-655x318.png 655w\" sizes=\"(max-width: 1000px) 100vw, 1000px\" \/><\/div>\n\t\t<\/figure>\n\t<\/div>\n<\/div><\/div><\/div><div class=\"wpb_column vc_column_container vc_col-sm-4\"><div class=\"vc_column-inner\"><div class=\"wpb_wrapper\"><div class=\"section-title  align-left\">\n    <h2>Wilson Golf<\/h2>\n<\/div>\n\t<div class=\"wpb_text_column wpb_content_element post-formatting\" >\n\t\t<div class=\"wpb_wrapper\">\n\t\t\t<p>\u00dcber Wilson Sporting Goods Co. \/ Wilson Golf: Seit 100 Jahren entwirft, produziert und vertreibt Wilson Golf weltweit erstklassige und Freizeit-Golfausr\u00fcstungen. Seit 1914 haben Wilson Staff Eisen 62 Major-Turniere gewonnen, mehr als jedes andere Eisen in der Geschichte des Golfsports. Diese Siegtradition setzt sich auch heute fort, indem Wilson Golf hochwertige Ausr\u00fcstungen liefert, die die Leistung auf dem Golfplatz steigern und das Gesamtvergn\u00fcgen am Spiel erh\u00f6hen. Wilson Golf ist ein Teil von Wilson Sporting Goods Co., einer Division von Amer Sports.<\/p>\n<p><a href=\"http:\/\/www.wilson.com\" target=\"_blank\" rel=\"noopener\">www.wilson.com<\/a><\/p>\n\n\t\t<\/div>\n\t<\/div>\n<div class=\"vc_empty_space\"   style=\"height: 60px\"><span class=\"vc_empty_space_inner\"><\/span><\/div><\/div><\/div><\/div><\/div><\/div>\n<\/div>","protected":false},"excerpt":{"rendered":"Photo credits: \u00a9 Wilson Golf Wilson Golf About Wilson Sporting Goods Co. \/ Wilson Golf: For 100 years, Wilson Golf has designed, manufactured and distributed premium and recreational golf equipment throughout the world. Since 1914, Wilson Staff irons have won 62 major championships, more than any other iron manufacturer in history. The winning tradition continues&hellip;","protected":false},"author":1,"featured_media":4273,"parent":0,"menu_order":0,"comment_status":"closed","ping_status":"closed","template":"","meta":{"_acf_changed":false,"footnotes":""},"class_list":["post-4269","page","type-page","status-publish","has-post-thumbnail","hentry"],"acf":[],"yoast_head":"<!-- This site is optimized with the Yoast SEO plugin v25.8 - https:\/\/yoast.com\/wordpress\/plugins\/seo\/ -->\n<title>Partner Wilson Golf - Sensation Hotels<\/title>\n<meta name=\"description\" content=\"Sensation Hotels is proud to present Wilson Golf as a valued partner. With over 100 years of excellence, Wilson Golf delivers premium equipment trusted by champions. Together, we bring top-tier performance and innovation to golf enthusiasts worldwide.\" \/>\n<meta name=\"robots\" content=\"index, follow, max-snippet:-1, max-image-preview:large, max-video-preview:-1\" \/>\n<link rel=\"canonical\" href=\"https:\/\/sensationhotels.com\/de\/partner-wilson-golf\/\" \/>\n<meta property=\"og:locale\" content=\"de_DE\" \/>\n<meta property=\"og:type\" content=\"article\" \/>\n<meta property=\"og:title\" content=\"Sensation Hotels - Partner Wilson Golf\" \/>\n<meta property=\"og:description\" content=\"Sensation Hotels is proud to present Wilson Golf as a valued partner. With over 100 years of excellence, Wilson Golf delivers premium equipment trusted by champions. Together, we bring top-tier performance and innovation to golf enthusiasts worldwide.\" \/>\n<meta property=\"og:url\" content=\"https:\/\/sensationhotels.com\/de\/partner-wilson-golf\/\" \/>\n<meta property=\"og:site_name\" content=\"Sensation Hotels\" \/>\n<meta property=\"og:image\" content=\"https:\/\/sensationhotels.com\/wp-content\/uploads\/2025\/02\/Sensation-Hotels-Wilson-Golf-Partnership-min.jpg\" \/>\n\t<meta property=\"og:image:width\" content=\"1000\" \/>\n\t<meta property=\"og:image:height\" content=\"667\" \/>\n\t<meta property=\"og:image:type\" content=\"image\/jpeg\" \/>\n<meta name=\"twitter:card\" content=\"summary_large_image\" \/>\n<meta name=\"twitter:title\" content=\"Sensation Hotels - Partner Wilson Golf\" \/>\n<meta name=\"twitter:description\" content=\"Sensation Hotels is proud to present Wilson Golf as a valued partner. With over 100 years of excellence, Wilson Golf delivers premium equipment trusted by champions. Together, we bring top-tier performance and innovation to golf enthusiasts worldwide.\" \/>\n<meta name=\"twitter:image\" content=\"https:\/\/sensationhotels.com\/wp-content\/uploads\/2025\/02\/Sensation-Hotels-Wilson-Golf-Partnership-min.jpg\" \/>\n<meta name=\"twitter:label1\" content=\"Gesch\u00e4tzte Lesezeit\" \/>\n\t<meta name=\"twitter:data1\" content=\"1\u00a0Minute\" \/>\n<!-- \/ Yoast SEO plugin. -->","yoast_head_json":{"title":"Partner Wilson Golf - Sensation Hotels","description":"Sensation Hotels is proud to present Wilson Golf as a valued partner. With over 100 years of excellence, Wilson Golf delivers premium equipment trusted by champions. Together, we bring top-tier performance and innovation to golf enthusiasts worldwide.","robots":{"index":"index","follow":"follow","max-snippet":"max-snippet:-1","max-image-preview":"max-image-preview:large","max-video-preview":"max-video-preview:-1"},"canonical":"https:\/\/sensationhotels.com\/de\/partner-wilson-golf\/","og_locale":"de_DE","og_type":"article","og_title":"Sensation Hotels - Partner Wilson Golf","og_description":"Sensation Hotels is proud to present Wilson Golf as a valued partner. With over 100 years of excellence, Wilson Golf delivers premium equipment trusted by champions. Together, we bring top-tier performance and innovation to golf enthusiasts worldwide.","og_url":"https:\/\/sensationhotels.com\/de\/partner-wilson-golf\/","og_site_name":"Sensation Hotels","og_image":[{"width":1000,"height":667,"url":"https:\/\/sensationhotels.com\/wp-content\/uploads\/2025\/02\/Sensation-Hotels-Wilson-Golf-Partnership-min.jpg","type":"image\/jpeg"}],"twitter_card":"summary_large_image","twitter_title":"Sensation Hotels - Partner Wilson Golf","twitter_description":"Sensation Hotels is proud to present Wilson Golf as a valued partner. With over 100 years of excellence, Wilson Golf delivers premium equipment trusted by champions. Together, we bring top-tier performance and innovation to golf enthusiasts worldwide.","twitter_image":"https:\/\/sensationhotels.com\/wp-content\/uploads\/2025\/02\/Sensation-Hotels-Wilson-Golf-Partnership-min.jpg","twitter_misc":{"Gesch\u00e4tzte Lesezeit":"1\u00a0Minute"},"schema":{"@context":"https:\/\/schema.org","@graph":[{"@type":"WebPage","@id":"https:\/\/sensationhotels.com\/partner-wilson-golf\/","url":"https:\/\/sensationhotels.com\/partner-wilson-golf\/","name":"Partner Wilson Golf - Sensation Hotels","isPartOf":{"@id":"https:\/\/sensationhotels.com\/#website"},"primaryImageOfPage":{"@id":"https:\/\/sensationhotels.com\/partner-wilson-golf\/#primaryimage"},"image":{"@id":"https:\/\/sensationhotels.com\/partner-wilson-golf\/#primaryimage"},"thumbnailUrl":"https:\/\/sensationhotels.com\/wp-content\/uploads\/2025\/02\/Sensation-Hotels-Wilson-Golf-Partnership-min.jpg","datePublished":"2025-02-07T13:44:41+00:00","dateModified":"2025-02-08T06:38:54+00:00","description":"Sensation Hotels is proud to present Wilson Golf as a valued partner. With over 100 years of excellence, Wilson Golf delivers premium equipment trusted by champions. Together, we bring top-tier performance and innovation to golf enthusiasts worldwide.","breadcrumb":{"@id":"https:\/\/sensationhotels.com\/partner-wilson-golf\/#breadcrumb"},"inLanguage":"de","potentialAction":[{"@type":"ReadAction","target":["https:\/\/sensationhotels.com\/partner-wilson-golf\/"]}]},{"@type":"ImageObject","inLanguage":"de","@id":"https:\/\/sensationhotels.com\/partner-wilson-golf\/#primaryimage","url":"https:\/\/sensationhotels.com\/wp-content\/uploads\/2025\/02\/Sensation-Hotels-Wilson-Golf-Partnership-min.jpg","contentUrl":"https:\/\/sensationhotels.com\/wp-content\/uploads\/2025\/02\/Sensation-Hotels-Wilson-Golf-Partnership-min.jpg","width":1000,"height":667},{"@type":"BreadcrumbList","@id":"https:\/\/sensationhotels.com\/partner-wilson-golf\/#breadcrumb","itemListElement":[{"@type":"ListItem","position":1,"name":"Home","item":"https:\/\/sensationhotels.com\/"},{"@type":"ListItem","position":2,"name":"Partner Wilson Golf"}]},{"@type":"WebSite","@id":"https:\/\/sensationhotels.com\/#website","url":"https:\/\/sensationhotels.com\/","name":"Sensation Hotels","description":"","potentialAction":[{"@type":"SearchAction","target":{"@type":"EntryPoint","urlTemplate":"https:\/\/sensationhotels.com\/?s={search_term_string}"},"query-input":{"@type":"PropertyValueSpecification","valueRequired":true,"valueName":"search_term_string"}}],"inLanguage":"de"}]}},"_links":{"self":[{"href":"https:\/\/sensationhotels.com\/de\/wp-json\/wp\/v2\/pages\/4269","targetHints":{"allow":["GET"]}}],"collection":[{"href":"https:\/\/sensationhotels.com\/de\/wp-json\/wp\/v2\/pages"}],"about":[{"href":"https:\/\/sensationhotels.com\/de\/wp-json\/wp\/v2\/types\/page"}],"author":[{"embeddable":true,"href":"https:\/\/sensationhotels.com\/de\/wp-json\/wp\/v2\/users\/1"}],"replies":[{"embeddable":true,"href":"https:\/\/sensationhotels.com\/de\/wp-json\/wp\/v2\/comments?post=4269"}],"version-history":[{"count":10,"href":"https:\/\/sensationhotels.com\/de\/wp-json\/wp\/v2\/pages\/4269\/revisions"}],"predecessor-version":[{"id":4419,"href":"https:\/\/sensationhotels.com\/de\/wp-json\/wp\/v2\/pages\/4269\/revisions\/4419"}],"wp:featuredmedia":[{"embeddable":true,"href":"https:\/\/sensationhotels.com\/de\/wp-json\/wp\/v2\/media\/4273"}],"wp:attachment":[{"href":"https:\/\/sensationhotels.com\/de\/wp-json\/wp\/v2\/media?parent=4269"}],"curies":[{"name":"wp","href":"https:\/\/api.w.org\/{rel}","templated":true}]}}