{"id":4282,"date":"2025-02-07T13:55:44","date_gmt":"2025-02-07T13:55:44","guid":{"rendered":"https:\/\/project.sensationhotels.com\/?page_id=4282"},"modified":"2025-02-08T06:37:58","modified_gmt":"2025-02-08T06:37:58","slug":"partner-i-clip","status":"publish","type":"page","link":"https:\/\/sensationhotels.com\/de\/partner-i-clip\/","title":{"rendered":"Partner I-CLIP"},"content":{"rendered":"<div class=\"wpb-content-wrapper\"><div class=\"vc-row-container container\"><div class=\"vc_row wpb_row vc_row-fluid\"><div class=\"wpb_column vc_column_container vc_col-sm-8\"><div class=\"vc_column-inner\"><div class=\"wpb_wrapper\">\n\t<div  class=\"wpb_single_image wpb_content_element vc_align_center wpb_content_element\">\n\t\t\n\t\t<figure class=\"wpb_wrapper vc_figure\">\n\t\t\t<div class=\"vc_single_image-wrapper   vc_box_border_grey\"><img fetchpriority=\"high\" decoding=\"async\" width=\"1000\" height=\"667\" src=\"https:\/\/sensationhotels.com\/wp-content\/uploads\/2025\/02\/sensation-hotels-i-clip-partner-min.jpg\" class=\"vc_single_image-img attachment-full\" alt=\"\" title=\"sensation hotels - i-clip partner-min\" srcset=\"https:\/\/sensationhotels.com\/wp-content\/uploads\/2025\/02\/sensation-hotels-i-clip-partner-min.jpg 1000w, https:\/\/sensationhotels.com\/wp-content\/uploads\/2025\/02\/sensation-hotels-i-clip-partner-min-300x200.jpg 300w, https:\/\/sensationhotels.com\/wp-content\/uploads\/2025\/02\/sensation-hotels-i-clip-partner-min-768x512.jpg 768w, https:\/\/sensationhotels.com\/wp-content\/uploads\/2025\/02\/sensation-hotels-i-clip-partner-min-18x12.jpg 18w, https:\/\/sensationhotels.com\/wp-content\/uploads\/2025\/02\/sensation-hotels-i-clip-partner-min-806x538.jpg 806w, https:\/\/sensationhotels.com\/wp-content\/uploads\/2025\/02\/sensation-hotels-i-clip-partner-min-558x372.jpg 558w, https:\/\/sensationhotels.com\/wp-content\/uploads\/2025\/02\/sensation-hotels-i-clip-partner-min-655x437.jpg 655w, https:\/\/sensationhotels.com\/wp-content\/uploads\/2025\/02\/sensation-hotels-i-clip-partner-min-600x400.jpg 600w\" sizes=\"(max-width: 1000px) 100vw, 1000px\" \/><\/div>\n\t\t<\/figure>\n\t<\/div>\n\n\t<div class=\"wpb_text_column wpb_content_element post-formatting\" >\n\t\t<div class=\"wpb_wrapper\">\n\t\t\t<p style=\"font-size: 12px; text-align: left;\">Photo credits: \u00a9 I-CLIP<\/p>\n\n\t\t<\/div>\n\t<\/div>\n\n\t<div  class=\"wpb_single_image wpb_content_element vc_align_center wpb_content_element\">\n\t\t\n\t\t<figure class=\"wpb_wrapper vc_figure\">\n\t\t\t<div class=\"vc_single_image-wrapper   vc_box_border_grey\"><img decoding=\"async\" width=\"987\" height=\"474\" src=\"https:\/\/sensationhotels.com\/wp-content\/uploads\/2025\/01\/sensation-hotels-the-smallest-hotel-book-of-the-world-johannes-fritz-groebler.png\" class=\"vc_single_image-img attachment-full\" alt=\"\" title=\"sensation hotels - the smallest hotel book of the world - johannes fritz groebler\" srcset=\"https:\/\/sensationhotels.com\/wp-content\/uploads\/2025\/01\/sensation-hotels-the-smallest-hotel-book-of-the-world-johannes-fritz-groebler.png 987w, https:\/\/sensationhotels.com\/wp-content\/uploads\/2025\/01\/sensation-hotels-the-smallest-hotel-book-of-the-world-johannes-fritz-groebler-300x144.png 300w, https:\/\/sensationhotels.com\/wp-content\/uploads\/2025\/01\/sensation-hotels-the-smallest-hotel-book-of-the-world-johannes-fritz-groebler-768x369.png 768w, https:\/\/sensationhotels.com\/wp-content\/uploads\/2025\/01\/sensation-hotels-the-smallest-hotel-book-of-the-world-johannes-fritz-groebler-18x9.png 18w, https:\/\/sensationhotels.com\/wp-content\/uploads\/2025\/01\/sensation-hotels-the-smallest-hotel-book-of-the-world-johannes-fritz-groebler-806x387.png 806w, https:\/\/sensationhotels.com\/wp-content\/uploads\/2025\/01\/sensation-hotels-the-smallest-hotel-book-of-the-world-johannes-fritz-groebler-558x268.png 558w, https:\/\/sensationhotels.com\/wp-content\/uploads\/2025\/01\/sensation-hotels-the-smallest-hotel-book-of-the-world-johannes-fritz-groebler-655x315.png 655w, https:\/\/sensationhotels.com\/wp-content\/uploads\/2025\/01\/sensation-hotels-the-smallest-hotel-book-of-the-world-johannes-fritz-groebler-600x288.png 600w\" sizes=\"(max-width: 987px) 100vw, 987px\" \/><\/div>\n\t\t<\/figure>\n\t<\/div>\n<\/div><\/div><\/div><div class=\"wpb_column vc_column_container vc_col-sm-4\"><div class=\"vc_column-inner\"><div class=\"wpb_wrapper\"><div class=\"section-title  align-left\">\n    <h2>I-CLIP - The Wallet<\/h2>\n<\/div>\n\t<div class=\"wpb_text_column wpb_content_element post-formatting\" >\n\t\t<div class=\"wpb_wrapper\">\n\t\t\t<p>Verabschieden Sie sich von klobigen Geldb\u00f6rsen. Mit dem flachen, kompakten und flexiblen Design des I-CLIP passt dieses moderne Portemonnaie m\u00fchelos in Hosen-, Jacken- und sogar Anzugtaschen. Die abgerundeten Ecken und der flexible Rahmen sorgen daf\u00fcr, dass es praktisch unsichtbar bleibt. So tr\u00e4gt der Besitzer seine wichtigsten Dinge sicher und bequem direkt am K\u00f6rper.<\/p>\n<p>Das gro\u00dfz\u00fcgige Sichtfenster erm\u00f6glicht schnellen und einfachen Zugriff auf jede Karte, w\u00e4hrend der integrierte, hochflexible Banknoten-Clip ausreichend Platz f\u00fcr Geldscheine bietet und gleichzeitig f\u00fcr eine \u00fcbersichtliche Anordnung sorgt. So k\u00f6nnen Sie die Banknoten nach Gr\u00f6\u00dfe sortiert halten, um immer zahlungsbereit zu sein. Der elegante Lederbezug sch\u00fctzt den Inhalt zuverl\u00e4ssig, indem der Druckknopfverschluss einfach den Metallrahmen sichert. Dadurch sind Ihre Karten und Banknoten sicher vor Besch\u00e4digung und Verlust.<\/p>\n<p><a href=\"http:\/\/www.i-clip.com\" target=\"_blank\" rel=\"noopener\">www.i-clip.com<\/a><\/p>\n\n\t\t<\/div>\n\t<\/div>\n<div class=\"vc_empty_space\"   style=\"height: 60px\"><span class=\"vc_empty_space_inner\"><\/span><\/div><\/div><\/div><\/div><\/div><\/div>\n<\/div>","protected":false},"excerpt":{"rendered":"Photo credits: \u00a9 I-CLIP I-CLIP - The Wallet Say goodbye to bulging wallets. Thanks to the flat, compact and adaptable design of the I-CLIP, this modern wallet fits perfectly in trouser, jacket and even suit coat pockets. With its rounded corners and flexible frame it remains invisible to onlookers. What that means is that the&hellip;","protected":false},"author":1,"featured_media":4283,"parent":0,"menu_order":0,"comment_status":"closed","ping_status":"closed","template":"","meta":{"_acf_changed":false,"footnotes":""},"class_list":["post-4282","page","type-page","status-publish","has-post-thumbnail","hentry"],"acf":[],"yoast_head":"<!-- This site is optimized with the Yoast SEO plugin v25.8 - https:\/\/yoast.com\/wordpress\/plugins\/seo\/ -->\n<title>Partner I-CLIP - Sensation Hotels<\/title>\n<meta name=\"description\" content=\"Sensation Hotels is proud to partner with I-CLIP, the modern, compact wallet for ultimate convenience and style. Experience sleek design, easy access, and secure storage\u2014perfect for travelers and professionals who value elegance and functionality.\" \/>\n<meta name=\"robots\" content=\"index, follow, max-snippet:-1, max-image-preview:large, max-video-preview:-1\" \/>\n<link rel=\"canonical\" href=\"https:\/\/sensationhotels.com\/de\/partner-i-clip\/\" \/>\n<meta property=\"og:locale\" content=\"de_DE\" \/>\n<meta property=\"og:type\" content=\"article\" \/>\n<meta property=\"og:title\" content=\"Sensation Hotels - Partner I-CLIP\" \/>\n<meta property=\"og:description\" content=\"Sensation Hotels is proud to partner with I-CLIP, the modern, compact wallet for ultimate convenience and style. Experience sleek design, easy access, and secure storage\u2014perfect for travelers and professionals who value elegance and functionality.\" \/>\n<meta property=\"og:url\" content=\"https:\/\/sensationhotels.com\/de\/partner-i-clip\/\" \/>\n<meta property=\"og:site_name\" content=\"Sensation Hotels\" \/>\n<meta property=\"og:image\" content=\"https:\/\/sensationhotels.com\/wp-content\/uploads\/2025\/02\/sensation-hotels-i-clip-partner-min.jpg\" \/>\n\t<meta property=\"og:image:width\" content=\"1000\" \/>\n\t<meta property=\"og:image:height\" content=\"667\" \/>\n\t<meta property=\"og:image:type\" content=\"image\/jpeg\" \/>\n<meta name=\"twitter:card\" content=\"summary_large_image\" \/>\n<meta name=\"twitter:title\" content=\"Sensation Hotels - Partner I-CLIP\" \/>\n<meta name=\"twitter:description\" content=\"Sensation Hotels is proud to partner with I-CLIP, the modern, compact wallet for ultimate convenience and style. Experience sleek design, easy access, and secure storage\u2014perfect for travelers and professionals who value elegance and functionality.\" \/>\n<meta name=\"twitter:image\" content=\"https:\/\/sensationhotels.com\/wp-content\/uploads\/2025\/02\/sensation-hotels-i-clip-partner-min.jpg\" \/>\n<meta name=\"twitter:label1\" content=\"Gesch\u00e4tzte Lesezeit\" \/>\n\t<meta name=\"twitter:data1\" content=\"1\u00a0Minute\" \/>\n<!-- \/ Yoast SEO plugin. -->","yoast_head_json":{"title":"Partner I-CLIP - Sensation Hotels","description":"Sensation Hotels is proud to partner with I-CLIP, the modern, compact wallet for ultimate convenience and style. Experience sleek design, easy access, and secure storage\u2014perfect for travelers and professionals who value elegance and functionality.","robots":{"index":"index","follow":"follow","max-snippet":"max-snippet:-1","max-image-preview":"max-image-preview:large","max-video-preview":"max-video-preview:-1"},"canonical":"https:\/\/sensationhotels.com\/de\/partner-i-clip\/","og_locale":"de_DE","og_type":"article","og_title":"Sensation Hotels - Partner I-CLIP","og_description":"Sensation Hotels is proud to partner with I-CLIP, the modern, compact wallet for ultimate convenience and style. Experience sleek design, easy access, and secure storage\u2014perfect for travelers and professionals who value elegance and functionality.","og_url":"https:\/\/sensationhotels.com\/de\/partner-i-clip\/","og_site_name":"Sensation Hotels","og_image":[{"width":1000,"height":667,"url":"https:\/\/sensationhotels.com\/wp-content\/uploads\/2025\/02\/sensation-hotels-i-clip-partner-min.jpg","type":"image\/jpeg"}],"twitter_card":"summary_large_image","twitter_title":"Sensation Hotels - Partner I-CLIP","twitter_description":"Sensation Hotels is proud to partner with I-CLIP, the modern, compact wallet for ultimate convenience and style. Experience sleek design, easy access, and secure storage\u2014perfect for travelers and professionals who value elegance and functionality.","twitter_image":"https:\/\/sensationhotels.com\/wp-content\/uploads\/2025\/02\/sensation-hotels-i-clip-partner-min.jpg","twitter_misc":{"Gesch\u00e4tzte Lesezeit":"1\u00a0Minute"},"schema":{"@context":"https:\/\/schema.org","@graph":[{"@type":"WebPage","@id":"https:\/\/sensationhotels.com\/partner-i-clip\/","url":"https:\/\/sensationhotels.com\/partner-i-clip\/","name":"Partner I-CLIP - Sensation Hotels","isPartOf":{"@id":"https:\/\/sensationhotels.com\/#website"},"primaryImageOfPage":{"@id":"https:\/\/sensationhotels.com\/partner-i-clip\/#primaryimage"},"image":{"@id":"https:\/\/sensationhotels.com\/partner-i-clip\/#primaryimage"},"thumbnailUrl":"https:\/\/sensationhotels.com\/wp-content\/uploads\/2025\/02\/sensation-hotels-i-clip-partner-min.jpg","datePublished":"2025-02-07T13:55:44+00:00","dateModified":"2025-02-08T06:37:58+00:00","description":"Sensation Hotels is proud to partner with I-CLIP, the modern, compact wallet for ultimate convenience and style. Experience sleek design, easy access, and secure storage\u2014perfect for travelers and professionals who value elegance and functionality.","breadcrumb":{"@id":"https:\/\/sensationhotels.com\/partner-i-clip\/#breadcrumb"},"inLanguage":"de","potentialAction":[{"@type":"ReadAction","target":["https:\/\/sensationhotels.com\/partner-i-clip\/"]}]},{"@type":"ImageObject","inLanguage":"de","@id":"https:\/\/sensationhotels.com\/partner-i-clip\/#primaryimage","url":"https:\/\/sensationhotels.com\/wp-content\/uploads\/2025\/02\/sensation-hotels-i-clip-partner-min.jpg","contentUrl":"https:\/\/sensationhotels.com\/wp-content\/uploads\/2025\/02\/sensation-hotels-i-clip-partner-min.jpg","width":1000,"height":667},{"@type":"BreadcrumbList","@id":"https:\/\/sensationhotels.com\/partner-i-clip\/#breadcrumb","itemListElement":[{"@type":"ListItem","position":1,"name":"Home","item":"https:\/\/sensationhotels.com\/"},{"@type":"ListItem","position":2,"name":"Partner I-CLIP"}]},{"@type":"WebSite","@id":"https:\/\/sensationhotels.com\/#website","url":"https:\/\/sensationhotels.com\/","name":"Sensation Hotels","description":"","potentialAction":[{"@type":"SearchAction","target":{"@type":"EntryPoint","urlTemplate":"https:\/\/sensationhotels.com\/?s={search_term_string}"},"query-input":{"@type":"PropertyValueSpecification","valueRequired":true,"valueName":"search_term_string"}}],"inLanguage":"de"}]}},"_links":{"self":[{"href":"https:\/\/sensationhotels.com\/de\/wp-json\/wp\/v2\/pages\/4282","targetHints":{"allow":["GET"]}}],"collection":[{"href":"https:\/\/sensationhotels.com\/de\/wp-json\/wp\/v2\/pages"}],"about":[{"href":"https:\/\/sensationhotels.com\/de\/wp-json\/wp\/v2\/types\/page"}],"author":[{"embeddable":true,"href":"https:\/\/sensationhotels.com\/de\/wp-json\/wp\/v2\/users\/1"}],"replies":[{"embeddable":true,"href":"https:\/\/sensationhotels.com\/de\/wp-json\/wp\/v2\/comments?post=4282"}],"version-history":[{"count":6,"href":"https:\/\/sensationhotels.com\/de\/wp-json\/wp\/v2\/pages\/4282\/revisions"}],"predecessor-version":[{"id":4285,"href":"https:\/\/sensationhotels.com\/de\/wp-json\/wp\/v2\/pages\/4282\/revisions\/4285"}],"wp:featuredmedia":[{"embeddable":true,"href":"https:\/\/sensationhotels.com\/de\/wp-json\/wp\/v2\/media\/4283"}],"wp:attachment":[{"href":"https:\/\/sensationhotels.com\/de\/wp-json\/wp\/v2\/media?parent=4282"}],"curies":[{"name":"wp","href":"https:\/\/api.w.org\/{rel}","templated":true}]}}