{"id":4289,"date":"2025-02-07T14:08:14","date_gmt":"2025-02-07T14:08:14","guid":{"rendered":"https:\/\/project.sensationhotels.com\/?page_id=4289"},"modified":"2025-02-08T06:32:48","modified_gmt":"2025-02-08T06:32:48","slug":"partner-mercedes-benz","status":"publish","type":"page","link":"https:\/\/sensationhotels.com\/de\/partner-mercedes-benz\/","title":{"rendered":"Partner Mercedes Benz"},"content":{"rendered":"<div class=\"wpb-content-wrapper\"><div class=\"vc-row-container container\"><div class=\"vc_row wpb_row vc_row-fluid\"><div class=\"wpb_column vc_column_container vc_col-sm-8\"><div class=\"vc_column-inner\"><div class=\"wpb_wrapper\">\n\t<div  class=\"wpb_single_image wpb_content_element vc_align_center wpb_content_element\">\n\t\t\n\t\t<figure class=\"wpb_wrapper vc_figure\">\n\t\t\t<div class=\"vc_single_image-wrapper   vc_box_border_grey\"><img fetchpriority=\"high\" decoding=\"async\" width=\"1000\" height=\"667\" src=\"https:\/\/sensationhotels.com\/wp-content\/uploads\/2025\/02\/Sensation-Hotels-Mercedes-Benz-Partner-business-min.jpg\" class=\"vc_single_image-img attachment-full\" alt=\"\" title=\"Sensation Hotels - Mercedes Benz Partner business-min\" srcset=\"https:\/\/sensationhotels.com\/wp-content\/uploads\/2025\/02\/Sensation-Hotels-Mercedes-Benz-Partner-business-min.jpg 1000w, https:\/\/sensationhotels.com\/wp-content\/uploads\/2025\/02\/Sensation-Hotels-Mercedes-Benz-Partner-business-min-300x200.jpg 300w, https:\/\/sensationhotels.com\/wp-content\/uploads\/2025\/02\/Sensation-Hotels-Mercedes-Benz-Partner-business-min-768x512.jpg 768w, https:\/\/sensationhotels.com\/wp-content\/uploads\/2025\/02\/Sensation-Hotels-Mercedes-Benz-Partner-business-min-18x12.jpg 18w, https:\/\/sensationhotels.com\/wp-content\/uploads\/2025\/02\/Sensation-Hotels-Mercedes-Benz-Partner-business-min-806x538.jpg 806w, https:\/\/sensationhotels.com\/wp-content\/uploads\/2025\/02\/Sensation-Hotels-Mercedes-Benz-Partner-business-min-558x372.jpg 558w, https:\/\/sensationhotels.com\/wp-content\/uploads\/2025\/02\/Sensation-Hotels-Mercedes-Benz-Partner-business-min-655x437.jpg 655w\" sizes=\"(max-width: 1000px) 100vw, 1000px\" \/><\/div>\n\t\t<\/figure>\n\t<\/div>\n\n\t<div  class=\"wpb_single_image wpb_content_element vc_align_center wpb_content_element\">\n\t\t\n\t\t<figure class=\"wpb_wrapper vc_figure\">\n\t\t\t<div class=\"vc_single_image-wrapper   vc_box_border_grey\"><img decoding=\"async\" width=\"2560\" height=\"1706\" src=\"https:\/\/sensationhotels.com\/wp-content\/uploads\/2025\/02\/Sensation-Hotels-Mercedes-Benz-Partner-car-min-scaled.jpg\" class=\"vc_single_image-img attachment-full\" alt=\"\" title=\"Sensation Hotels - Mercedes Benz Partner car-min\" srcset=\"https:\/\/sensationhotels.com\/wp-content\/uploads\/2025\/02\/Sensation-Hotels-Mercedes-Benz-Partner-car-min-scaled.jpg 2560w, https:\/\/sensationhotels.com\/wp-content\/uploads\/2025\/02\/Sensation-Hotels-Mercedes-Benz-Partner-car-min-300x200.jpg 300w, https:\/\/sensationhotels.com\/wp-content\/uploads\/2025\/02\/Sensation-Hotels-Mercedes-Benz-Partner-car-min-1024x683.jpg 1024w, https:\/\/sensationhotels.com\/wp-content\/uploads\/2025\/02\/Sensation-Hotels-Mercedes-Benz-Partner-car-min-768x512.jpg 768w, https:\/\/sensationhotels.com\/wp-content\/uploads\/2025\/02\/Sensation-Hotels-Mercedes-Benz-Partner-car-min-1536x1024.jpg 1536w, https:\/\/sensationhotels.com\/wp-content\/uploads\/2025\/02\/Sensation-Hotels-Mercedes-Benz-Partner-car-min-2048x1365.jpg 2048w, https:\/\/sensationhotels.com\/wp-content\/uploads\/2025\/02\/Sensation-Hotels-Mercedes-Benz-Partner-car-min-18x12.jpg 18w, https:\/\/sensationhotels.com\/wp-content\/uploads\/2025\/02\/Sensation-Hotels-Mercedes-Benz-Partner-car-min-1612x1075.jpg 1612w, https:\/\/sensationhotels.com\/wp-content\/uploads\/2025\/02\/Sensation-Hotels-Mercedes-Benz-Partner-car-min-1116x744.jpg 1116w, https:\/\/sensationhotels.com\/wp-content\/uploads\/2025\/02\/Sensation-Hotels-Mercedes-Benz-Partner-car-min-806x537.jpg 806w, https:\/\/sensationhotels.com\/wp-content\/uploads\/2025\/02\/Sensation-Hotels-Mercedes-Benz-Partner-car-min-558x372.jpg 558w, https:\/\/sensationhotels.com\/wp-content\/uploads\/2025\/02\/Sensation-Hotels-Mercedes-Benz-Partner-car-min-655x437.jpg 655w\" sizes=\"(max-width: 2560px) 100vw, 2560px\" \/><\/div>\n\t\t<\/figure>\n\t<\/div>\n\n\t<div  class=\"wpb_single_image wpb_content_element vc_align_center wpb_content_element\">\n\t\t\n\t\t<figure class=\"wpb_wrapper vc_figure\">\n\t\t\t<div class=\"vc_single_image-wrapper   vc_box_border_grey\"><img decoding=\"async\" width=\"844\" height=\"563\" src=\"https:\/\/sensationhotels.com\/wp-content\/uploads\/2025\/02\/Sensation-Hotels-Mercedes-Benz-Partner-inside-car-min.jpg\" class=\"vc_single_image-img attachment-full\" alt=\"\" title=\"Sensation Hotels - Mercedes Benz Partner inside car-min\" srcset=\"https:\/\/sensationhotels.com\/wp-content\/uploads\/2025\/02\/Sensation-Hotels-Mercedes-Benz-Partner-inside-car-min.jpg 844w, https:\/\/sensationhotels.com\/wp-content\/uploads\/2025\/02\/Sensation-Hotels-Mercedes-Benz-Partner-inside-car-min-300x200.jpg 300w, https:\/\/sensationhotels.com\/wp-content\/uploads\/2025\/02\/Sensation-Hotels-Mercedes-Benz-Partner-inside-car-min-768x512.jpg 768w, https:\/\/sensationhotels.com\/wp-content\/uploads\/2025\/02\/Sensation-Hotels-Mercedes-Benz-Partner-inside-car-min-18x12.jpg 18w, https:\/\/sensationhotels.com\/wp-content\/uploads\/2025\/02\/Sensation-Hotels-Mercedes-Benz-Partner-inside-car-min-806x538.jpg 806w, https:\/\/sensationhotels.com\/wp-content\/uploads\/2025\/02\/Sensation-Hotels-Mercedes-Benz-Partner-inside-car-min-558x372.jpg 558w, https:\/\/sensationhotels.com\/wp-content\/uploads\/2025\/02\/Sensation-Hotels-Mercedes-Benz-Partner-inside-car-min-655x437.jpg 655w, https:\/\/sensationhotels.com\/wp-content\/uploads\/2025\/02\/Sensation-Hotels-Mercedes-Benz-Partner-inside-car-min-600x400.jpg 600w\" sizes=\"(max-width: 844px) 100vw, 844px\" \/><\/div>\n\t\t<\/figure>\n\t<\/div>\n\n\t<div  class=\"wpb_single_image wpb_content_element vc_align_center wpb_content_element\">\n\t\t\n\t\t<figure class=\"wpb_wrapper vc_figure\">\n\t\t\t<div class=\"vc_single_image-wrapper   vc_box_border_grey\"><img loading=\"lazy\" decoding=\"async\" width=\"843\" height=\"562\" src=\"https:\/\/sensationhotels.com\/wp-content\/uploads\/2025\/02\/Sensation-Hotels-Mercedes-Benz-Partner-inside-min.jpg\" class=\"vc_single_image-img attachment-full\" alt=\"\" title=\"Sensation Hotels - Mercedes Benz Partner inside-min\" srcset=\"https:\/\/sensationhotels.com\/wp-content\/uploads\/2025\/02\/Sensation-Hotels-Mercedes-Benz-Partner-inside-min.jpg 843w, https:\/\/sensationhotels.com\/wp-content\/uploads\/2025\/02\/Sensation-Hotels-Mercedes-Benz-Partner-inside-min-300x200.jpg 300w, https:\/\/sensationhotels.com\/wp-content\/uploads\/2025\/02\/Sensation-Hotels-Mercedes-Benz-Partner-inside-min-768x512.jpg 768w, https:\/\/sensationhotels.com\/wp-content\/uploads\/2025\/02\/Sensation-Hotels-Mercedes-Benz-Partner-inside-min-18x12.jpg 18w, https:\/\/sensationhotels.com\/wp-content\/uploads\/2025\/02\/Sensation-Hotels-Mercedes-Benz-Partner-inside-min-806x537.jpg 806w, https:\/\/sensationhotels.com\/wp-content\/uploads\/2025\/02\/Sensation-Hotels-Mercedes-Benz-Partner-inside-min-558x372.jpg 558w, https:\/\/sensationhotels.com\/wp-content\/uploads\/2025\/02\/Sensation-Hotels-Mercedes-Benz-Partner-inside-min-655x437.jpg 655w\" sizes=\"(max-width: 843px) 100vw, 843px\" \/><\/div>\n\t\t<\/figure>\n\t<\/div>\n\n\t<div class=\"wpb_text_column wpb_content_element post-formatting\" >\n\t\t<div class=\"wpb_wrapper\">\n\t\t\t<p style=\"font-size: 12px; text-align: left;\">Photo credits: \u00a9 Mercedes Benz<\/p>\n\n\t\t<\/div>\n\t<\/div>\n\n\t<div  class=\"wpb_single_image wpb_content_element vc_align_center wpb_content_element\">\n\t\t\n\t\t<figure class=\"wpb_wrapper vc_figure\">\n\t\t\t<div class=\"vc_single_image-wrapper   vc_box_border_grey\"><img loading=\"lazy\" decoding=\"async\" width=\"987\" height=\"474\" src=\"https:\/\/sensationhotels.com\/wp-content\/uploads\/2025\/01\/sensation-hotels-the-smallest-hotel-book-of-the-world-johannes-fritz-groebler.png\" class=\"vc_single_image-img attachment-full\" alt=\"\" title=\"sensation hotels - the smallest hotel book of the world - johannes fritz groebler\" srcset=\"https:\/\/sensationhotels.com\/wp-content\/uploads\/2025\/01\/sensation-hotels-the-smallest-hotel-book-of-the-world-johannes-fritz-groebler.png 987w, https:\/\/sensationhotels.com\/wp-content\/uploads\/2025\/01\/sensation-hotels-the-smallest-hotel-book-of-the-world-johannes-fritz-groebler-300x144.png 300w, https:\/\/sensationhotels.com\/wp-content\/uploads\/2025\/01\/sensation-hotels-the-smallest-hotel-book-of-the-world-johannes-fritz-groebler-768x369.png 768w, https:\/\/sensationhotels.com\/wp-content\/uploads\/2025\/01\/sensation-hotels-the-smallest-hotel-book-of-the-world-johannes-fritz-groebler-18x9.png 18w, https:\/\/sensationhotels.com\/wp-content\/uploads\/2025\/01\/sensation-hotels-the-smallest-hotel-book-of-the-world-johannes-fritz-groebler-806x387.png 806w, https:\/\/sensationhotels.com\/wp-content\/uploads\/2025\/01\/sensation-hotels-the-smallest-hotel-book-of-the-world-johannes-fritz-groebler-558x268.png 558w, https:\/\/sensationhotels.com\/wp-content\/uploads\/2025\/01\/sensation-hotels-the-smallest-hotel-book-of-the-world-johannes-fritz-groebler-655x315.png 655w, https:\/\/sensationhotels.com\/wp-content\/uploads\/2025\/01\/sensation-hotels-the-smallest-hotel-book-of-the-world-johannes-fritz-groebler-600x288.png 600w\" sizes=\"(max-width: 987px) 100vw, 987px\" \/><\/div>\n\t\t<\/figure>\n\t<\/div>\n<\/div><\/div><\/div><div class=\"wpb_column vc_column_container vc_col-sm-4\"><div class=\"vc_column-inner\"><div class=\"wpb_wrapper\"><div class=\"section-title  align-left\">\n    <h2>Mercedes-Benz<\/h2>\n<\/div>\n\t<div class=\"wpb_text_column wpb_content_element post-formatting\" >\n\t\t<div class=\"wpb_wrapper\">\n\t\t\t<p>Die S-Klasse steht f\u00fcr die Faszination von Mercedes-Benz: Legend\u00e4re und traditionelle Ingenieurskunst pr\u00e4gt das Luxussegment der Automobilindustrie. Die neue S-Klasse kann mit allen Sinnen erlebt werden \u2013 sehen, f\u00fchlen, h\u00f6ren und riechen \u2013 und bietet zahlreiche Innovationen in den Bereichen Fahrassistenz, Schutz und Interaktion. Mercedes-Benz gestaltet die n\u00e4chste Generation individueller Mobilit\u00e4t f\u00fcr unsere Zeit mit Innovationen, die den Menschen in den Mittelpunkt stellen. Die neue S-Klasse nutzt die Digitalisierung f\u00fcr ein Auto, das einf\u00fchlsam auf die Bed\u00fcrfnisse und W\u00fcnsche seines Fahrers und der Passagiere reagiert.<\/p>\n<p>Moderner Luxus erreicht im Innenraum der S-Klasse eine neue Dimension. Die Designer haben eine Wohlf\u00fchlatmosph\u00e4re mit Lounge-Charakter geschaffen, die durch Eleganz, hohe Qualit\u00e4t und Leichtigkeit besticht. Besonders hervorzuheben ist das Armaturenbrett mit seiner neuen Architektur, dem modernen Oberfl\u00e4chendesign und der ergonomischen Anordnung der Anzeigen. Doch der Wohlf\u00fchlaspekt geht noch weiter: Mit hoher Fahrqualit\u00e4t, niedrigen Ger\u00e4uschpegeln und einem umfassenden Angebot an ENERGIZING Comfort-Programmen sorgt die S-Klasse f\u00fcr das Wohlbefinden ihrer Passagiere. Diese bleiben auch fit dank des effektiven Luftfiltersystems, dessen neu gewonnene F\u00e4higkeit mit dem neuen Namen ENERGIZING Air Control signalisiert wird.<\/p>\n<p>Die neue Mercedes-Benz S-Klasse ist in vielen Bereichen intelligenter geworden, und das Fahrerlebnis hat die n\u00e4chste Stufe erreicht. Digitale Innovationen wie im MBUX (Mercedes-Benz User Experience) werden erg\u00e4nzt durch Neuerungen, die den Fahrgenuss erh\u00f6hen und das Fahren noch sicherer machen: Dazu geh\u00f6ren die Hinterachslenkung mit einem gro\u00dfen Lenkwinkel und Sicherheitsinnovationen wie der Seitenairbag. Als neue Funktion von PRE-SAFE\u00ae Impulse Side kann die aktive E-ACTIVE BODY CONTROL-Fahrwerkstechnik den Fahrzeugk\u00f6rper (auf beiden Seiten) kurz vor einem drohenden Seitenaufprall anheben. Nach einer systematischen Weiterentwicklung sind die Fahrassistenzsysteme ein weiterer Schritt in Richtung autonomes Fahren. Dank verbesserter Umweltsensoren beispielsweise geben die Parksysteme dem Fahrer noch besser Unterst\u00fctzung beim Man\u00f6vrieren bei niedriger Geschwindigkeit. Die Integration in MBUX bedeutet, dass die Visualisierung nun eine v\u00f6llig neue Dimension erreicht hat.<\/p>\n<p><strong>Seit \u00fcber 100 Jahren: Die Luxusklasse als Inbegriff der Mercedes-Benz-Marke<\/strong><br \/>\nDie S-Klasse ist das Markenzeichen der Marke und steht f\u00fcr die Faszination von Mercedes-Benz: Legend\u00e4re Ingenieurskunst und ein Erbe des Handwerks treffen auf progressive digitale Innovation. Die S-Klasse vereint k\u00fcnstliche Intelligenz mit den Erfahrungen aus 135 Jahren Automobilbau. Vor rund 70 Jahren legte Mercedes-Benz mit dem Modell 220 die Grundlage f\u00fcr diese Modellreihe. Seit der Markteinf\u00fchrung 1951 wurden weltweit mehr als 4 Millionen S-Klasse Limousinen an Kunden ausgeliefert. Die Bezeichnung \u201eS-Klasse\u201c wurde mit der 116er Serie im Jahr 1972 offiziell eingef\u00fchrt. In den letzten 10 Jahren war die S-Klasse Limousine besonders in China, den USA, S\u00fcdkorea und Deutschland beliebt. Insgesamt wurden seit der Markteinf\u00fchrung der Generation, die sich nun im Auslauf befindet, mehr als 500.000 S-Klasse Limousinen verkauft.<\/p>\n<p><a href=\"http:\/\/www.mercedes-benz.com\" target=\"_blank\" rel=\"noopener\">www.mercedes-benz.com<\/a><\/p>\n\n\t\t<\/div>\n\t<\/div>\n<div class=\"vc_empty_space\"   style=\"height: 60px\"><span class=\"vc_empty_space_inner\"><\/span><\/div><\/div><\/div><\/div><\/div><\/div>\n<\/div>","protected":false},"excerpt":{"rendered":"Photo credits: \u00a9 Mercedes Benz Mercedes-Benz The S-Class stands for the fascination of Mercedes-Benz: legendary and traditional engineering expertise defines the luxury segment in the automobile industry. The new S-Class can be experienced with all the senses \u2013 seeing, feeling, hearing and smelling \u2013 while offering numerous innovations in the areas of driver assistance, protection&hellip;","protected":false},"author":1,"featured_media":4292,"parent":0,"menu_order":0,"comment_status":"closed","ping_status":"closed","template":"","meta":{"_acf_changed":false,"footnotes":""},"class_list":["post-4289","page","type-page","status-publish","has-post-thumbnail","hentry"],"acf":[],"yoast_head":"<!-- This site is optimized with the Yoast SEO plugin v25.8 - https:\/\/yoast.com\/wordpress\/plugins\/seo\/ -->\n<title>Partner Mercedes Benz - Sensation Hotels<\/title>\n<meta name=\"description\" content=\"Sensation Hotels is proud to partner with Mercedes-Benz, a symbol of innovation and luxury. Experience the next level of comfort, technology, and elegance with the S-Class\u2014where legendary craftsmanship meets cutting-edge digital intelligence for an unparalleled driving experience.\" \/>\n<meta name=\"robots\" content=\"index, follow, max-snippet:-1, max-image-preview:large, max-video-preview:-1\" \/>\n<link rel=\"canonical\" href=\"https:\/\/sensationhotels.com\/de\/partner-mercedes-benz\/\" \/>\n<meta property=\"og:locale\" content=\"de_DE\" \/>\n<meta property=\"og:type\" content=\"article\" \/>\n<meta property=\"og:title\" content=\"Sensation Hotels - Partner Mercedes-Benz\" \/>\n<meta property=\"og:description\" content=\"Sensation Hotels is proud to partner with Mercedes-Benz, a symbol of innovation and luxury. Experience the next level of comfort, technology, and elegance with the S-Class\u2014where legendary craftsmanship meets cutting-edge digital intelligence for an unparalleled driving experience.\" \/>\n<meta property=\"og:url\" content=\"https:\/\/sensationhotels.com\/de\/partner-mercedes-benz\/\" \/>\n<meta property=\"og:site_name\" content=\"Sensation Hotels\" \/>\n<meta property=\"og:image\" content=\"https:\/\/sensationhotels.com\/wp-content\/uploads\/2025\/02\/Sensation-Hotels-Mercedes-Benz-Partner-inside-car-min.jpg\" \/>\n\t<meta property=\"og:image:width\" content=\"844\" \/>\n\t<meta property=\"og:image:height\" content=\"563\" \/>\n\t<meta property=\"og:image:type\" content=\"image\/jpeg\" \/>\n<meta name=\"twitter:card\" content=\"summary_large_image\" \/>\n<meta name=\"twitter:title\" content=\"Sensation Hotels - Partner Mercedes-Benz\" \/>\n<meta name=\"twitter:description\" content=\"Sensation Hotels is proud to partner with Mercedes-Benz, a symbol of innovation and luxury. Experience the next level of comfort, technology, and elegance with the S-Class\u2014where legendary craftsmanship meets cutting-edge digital intelligence for an unparalleled driving experience.\" \/>\n<meta name=\"twitter:image\" content=\"https:\/\/sensationhotels.com\/wp-content\/uploads\/2025\/02\/Sensation-Hotels-Mercedes-Benz-Partner-inside-car-min.jpg\" \/>\n<meta name=\"twitter:label1\" content=\"Gesch\u00e4tzte Lesezeit\" \/>\n\t<meta name=\"twitter:data1\" content=\"3\u00a0Minuten\" \/>\n<!-- \/ Yoast SEO plugin. -->","yoast_head_json":{"title":"Partner Mercedes Benz - Sensation Hotels","description":"Sensation Hotels is proud to partner with Mercedes-Benz, a symbol of innovation and luxury. Experience the next level of comfort, technology, and elegance with the S-Class\u2014where legendary craftsmanship meets cutting-edge digital intelligence for an unparalleled driving experience.","robots":{"index":"index","follow":"follow","max-snippet":"max-snippet:-1","max-image-preview":"max-image-preview:large","max-video-preview":"max-video-preview:-1"},"canonical":"https:\/\/sensationhotels.com\/de\/partner-mercedes-benz\/","og_locale":"de_DE","og_type":"article","og_title":"Sensation Hotels - Partner Mercedes-Benz","og_description":"Sensation Hotels is proud to partner with Mercedes-Benz, a symbol of innovation and luxury. Experience the next level of comfort, technology, and elegance with the S-Class\u2014where legendary craftsmanship meets cutting-edge digital intelligence for an unparalleled driving experience.","og_url":"https:\/\/sensationhotels.com\/de\/partner-mercedes-benz\/","og_site_name":"Sensation Hotels","og_image":[{"width":844,"height":563,"url":"https:\/\/sensationhotels.com\/wp-content\/uploads\/2025\/02\/Sensation-Hotels-Mercedes-Benz-Partner-inside-car-min.jpg","type":"image\/jpeg"}],"twitter_card":"summary_large_image","twitter_title":"Sensation Hotels - Partner Mercedes-Benz","twitter_description":"Sensation Hotels is proud to partner with Mercedes-Benz, a symbol of innovation and luxury. Experience the next level of comfort, technology, and elegance with the S-Class\u2014where legendary craftsmanship meets cutting-edge digital intelligence for an unparalleled driving experience.","twitter_image":"https:\/\/sensationhotels.com\/wp-content\/uploads\/2025\/02\/Sensation-Hotels-Mercedes-Benz-Partner-inside-car-min.jpg","twitter_misc":{"Gesch\u00e4tzte Lesezeit":"3\u00a0Minuten"},"schema":{"@context":"https:\/\/schema.org","@graph":[{"@type":"WebPage","@id":"https:\/\/sensationhotels.com\/partner-mercedes-benz\/","url":"https:\/\/sensationhotels.com\/partner-mercedes-benz\/","name":"Partner Mercedes Benz - Sensation Hotels","isPartOf":{"@id":"https:\/\/sensationhotels.com\/#website"},"primaryImageOfPage":{"@id":"https:\/\/sensationhotels.com\/partner-mercedes-benz\/#primaryimage"},"image":{"@id":"https:\/\/sensationhotels.com\/partner-mercedes-benz\/#primaryimage"},"thumbnailUrl":"https:\/\/sensationhotels.com\/wp-content\/uploads\/2025\/02\/Sensation-Hotels-Mercedes-Benz-Partner-inside-car-min.jpg","datePublished":"2025-02-07T14:08:14+00:00","dateModified":"2025-02-08T06:32:48+00:00","description":"Sensation Hotels is proud to partner with Mercedes-Benz, a symbol of innovation and luxury. Experience the next level of comfort, technology, and elegance with the S-Class\u2014where legendary craftsmanship meets cutting-edge digital intelligence for an unparalleled driving experience.","breadcrumb":{"@id":"https:\/\/sensationhotels.com\/partner-mercedes-benz\/#breadcrumb"},"inLanguage":"de","potentialAction":[{"@type":"ReadAction","target":["https:\/\/sensationhotels.com\/partner-mercedes-benz\/"]}]},{"@type":"ImageObject","inLanguage":"de","@id":"https:\/\/sensationhotels.com\/partner-mercedes-benz\/#primaryimage","url":"https:\/\/sensationhotels.com\/wp-content\/uploads\/2025\/02\/Sensation-Hotels-Mercedes-Benz-Partner-inside-car-min.jpg","contentUrl":"https:\/\/sensationhotels.com\/wp-content\/uploads\/2025\/02\/Sensation-Hotels-Mercedes-Benz-Partner-inside-car-min.jpg","width":844,"height":563},{"@type":"BreadcrumbList","@id":"https:\/\/sensationhotels.com\/partner-mercedes-benz\/#breadcrumb","itemListElement":[{"@type":"ListItem","position":1,"name":"Home","item":"https:\/\/sensationhotels.com\/"},{"@type":"ListItem","position":2,"name":"Partner Mercedes Benz"}]},{"@type":"WebSite","@id":"https:\/\/sensationhotels.com\/#website","url":"https:\/\/sensationhotels.com\/","name":"Sensation Hotels","description":"","potentialAction":[{"@type":"SearchAction","target":{"@type":"EntryPoint","urlTemplate":"https:\/\/sensationhotels.com\/?s={search_term_string}"},"query-input":{"@type":"PropertyValueSpecification","valueRequired":true,"valueName":"search_term_string"}}],"inLanguage":"de"}]}},"_links":{"self":[{"href":"https:\/\/sensationhotels.com\/de\/wp-json\/wp\/v2\/pages\/4289","targetHints":{"allow":["GET"]}}],"collection":[{"href":"https:\/\/sensationhotels.com\/de\/wp-json\/wp\/v2\/pages"}],"about":[{"href":"https:\/\/sensationhotels.com\/de\/wp-json\/wp\/v2\/types\/page"}],"author":[{"embeddable":true,"href":"https:\/\/sensationhotels.com\/de\/wp-json\/wp\/v2\/users\/1"}],"replies":[{"embeddable":true,"href":"https:\/\/sensationhotels.com\/de\/wp-json\/wp\/v2\/comments?post=4289"}],"version-history":[{"count":6,"href":"https:\/\/sensationhotels.com\/de\/wp-json\/wp\/v2\/pages\/4289\/revisions"}],"predecessor-version":[{"id":4414,"href":"https:\/\/sensationhotels.com\/de\/wp-json\/wp\/v2\/pages\/4289\/revisions\/4414"}],"wp:featuredmedia":[{"embeddable":true,"href":"https:\/\/sensationhotels.com\/de\/wp-json\/wp\/v2\/media\/4292"}],"wp:attachment":[{"href":"https:\/\/sensationhotels.com\/de\/wp-json\/wp\/v2\/media?parent=4289"}],"curies":[{"name":"wp","href":"https:\/\/api.w.org\/{rel}","templated":true}]}}