{"id":4299,"date":"2025-02-07T14:25:51","date_gmt":"2025-02-07T14:25:51","guid":{"rendered":"https:\/\/project.sensationhotels.com\/?page_id=4299"},"modified":"2025-02-08T06:36:56","modified_gmt":"2025-02-08T06:36:56","slug":"partner-wempe","status":"publish","type":"page","link":"https:\/\/sensationhotels.com\/de\/partner-wempe\/","title":{"rendered":"Partner Wempe"},"content":{"rendered":"<div class=\"wpb-content-wrapper\"><div class=\"vc-row-container container\"><div class=\"vc_row wpb_row vc_row-fluid\"><div class=\"wpb_column vc_column_container vc_col-sm-8\"><div class=\"vc_column-inner\"><div class=\"wpb_wrapper\">\n\t<div  class=\"wpb_single_image wpb_content_element vc_align_center wpb_content_element\">\n\t\t\n\t\t<figure class=\"wpb_wrapper vc_figure\">\n\t\t\t<div class=\"vc_single_image-wrapper   vc_box_border_grey\"><img fetchpriority=\"high\" decoding=\"async\" width=\"1000\" height=\"676\" src=\"https:\/\/sensationhotels.com\/wp-content\/uploads\/2025\/02\/Sensation-Hotels-Wempe-Juwelier-Partner-farbe.png\" class=\"vc_single_image-img attachment-full\" alt=\"\" title=\"Sensation Hotels - Wempe Juwelier Partner farbe\" srcset=\"https:\/\/sensationhotels.com\/wp-content\/uploads\/2025\/02\/Sensation-Hotels-Wempe-Juwelier-Partner-farbe.png 1000w, https:\/\/sensationhotels.com\/wp-content\/uploads\/2025\/02\/Sensation-Hotels-Wempe-Juwelier-Partner-farbe-300x203.png 300w, https:\/\/sensationhotels.com\/wp-content\/uploads\/2025\/02\/Sensation-Hotels-Wempe-Juwelier-Partner-farbe-768x519.png 768w, https:\/\/sensationhotels.com\/wp-content\/uploads\/2025\/02\/Sensation-Hotels-Wempe-Juwelier-Partner-farbe-18x12.png 18w, https:\/\/sensationhotels.com\/wp-content\/uploads\/2025\/02\/Sensation-Hotels-Wempe-Juwelier-Partner-farbe-806x545.png 806w, https:\/\/sensationhotels.com\/wp-content\/uploads\/2025\/02\/Sensation-Hotels-Wempe-Juwelier-Partner-farbe-558x377.png 558w, https:\/\/sensationhotels.com\/wp-content\/uploads\/2025\/02\/Sensation-Hotels-Wempe-Juwelier-Partner-farbe-655x443.png 655w, https:\/\/sensationhotels.com\/wp-content\/uploads\/2025\/02\/Sensation-Hotels-Wempe-Juwelier-Partner-farbe-600x406.png 600w\" sizes=\"(max-width: 1000px) 100vw, 1000px\" \/><\/div>\n\t\t<\/figure>\n\t<\/div>\n\n\t<div class=\"wpb_text_column wpb_content_element post-formatting\" >\n\t\t<div class=\"wpb_wrapper\">\n\t\t\t<p style=\"font-size: 12px; text-align: left;\">Photo credits: \u00a9 Wempe<\/p>\n\n\t\t<\/div>\n\t<\/div>\n\n\t<div  class=\"wpb_single_image wpb_content_element vc_align_center wpb_content_element\">\n\t\t\n\t\t<figure class=\"wpb_wrapper vc_figure\">\n\t\t\t<div class=\"vc_single_image-wrapper   vc_box_border_grey\"><img decoding=\"async\" width=\"987\" height=\"474\" src=\"https:\/\/sensationhotels.com\/wp-content\/uploads\/2025\/01\/sensation-hotels-the-smallest-hotel-book-of-the-world-johannes-fritz-groebler.png\" class=\"vc_single_image-img attachment-full\" alt=\"\" title=\"sensation hotels - the smallest hotel book of the world - johannes fritz groebler\" srcset=\"https:\/\/sensationhotels.com\/wp-content\/uploads\/2025\/01\/sensation-hotels-the-smallest-hotel-book-of-the-world-johannes-fritz-groebler.png 987w, https:\/\/sensationhotels.com\/wp-content\/uploads\/2025\/01\/sensation-hotels-the-smallest-hotel-book-of-the-world-johannes-fritz-groebler-300x144.png 300w, https:\/\/sensationhotels.com\/wp-content\/uploads\/2025\/01\/sensation-hotels-the-smallest-hotel-book-of-the-world-johannes-fritz-groebler-768x369.png 768w, https:\/\/sensationhotels.com\/wp-content\/uploads\/2025\/01\/sensation-hotels-the-smallest-hotel-book-of-the-world-johannes-fritz-groebler-18x9.png 18w, https:\/\/sensationhotels.com\/wp-content\/uploads\/2025\/01\/sensation-hotels-the-smallest-hotel-book-of-the-world-johannes-fritz-groebler-806x387.png 806w, https:\/\/sensationhotels.com\/wp-content\/uploads\/2025\/01\/sensation-hotels-the-smallest-hotel-book-of-the-world-johannes-fritz-groebler-558x268.png 558w, https:\/\/sensationhotels.com\/wp-content\/uploads\/2025\/01\/sensation-hotels-the-smallest-hotel-book-of-the-world-johannes-fritz-groebler-655x315.png 655w, https:\/\/sensationhotels.com\/wp-content\/uploads\/2025\/01\/sensation-hotels-the-smallest-hotel-book-of-the-world-johannes-fritz-groebler-600x288.png 600w\" sizes=\"(max-width: 987px) 100vw, 987px\" \/><\/div>\n\t\t<\/figure>\n\t<\/div>\n<\/div><\/div><\/div><div class=\"wpb_column vc_column_container vc_col-sm-4\"><div class=\"vc_column-inner\"><div class=\"wpb_wrapper\"><div class=\"section-title  align-left\">\n    <h2>Wempe<\/h2>\n<\/div>\n\t<div class=\"wpb_text_column wpb_content_element post-formatting\" >\n\t\t<div class=\"wpb_wrapper\">\n\t\t\t<p>Wempe steht f\u00fcr herausragende Handwerkskunst, exklusive Zeitmesser und edlen Schmuck. Als familiengef\u00fchrtes Unternehmen vereint es Tradition mit Innovation und bietet eine sorgf\u00e4ltig kuratierte Auswahl der weltweit renommiertesten Uhrenmarken sowie eigene exquisite Kreationen. Mit Boutiquen in den wichtigsten Metropolen der Welt ist Wempe ein Symbol f\u00fcr Luxus, Pr\u00e4zision und zeitlose Eleganz.<\/p>\n<p class=\"translation-block\">Unsere Partnerschaft begann mit der ersten Ausgabe von <em>The Smallest Hotel Book of the World<\/em> im Jahr 2015. Seitdem haben wir eine enge und best\u00e4ndige Beziehung aufgebaut und gepflegt. Bis heute teilen wir das Engagement f\u00fcr Exzellenz und die Leidenschaft f\u00fcr au\u00dfergew\u00f6hnliche Hotelerlebnisse.<\/p>\n<p><a href=\"http:\/\/www.wempe.com\" target=\"_blank\" rel=\"noopener\">www.wempe.com<\/a><\/p>\n\n\t\t<\/div>\n\t<\/div>\n<div class=\"vc_empty_space\"   style=\"height: 60px\"><span class=\"vc_empty_space_inner\"><\/span><\/div><\/div><\/div><\/div><\/div><\/div>\n<\/div>","protected":false},"excerpt":{"rendered":"Photo credits: \u00a9 Wempe Wempe Wempe is celebrated for exceptional craftsmanship, exclusive timepieces, and fine jewelry. As a family-owned company, it combines tradition with innovation, offering a curated selection of the world\u2019s finest watch brands alongside its own exquisite creations. With boutiques in major cities worldwide, Wempe is a symbol of luxury, precision, and timeless&hellip;","protected":false},"author":1,"featured_media":4307,"parent":0,"menu_order":0,"comment_status":"closed","ping_status":"closed","template":"","meta":{"_acf_changed":false,"footnotes":""},"class_list":["post-4299","page","type-page","status-publish","has-post-thumbnail","hentry"],"acf":[],"yoast_head":"<!-- This site is optimized with the Yoast SEO plugin v25.8 - https:\/\/yoast.com\/wordpress\/plugins\/seo\/ -->\n<title>Partner Wempe - Sensation Hotels<\/title>\n<meta name=\"description\" content=\"Sensation Hotels is proud to partner with Wempe, a symbol of timeless luxury and exceptional craftsmanship. Experience the finest in watchmaking and jewelry, where tradition meets innovation to create pieces of unparalleled elegance and precision.\" \/>\n<meta name=\"robots\" content=\"index, follow, max-snippet:-1, max-image-preview:large, max-video-preview:-1\" \/>\n<link rel=\"canonical\" href=\"https:\/\/sensationhotels.com\/de\/partner-wempe\/\" \/>\n<meta property=\"og:locale\" content=\"de_DE\" \/>\n<meta property=\"og:type\" content=\"article\" \/>\n<meta property=\"og:title\" content=\"Sensation Hotels - Partner Wempe\" \/>\n<meta property=\"og:description\" content=\"Sensation Hotels is proud to partner with Wempe, a symbol of timeless luxury and exceptional craftsmanship. Experience the finest in watchmaking and jewelry, where tradition meets innovation to create pieces of unparalleled elegance and precision.\" \/>\n<meta property=\"og:url\" content=\"https:\/\/sensationhotels.com\/de\/partner-wempe\/\" \/>\n<meta property=\"og:site_name\" content=\"Sensation Hotels\" \/>\n<meta property=\"og:image\" content=\"https:\/\/sensationhotels.com\/wp-content\/uploads\/2025\/02\/Sensation-Hotels-Wempe-Juwelier-Partner-farbe.png\" \/>\n\t<meta property=\"og:image:width\" content=\"1000\" \/>\n\t<meta property=\"og:image:height\" content=\"676\" \/>\n\t<meta property=\"og:image:type\" content=\"image\/png\" \/>\n<meta name=\"twitter:card\" content=\"summary_large_image\" \/>\n<meta name=\"twitter:title\" content=\"Sensation Hotels - Partner Wempe\" \/>\n<meta name=\"twitter:description\" content=\"Sensation Hotels is proud to partner with Wempe, a symbol of timeless luxury and exceptional craftsmanship. Experience the finest in watchmaking and jewelry, where tradition meets innovation to create pieces of unparalleled elegance and precision.\" \/>\n<meta name=\"twitter:image\" content=\"https:\/\/sensationhotels.com\/wp-content\/uploads\/2025\/02\/Sensation-Hotels-Wempe-Juwelier-Partner-farbe.png\" \/>\n<meta name=\"twitter:label1\" content=\"Gesch\u00e4tzte Lesezeit\" \/>\n\t<meta name=\"twitter:data1\" content=\"1\u00a0Minute\" \/>\n<!-- \/ Yoast SEO plugin. -->","yoast_head_json":{"title":"Partner Wempe - Sensation Hotels","description":"Sensation Hotels is proud to partner with Wempe, a symbol of timeless luxury and exceptional craftsmanship. Experience the finest in watchmaking and jewelry, where tradition meets innovation to create pieces of unparalleled elegance and precision.","robots":{"index":"index","follow":"follow","max-snippet":"max-snippet:-1","max-image-preview":"max-image-preview:large","max-video-preview":"max-video-preview:-1"},"canonical":"https:\/\/sensationhotels.com\/de\/partner-wempe\/","og_locale":"de_DE","og_type":"article","og_title":"Sensation Hotels - Partner Wempe","og_description":"Sensation Hotels is proud to partner with Wempe, a symbol of timeless luxury and exceptional craftsmanship. Experience the finest in watchmaking and jewelry, where tradition meets innovation to create pieces of unparalleled elegance and precision.","og_url":"https:\/\/sensationhotels.com\/de\/partner-wempe\/","og_site_name":"Sensation Hotels","og_image":[{"width":1000,"height":676,"url":"https:\/\/sensationhotels.com\/wp-content\/uploads\/2025\/02\/Sensation-Hotels-Wempe-Juwelier-Partner-farbe.png","type":"image\/png"}],"twitter_card":"summary_large_image","twitter_title":"Sensation Hotels - Partner Wempe","twitter_description":"Sensation Hotels is proud to partner with Wempe, a symbol of timeless luxury and exceptional craftsmanship. Experience the finest in watchmaking and jewelry, where tradition meets innovation to create pieces of unparalleled elegance and precision.","twitter_image":"https:\/\/sensationhotels.com\/wp-content\/uploads\/2025\/02\/Sensation-Hotels-Wempe-Juwelier-Partner-farbe.png","twitter_misc":{"Gesch\u00e4tzte Lesezeit":"1\u00a0Minute"},"schema":{"@context":"https:\/\/schema.org","@graph":[{"@type":"WebPage","@id":"https:\/\/sensationhotels.com\/partner-wempe\/","url":"https:\/\/sensationhotels.com\/partner-wempe\/","name":"Partner Wempe - Sensation Hotels","isPartOf":{"@id":"https:\/\/sensationhotels.com\/#website"},"primaryImageOfPage":{"@id":"https:\/\/sensationhotels.com\/partner-wempe\/#primaryimage"},"image":{"@id":"https:\/\/sensationhotels.com\/partner-wempe\/#primaryimage"},"thumbnailUrl":"https:\/\/sensationhotels.com\/wp-content\/uploads\/2025\/02\/Sensation-Hotels-Wempe-Juwelier-Partner-farbe.png","datePublished":"2025-02-07T14:25:51+00:00","dateModified":"2025-02-08T06:36:56+00:00","description":"Sensation Hotels is proud to partner with Wempe, a symbol of timeless luxury and exceptional craftsmanship. Experience the finest in watchmaking and jewelry, where tradition meets innovation to create pieces of unparalleled elegance and precision.","breadcrumb":{"@id":"https:\/\/sensationhotels.com\/partner-wempe\/#breadcrumb"},"inLanguage":"de","potentialAction":[{"@type":"ReadAction","target":["https:\/\/sensationhotels.com\/partner-wempe\/"]}]},{"@type":"ImageObject","inLanguage":"de","@id":"https:\/\/sensationhotels.com\/partner-wempe\/#primaryimage","url":"https:\/\/sensationhotels.com\/wp-content\/uploads\/2025\/02\/Sensation-Hotels-Wempe-Juwelier-Partner-farbe.png","contentUrl":"https:\/\/sensationhotels.com\/wp-content\/uploads\/2025\/02\/Sensation-Hotels-Wempe-Juwelier-Partner-farbe.png","width":1000,"height":676},{"@type":"BreadcrumbList","@id":"https:\/\/sensationhotels.com\/partner-wempe\/#breadcrumb","itemListElement":[{"@type":"ListItem","position":1,"name":"Home","item":"https:\/\/sensationhotels.com\/"},{"@type":"ListItem","position":2,"name":"Partner Wempe"}]},{"@type":"WebSite","@id":"https:\/\/sensationhotels.com\/#website","url":"https:\/\/sensationhotels.com\/","name":"Sensation Hotels","description":"","potentialAction":[{"@type":"SearchAction","target":{"@type":"EntryPoint","urlTemplate":"https:\/\/sensationhotels.com\/?s={search_term_string}"},"query-input":{"@type":"PropertyValueSpecification","valueRequired":true,"valueName":"search_term_string"}}],"inLanguage":"de"}]}},"_links":{"self":[{"href":"https:\/\/sensationhotels.com\/de\/wp-json\/wp\/v2\/pages\/4299","targetHints":{"allow":["GET"]}}],"collection":[{"href":"https:\/\/sensationhotels.com\/de\/wp-json\/wp\/v2\/pages"}],"about":[{"href":"https:\/\/sensationhotels.com\/de\/wp-json\/wp\/v2\/types\/page"}],"author":[{"embeddable":true,"href":"https:\/\/sensationhotels.com\/de\/wp-json\/wp\/v2\/users\/1"}],"replies":[{"embeddable":true,"href":"https:\/\/sensationhotels.com\/de\/wp-json\/wp\/v2\/comments?post=4299"}],"version-history":[{"count":13,"href":"https:\/\/sensationhotels.com\/de\/wp-json\/wp\/v2\/pages\/4299\/revisions"}],"predecessor-version":[{"id":4420,"href":"https:\/\/sensationhotels.com\/de\/wp-json\/wp\/v2\/pages\/4299\/revisions\/4420"}],"wp:featuredmedia":[{"embeddable":true,"href":"https:\/\/sensationhotels.com\/de\/wp-json\/wp\/v2\/media\/4307"}],"wp:attachment":[{"href":"https:\/\/sensationhotels.com\/de\/wp-json\/wp\/v2\/media?parent=4299"}],"curies":[{"name":"wp","href":"https:\/\/api.w.org\/{rel}","templated":true}]}}