{"id":4310,"date":"2025-02-07T14:32:41","date_gmt":"2025-02-07T14:32:41","guid":{"rendered":"https:\/\/project.sensationhotels.com\/?page_id=4310"},"modified":"2025-02-12T06:54:59","modified_gmt":"2025-02-12T06:54:59","slug":"partner-pletzsch-juwelier","status":"publish","type":"page","link":"https:\/\/sensationhotels.com\/de\/partner-pletzsch-juwelier\/","title":{"rendered":"Partner Pletzsch Jewelry"},"content":{"rendered":"<div class=\"wpb-content-wrapper\"><div class=\"vc-row-container container\"><div class=\"vc_row wpb_row vc_row-fluid\"><div class=\"wpb_column vc_column_container vc_col-sm-8\"><div class=\"vc_column-inner\"><div class=\"wpb_wrapper\">\n\t<div  class=\"wpb_single_image wpb_content_element vc_align_center wpb_content_element\">\n\t\t\n\t\t<figure class=\"wpb_wrapper vc_figure\">\n\t\t\t<div class=\"vc_single_image-wrapper   vc_box_border_grey\"><img fetchpriority=\"high\" decoding=\"async\" width=\"1000\" height=\"667\" src=\"https:\/\/sensationhotels.com\/wp-content\/uploads\/2025\/02\/sensation-hotels-pletzsch-partner-logo-min.jpg\" class=\"vc_single_image-img attachment-full\" alt=\"\" title=\"sensation hotels - pletzsch partner logo-min\" srcset=\"https:\/\/sensationhotels.com\/wp-content\/uploads\/2025\/02\/sensation-hotels-pletzsch-partner-logo-min.jpg 1000w, https:\/\/sensationhotels.com\/wp-content\/uploads\/2025\/02\/sensation-hotels-pletzsch-partner-logo-min-300x200.jpg 300w, https:\/\/sensationhotels.com\/wp-content\/uploads\/2025\/02\/sensation-hotels-pletzsch-partner-logo-min-768x512.jpg 768w, https:\/\/sensationhotels.com\/wp-content\/uploads\/2025\/02\/sensation-hotels-pletzsch-partner-logo-min-18x12.jpg 18w, https:\/\/sensationhotels.com\/wp-content\/uploads\/2025\/02\/sensation-hotels-pletzsch-partner-logo-min-806x538.jpg 806w, https:\/\/sensationhotels.com\/wp-content\/uploads\/2025\/02\/sensation-hotels-pletzsch-partner-logo-min-558x372.jpg 558w, https:\/\/sensationhotels.com\/wp-content\/uploads\/2025\/02\/sensation-hotels-pletzsch-partner-logo-min-655x437.jpg 655w\" sizes=\"(max-width: 1000px) 100vw, 1000px\" \/><\/div>\n\t\t<\/figure>\n\t<\/div>\n\n\t<div class=\"wpb_text_column wpb_content_element post-formatting\" >\n\t\t<div class=\"wpb_wrapper\">\n\t\t\t<p style=\"font-size: 12px; text-align: left;\">Photo credits: \u00a9 Pletzsch<\/p>\n\n\t\t<\/div>\n\t<\/div>\n\n\t<div  class=\"wpb_single_image wpb_content_element vc_align_center wpb_content_element\">\n\t\t\n\t\t<figure class=\"wpb_wrapper vc_figure\">\n\t\t\t<div class=\"vc_single_image-wrapper   vc_box_border_grey\"><img decoding=\"async\" width=\"987\" height=\"474\" src=\"https:\/\/sensationhotels.com\/wp-content\/uploads\/2025\/01\/sensation-hotels-the-smallest-hotel-book-of-the-world-johannes-fritz-groebler.png\" class=\"vc_single_image-img attachment-full\" alt=\"\" title=\"sensation hotels - the smallest hotel book of the world - johannes fritz groebler\" srcset=\"https:\/\/sensationhotels.com\/wp-content\/uploads\/2025\/01\/sensation-hotels-the-smallest-hotel-book-of-the-world-johannes-fritz-groebler.png 987w, https:\/\/sensationhotels.com\/wp-content\/uploads\/2025\/01\/sensation-hotels-the-smallest-hotel-book-of-the-world-johannes-fritz-groebler-300x144.png 300w, https:\/\/sensationhotels.com\/wp-content\/uploads\/2025\/01\/sensation-hotels-the-smallest-hotel-book-of-the-world-johannes-fritz-groebler-768x369.png 768w, https:\/\/sensationhotels.com\/wp-content\/uploads\/2025\/01\/sensation-hotels-the-smallest-hotel-book-of-the-world-johannes-fritz-groebler-18x9.png 18w, https:\/\/sensationhotels.com\/wp-content\/uploads\/2025\/01\/sensation-hotels-the-smallest-hotel-book-of-the-world-johannes-fritz-groebler-806x387.png 806w, https:\/\/sensationhotels.com\/wp-content\/uploads\/2025\/01\/sensation-hotels-the-smallest-hotel-book-of-the-world-johannes-fritz-groebler-558x268.png 558w, https:\/\/sensationhotels.com\/wp-content\/uploads\/2025\/01\/sensation-hotels-the-smallest-hotel-book-of-the-world-johannes-fritz-groebler-655x315.png 655w, https:\/\/sensationhotels.com\/wp-content\/uploads\/2025\/01\/sensation-hotels-the-smallest-hotel-book-of-the-world-johannes-fritz-groebler-600x288.png 600w\" sizes=\"(max-width: 987px) 100vw, 987px\" \/><\/div>\n\t\t<\/figure>\n\t<\/div>\n<\/div><\/div><\/div><div class=\"wpb_column vc_column_container vc_col-sm-4\"><div class=\"vc_column-inner\"><div class=\"wpb_wrapper\"><div class=\"section-title  align-left\">\n    <h2>Pletzsch Juwelier<\/h2>\n<\/div>\n\t<div class=\"wpb_text_column wpb_content_element post-formatting\" >\n\t\t<div class=\"wpb_wrapper\">\n\t\t\t<p>Seit mehr als 120 Jahren verbindet uns mit unseren Kunden die gemeinsame Leidenschaft f\u00fcr exklusive Uhren und die Liebe zu luxuri\u00f6sem Schmuck. Gegr\u00fcndet im Jahr 1897 als erste Adresse f\u00fcr Trauringe, entwickelte sich unser urspr\u00fcngliches Gesch\u00e4ft in der Frankfurter Zeil schnell zum Treffpunkt f\u00fcr Uhrenliebhaber und Schmuckenthusiasten.  \n\nHeute ist Juwelier Pletzsch mit Filialen in Dortmund, D\u00fcsseldorf, Essen, Karlsruhe, Mannheim und Sulzbach\/Taunus vertreten und pr\u00e4sentiert dort die neuesten Uhrenmodelle renommierter Marken wie Omega, Breitling und Chopard sowie eine exquisite Auswahl feinster Schmuckmanufakturen wie Wellendorff, Fope und Niessing. Besonders stolz sind wir auf unsere Solit\u00e4rkollektion *Sparkling Eyes*, die wahrhaftig die Augen unserer Kunden vor Freude zum Strahlen bringt.  \n\nMit unserer erstklassigen Expertise bieten wir umfassende Beratung und stehen Ihnen bei allen Fragen gerne zur Seite. Denn genau das ist unser Anspruch und unser Erfolgsrezept: Nur wenn unsere Kunden vollkommen zufrieden sind, sind wir es auch. Besuchen Sie unsere eleganten und klassisch gestalteten Showrooms \u2013 wir freuen uns auf Sie!<\/p>\n<p><a href=\"http:\/\/www.pletzsch.de\" target=\"_blank\" rel=\"noopener\">www.pletzsch.de<\/a><\/p>\n\n\t\t<\/div>\n\t<\/div>\n<div class=\"vc_empty_space\"   style=\"height: 60px\"><span class=\"vc_empty_space_inner\"><\/span><\/div><\/div><\/div><\/div><\/div><\/div>\n<\/div>","protected":false},"excerpt":{"rendered":"Photo credits: \u00a9 Pletzsch Pletzsch Jewelry For more than 120 years, we have been connected with our customers through our mutual passion for exclusive watches and the love of luxurious jewellery. Founded in 1897 as the top place to procure wedding rings, our original store on Frankfurt\u2019s Zeil shopping street quickly became the place to&hellip;","protected":false},"author":1,"featured_media":0,"parent":0,"menu_order":0,"comment_status":"closed","ping_status":"closed","template":"","meta":{"_acf_changed":false,"footnotes":""},"class_list":["post-4310","page","type-page","status-publish","hentry"],"acf":[],"yoast_head":"<!-- This site is optimized with the Yoast SEO plugin v25.8 - https:\/\/yoast.com\/wordpress\/plugins\/seo\/ -->\n<title>Partner Pletzsch Jewelry - Sensation Hotels<\/title>\n<meta name=\"description\" content=\"Sensation Hotels proudly partners with Juwelier Pletzsch, a distinguished name in luxury watches and fine jewelry. With over 120 years of expertise, they offer exclusive collections from renowned brands like Omega, Breitling, and Chopard, as well as exquisite jewelry by Wellendorff, Fope, and Niessing.\" \/>\n<meta name=\"robots\" content=\"index, follow, max-snippet:-1, max-image-preview:large, max-video-preview:-1\" \/>\n<link rel=\"canonical\" href=\"https:\/\/sensationhotels.com\/de\/partner-pletzsch-juwelier\/\" \/>\n<meta property=\"og:locale\" content=\"de_DE\" \/>\n<meta property=\"og:type\" content=\"article\" \/>\n<meta property=\"og:title\" content=\"Sensation Hotels - Partner Pletzsch\" \/>\n<meta property=\"og:description\" content=\"Sensation Hotels proudly partners with Juwelier Pletzsch, a distinguished name in luxury watches and fine jewelry. With over 120 years of expertise, they offer exclusive collections from renowned brands like Omega, Breitling, and Chopard, as well as exquisite jewelry by Wellendorff, Fope, and Niessing.\" \/>\n<meta property=\"og:url\" content=\"https:\/\/sensationhotels.com\/de\/partner-pletzsch-juwelier\/\" \/>\n<meta property=\"og:site_name\" content=\"Sensation Hotels\" \/>\n<meta name=\"twitter:card\" content=\"summary_large_image\" \/>\n<meta name=\"twitter:title\" content=\"Sensation Hotels - Partner Pletzsch\" \/>\n<meta name=\"twitter:description\" content=\"Sensation Hotels proudly partners with Juwelier Pletzsch, a distinguished name in luxury watches and fine jewelry. With over 120 years of expertise, they offer exclusive collections from renowned brands like Omega, Breitling, and Chopard, as well as exquisite jewelry by Wellendorff, Fope, and Niessing.\" \/>\n<meta name=\"twitter:label1\" content=\"Gesch\u00e4tzte Lesezeit\" \/>\n\t<meta name=\"twitter:data1\" content=\"1\u00a0Minute\" \/>\n<!-- \/ Yoast SEO plugin. -->","yoast_head_json":{"title":"Partner Pletzsch Jewelry - Sensation Hotels","description":"Sensation Hotels proudly partners with Juwelier Pletzsch, a distinguished name in luxury watches and fine jewelry. With over 120 years of expertise, they offer exclusive collections from renowned brands like Omega, Breitling, and Chopard, as well as exquisite jewelry by Wellendorff, Fope, and Niessing.","robots":{"index":"index","follow":"follow","max-snippet":"max-snippet:-1","max-image-preview":"max-image-preview:large","max-video-preview":"max-video-preview:-1"},"canonical":"https:\/\/sensationhotels.com\/de\/partner-pletzsch-juwelier\/","og_locale":"de_DE","og_type":"article","og_title":"Sensation Hotels - Partner Pletzsch","og_description":"Sensation Hotels proudly partners with Juwelier Pletzsch, a distinguished name in luxury watches and fine jewelry. With over 120 years of expertise, they offer exclusive collections from renowned brands like Omega, Breitling, and Chopard, as well as exquisite jewelry by Wellendorff, Fope, and Niessing.","og_url":"https:\/\/sensationhotels.com\/de\/partner-pletzsch-juwelier\/","og_site_name":"Sensation Hotels","twitter_card":"summary_large_image","twitter_title":"Sensation Hotels - Partner Pletzsch","twitter_description":"Sensation Hotels proudly partners with Juwelier Pletzsch, a distinguished name in luxury watches and fine jewelry. With over 120 years of expertise, they offer exclusive collections from renowned brands like Omega, Breitling, and Chopard, as well as exquisite jewelry by Wellendorff, Fope, and Niessing.","twitter_misc":{"Gesch\u00e4tzte Lesezeit":"1\u00a0Minute"},"schema":{"@context":"https:\/\/schema.org","@graph":[{"@type":"WebPage","@id":"https:\/\/sensationhotels.com\/partner-pletzsch-juwelier\/","url":"https:\/\/sensationhotels.com\/partner-pletzsch-juwelier\/","name":"Partner Pletzsch Jewelry - Sensation Hotels","isPartOf":{"@id":"https:\/\/sensationhotels.com\/#website"},"datePublished":"2025-02-07T14:32:41+00:00","dateModified":"2025-02-12T06:54:59+00:00","description":"Sensation Hotels proudly partners with Juwelier Pletzsch, a distinguished name in luxury watches and fine jewelry. With over 120 years of expertise, they offer exclusive collections from renowned brands like Omega, Breitling, and Chopard, as well as exquisite jewelry by Wellendorff, Fope, and Niessing.","breadcrumb":{"@id":"https:\/\/sensationhotels.com\/partner-pletzsch-juwelier\/#breadcrumb"},"inLanguage":"de","potentialAction":[{"@type":"ReadAction","target":["https:\/\/sensationhotels.com\/partner-pletzsch-juwelier\/"]}]},{"@type":"BreadcrumbList","@id":"https:\/\/sensationhotels.com\/partner-pletzsch-juwelier\/#breadcrumb","itemListElement":[{"@type":"ListItem","position":1,"name":"Home","item":"https:\/\/sensationhotels.com\/"},{"@type":"ListItem","position":2,"name":"Partner Pletzsch Jewelry"}]},{"@type":"WebSite","@id":"https:\/\/sensationhotels.com\/#website","url":"https:\/\/sensationhotels.com\/","name":"Sensation Hotels","description":"","potentialAction":[{"@type":"SearchAction","target":{"@type":"EntryPoint","urlTemplate":"https:\/\/sensationhotels.com\/?s={search_term_string}"},"query-input":{"@type":"PropertyValueSpecification","valueRequired":true,"valueName":"search_term_string"}}],"inLanguage":"de"}]}},"_links":{"self":[{"href":"https:\/\/sensationhotels.com\/de\/wp-json\/wp\/v2\/pages\/4310","targetHints":{"allow":["GET"]}}],"collection":[{"href":"https:\/\/sensationhotels.com\/de\/wp-json\/wp\/v2\/pages"}],"about":[{"href":"https:\/\/sensationhotels.com\/de\/wp-json\/wp\/v2\/types\/page"}],"author":[{"embeddable":true,"href":"https:\/\/sensationhotels.com\/de\/wp-json\/wp\/v2\/users\/1"}],"replies":[{"embeddable":true,"href":"https:\/\/sensationhotels.com\/de\/wp-json\/wp\/v2\/comments?post=4310"}],"version-history":[{"count":7,"href":"https:\/\/sensationhotels.com\/de\/wp-json\/wp\/v2\/pages\/4310\/revisions"}],"predecessor-version":[{"id":4459,"href":"https:\/\/sensationhotels.com\/de\/wp-json\/wp\/v2\/pages\/4310\/revisions\/4459"}],"wp:attachment":[{"href":"https:\/\/sensationhotels.com\/de\/wp-json\/wp\/v2\/media?parent=4310"}],"curies":[{"name":"wp","href":"https:\/\/api.w.org\/{rel}","templated":true}]}}