{"id":4317,"date":"2025-02-07T16:14:12","date_gmt":"2025-02-07T16:14:12","guid":{"rendered":"https:\/\/project.sensationhotels.com\/?page_id=4317"},"modified":"2025-02-08T06:27:58","modified_gmt":"2025-02-08T06:27:58","slug":"partner-acqua-morelli","status":"publish","type":"page","link":"https:\/\/sensationhotels.com\/de\/partner-acqua-morelli\/","title":{"rendered":"Partner Acqua Morelli"},"content":{"rendered":"<div class=\"wpb-content-wrapper\"><div class=\"vc-row-container container\"><div class=\"vc_row wpb_row vc_row-fluid\"><div class=\"wpb_column vc_column_container vc_col-sm-8\"><div class=\"vc_column-inner\"><div class=\"wpb_wrapper\">\n\t<div  class=\"wpb_single_image wpb_content_element vc_align_center wpb_content_element\">\n\t\t\n\t\t<figure class=\"wpb_wrapper vc_figure\">\n\t\t\t<div class=\"vc_single_image-wrapper   vc_box_border_grey\"><img fetchpriority=\"high\" decoding=\"async\" width=\"1000\" height=\"667\" src=\"https:\/\/sensationhotels.com\/wp-content\/uploads\/2025\/02\/Sensation-Hotels-Partner-Acqua-Morelli.png\" class=\"vc_single_image-img attachment-full\" alt=\"\" title=\"Sensation Hotels - Partner Acqua Morelli\" srcset=\"https:\/\/sensationhotels.com\/wp-content\/uploads\/2025\/02\/Sensation-Hotels-Partner-Acqua-Morelli.png 1000w, https:\/\/sensationhotels.com\/wp-content\/uploads\/2025\/02\/Sensation-Hotels-Partner-Acqua-Morelli-300x200.png 300w, https:\/\/sensationhotels.com\/wp-content\/uploads\/2025\/02\/Sensation-Hotels-Partner-Acqua-Morelli-768x512.png 768w, https:\/\/sensationhotels.com\/wp-content\/uploads\/2025\/02\/Sensation-Hotels-Partner-Acqua-Morelli-18x12.png 18w, https:\/\/sensationhotels.com\/wp-content\/uploads\/2025\/02\/Sensation-Hotels-Partner-Acqua-Morelli-806x538.png 806w, https:\/\/sensationhotels.com\/wp-content\/uploads\/2025\/02\/Sensation-Hotels-Partner-Acqua-Morelli-558x372.png 558w, https:\/\/sensationhotels.com\/wp-content\/uploads\/2025\/02\/Sensation-Hotels-Partner-Acqua-Morelli-655x437.png 655w, https:\/\/sensationhotels.com\/wp-content\/uploads\/2025\/02\/Sensation-Hotels-Partner-Acqua-Morelli-600x400.png 600w\" sizes=\"(max-width: 1000px) 100vw, 1000px\" \/><\/div>\n\t\t<\/figure>\n\t<\/div>\n\n\t<div class=\"wpb_text_column wpb_content_element post-formatting\" >\n\t\t<div class=\"wpb_wrapper\">\n\t\t\t<p style=\"font-size: 12px; text-align: left;\">Photo credits: \u00a9 Acqua Morelli<\/p>\n\n\t\t<\/div>\n\t<\/div>\n\n\t<div  class=\"wpb_single_image wpb_content_element vc_align_center wpb_content_element\">\n\t\t\n\t\t<figure class=\"wpb_wrapper vc_figure\">\n\t\t\t<div class=\"vc_single_image-wrapper   vc_box_border_grey\"><img decoding=\"async\" width=\"1000\" height=\"485\" src=\"https:\/\/sensationhotels.com\/wp-content\/uploads\/2025\/02\/Sensation-Hotels-Partner-Acqua-Morelli-The-Smallest-Hotel-Book-of-the-World.png\" class=\"vc_single_image-img attachment-full\" alt=\"\" title=\"Sensation Hotels - Partner Acqua Morelli - The Smallest Hotel Book of the World\" srcset=\"https:\/\/sensationhotels.com\/wp-content\/uploads\/2025\/02\/Sensation-Hotels-Partner-Acqua-Morelli-The-Smallest-Hotel-Book-of-the-World.png 1000w, https:\/\/sensationhotels.com\/wp-content\/uploads\/2025\/02\/Sensation-Hotels-Partner-Acqua-Morelli-The-Smallest-Hotel-Book-of-the-World-300x146.png 300w, https:\/\/sensationhotels.com\/wp-content\/uploads\/2025\/02\/Sensation-Hotels-Partner-Acqua-Morelli-The-Smallest-Hotel-Book-of-the-World-768x372.png 768w, https:\/\/sensationhotels.com\/wp-content\/uploads\/2025\/02\/Sensation-Hotels-Partner-Acqua-Morelli-The-Smallest-Hotel-Book-of-the-World-18x9.png 18w, https:\/\/sensationhotels.com\/wp-content\/uploads\/2025\/02\/Sensation-Hotels-Partner-Acqua-Morelli-The-Smallest-Hotel-Book-of-the-World-806x391.png 806w, https:\/\/sensationhotels.com\/wp-content\/uploads\/2025\/02\/Sensation-Hotels-Partner-Acqua-Morelli-The-Smallest-Hotel-Book-of-the-World-558x271.png 558w, https:\/\/sensationhotels.com\/wp-content\/uploads\/2025\/02\/Sensation-Hotels-Partner-Acqua-Morelli-The-Smallest-Hotel-Book-of-the-World-655x318.png 655w\" sizes=\"(max-width: 1000px) 100vw, 1000px\" \/><\/div>\n\t\t<\/figure>\n\t<\/div>\n<\/div><\/div><\/div><div class=\"wpb_column vc_column_container vc_col-sm-4\"><div class=\"vc_column-inner\"><div class=\"wpb_wrapper\"><div class=\"section-title  align-left\">\n    <h2>Acqua Morelli<\/h2>\n<\/div>\n\t<div class=\"wpb_text_column wpb_content_element post-formatting\" >\n\t\t<div class=\"wpb_wrapper\">\n\t\t\t<p>ACQUA MORELLI ist ein alpines Wasser aus den italienischen Alpi Marittime, das sich durch seinen besonders niedrigen Mineralstoffgehalt auszeichnet. Die Quelle, die im 18. Jahrhundert entdeckt wurde, liegt inmitten eines malerischen Buchenwaldes auf einer H\u00f6he von 1.000 Metern. Die nahezu unber\u00fchrte Natur ist v\u00f6llig frei von landwirtschaftlichen Fl\u00e4chen oder anderen Umwelteinfl\u00fcssen. Auf seinem Weg zu dieser idyllischen Quelle durchl\u00e4uft das Mineralwasser \u00fcber einen Zeitraum von 75 Jahren zahlreiche Gesteinsschichten und wird dabei auf nat\u00fcrliche Weise gefiltert.<\/p>\n<p>Mit einem au\u00dfergew\u00f6hnlich niedrigen Mineralstoffgehalt von nur 39,9 mg\/l besitzt ACQUA MORELLI einen besonders weichen und reinen Geschmack. Dadurch harmoniert es perfekt mit erlesenen Speisen, ausgew\u00e4hlten Weinen, Kaffee oder raffinierten Cocktailkreationen. Vor allem im Vergleich zu anderen Mineralwassern, die bis zu 948 mg\/l Mineralstoffe enthalten, wird die au\u00dfergew\u00f6hnlich geringe Mineralisierung deutlich.<\/p>\n<p><a href=\"http:\/\/www.acqua-morelli.com\" target=\"_blank\" rel=\"noopener\">www.acqua-morelli.com<\/a><\/p>\n\n\t\t<\/div>\n\t<\/div>\n<div class=\"vc_empty_space\"   style=\"height: 60px\"><span class=\"vc_empty_space_inner\"><\/span><\/div><\/div><\/div><\/div><\/div><\/div>\n<\/div>","protected":false},"excerpt":{"rendered":"Photo credits: \u00a9 Acqua Morelli Acqua Morelli ACQUA MORELLI is an alpine water from the Italian \"Alpi Marittime\", which is characterized by it\u2018s particularly low mineral content. The source, which has been found in the 18th century, is located in the middle of a picturesque beech forest at a height of 1,000 meters. The almost&hellip;","protected":false},"author":1,"featured_media":4324,"parent":0,"menu_order":0,"comment_status":"closed","ping_status":"closed","template":"","meta":{"_acf_changed":false,"footnotes":""},"class_list":["post-4317","page","type-page","status-publish","has-post-thumbnail","hentry"],"acf":[],"yoast_head":"<!-- This site is optimized with the Yoast SEO plugin v25.8 - https:\/\/yoast.com\/wordpress\/plugins\/seo\/ -->\n<title>Partner Acqua Morelli - Sensation Hotels<\/title>\n<meta name=\"description\" content=\"Sensation Hotels is proud to feature ACQUA MORELLI, a distinguished alpine water from the Italian Alpi Marittime. Sourced from a pristine beech forest at high altitude, this pure and soft water enhances the taste of exquisite dishes, wines, and cocktails with its smooth and natural flavor.\" \/>\n<meta name=\"robots\" content=\"index, follow, max-snippet:-1, max-image-preview:large, max-video-preview:-1\" \/>\n<link rel=\"canonical\" href=\"https:\/\/sensationhotels.com\/de\/partner-acqua-morelli\/\" \/>\n<meta property=\"og:locale\" content=\"de_DE\" \/>\n<meta property=\"og:type\" content=\"article\" \/>\n<meta property=\"og:title\" content=\"Sensation Hotels - Acqua Morelli\" \/>\n<meta property=\"og:description\" content=\"Sensation Hotels is proud to feature ACQUA MORELLI, a distinguished alpine water from the Italian Alpi Marittime. Sourced from a pristine beech forest at high altitude, this pure and soft water enhances the taste of exquisite dishes, wines, and cocktails with its smooth and natural flavor.\" \/>\n<meta property=\"og:url\" content=\"https:\/\/sensationhotels.com\/de\/partner-acqua-morelli\/\" \/>\n<meta property=\"og:site_name\" content=\"Sensation Hotels\" \/>\n<meta property=\"og:image\" content=\"https:\/\/sensationhotels.com\/wp-content\/uploads\/2025\/02\/Sensation-Hotels-Partner-Acqua-Morelli.png\" \/>\n\t<meta property=\"og:image:width\" content=\"1000\" \/>\n\t<meta property=\"og:image:height\" content=\"667\" \/>\n\t<meta property=\"og:image:type\" content=\"image\/png\" \/>\n<meta name=\"twitter:card\" content=\"summary_large_image\" \/>\n<meta name=\"twitter:title\" content=\"Sensation Hotels - Partner Acqua Morelli\" \/>\n<meta name=\"twitter:description\" content=\"Sensation Hotels is proud to feature ACQUA MORELLI, a distinguished alpine water from the Italian Alpi Marittime. Sourced from a pristine beech forest at high altitude, this pure and soft water enhances the taste of exquisite dishes, wines, and cocktails with its smooth and natural flavor.\" \/>\n<meta name=\"twitter:image\" content=\"https:\/\/sensationhotels.com\/wp-content\/uploads\/2025\/02\/Sensation-Hotels-Partner-Acqua-Morelli.png\" \/>\n<meta name=\"twitter:label1\" content=\"Gesch\u00e4tzte Lesezeit\" \/>\n\t<meta name=\"twitter:data1\" content=\"1\u00a0Minute\" \/>\n<!-- \/ Yoast SEO plugin. -->","yoast_head_json":{"title":"Partner Acqua Morelli - Sensation Hotels","description":"Sensation Hotels is proud to feature ACQUA MORELLI, a distinguished alpine water from the Italian Alpi Marittime. Sourced from a pristine beech forest at high altitude, this pure and soft water enhances the taste of exquisite dishes, wines, and cocktails with its smooth and natural flavor.","robots":{"index":"index","follow":"follow","max-snippet":"max-snippet:-1","max-image-preview":"max-image-preview:large","max-video-preview":"max-video-preview:-1"},"canonical":"https:\/\/sensationhotels.com\/de\/partner-acqua-morelli\/","og_locale":"de_DE","og_type":"article","og_title":"Sensation Hotels - Acqua Morelli","og_description":"Sensation Hotels is proud to feature ACQUA MORELLI, a distinguished alpine water from the Italian Alpi Marittime. Sourced from a pristine beech forest at high altitude, this pure and soft water enhances the taste of exquisite dishes, wines, and cocktails with its smooth and natural flavor.","og_url":"https:\/\/sensationhotels.com\/de\/partner-acqua-morelli\/","og_site_name":"Sensation Hotels","og_image":[{"width":1000,"height":667,"url":"https:\/\/sensationhotels.com\/wp-content\/uploads\/2025\/02\/Sensation-Hotels-Partner-Acqua-Morelli.png","type":"image\/png"}],"twitter_card":"summary_large_image","twitter_title":"Sensation Hotels - Partner Acqua Morelli","twitter_description":"Sensation Hotels is proud to feature ACQUA MORELLI, a distinguished alpine water from the Italian Alpi Marittime. Sourced from a pristine beech forest at high altitude, this pure and soft water enhances the taste of exquisite dishes, wines, and cocktails with its smooth and natural flavor.","twitter_image":"https:\/\/sensationhotels.com\/wp-content\/uploads\/2025\/02\/Sensation-Hotels-Partner-Acqua-Morelli.png","twitter_misc":{"Gesch\u00e4tzte Lesezeit":"1\u00a0Minute"},"schema":{"@context":"https:\/\/schema.org","@graph":[{"@type":"WebPage","@id":"https:\/\/sensationhotels.com\/partner-acqua-morelli\/","url":"https:\/\/sensationhotels.com\/partner-acqua-morelli\/","name":"Partner Acqua Morelli - Sensation Hotels","isPartOf":{"@id":"https:\/\/sensationhotels.com\/#website"},"primaryImageOfPage":{"@id":"https:\/\/sensationhotels.com\/partner-acqua-morelli\/#primaryimage"},"image":{"@id":"https:\/\/sensationhotels.com\/partner-acqua-morelli\/#primaryimage"},"thumbnailUrl":"https:\/\/sensationhotels.com\/wp-content\/uploads\/2025\/02\/Sensation-Hotels-Partner-Acqua-Morelli.png","datePublished":"2025-02-07T16:14:12+00:00","dateModified":"2025-02-08T06:27:58+00:00","description":"Sensation Hotels is proud to feature ACQUA MORELLI, a distinguished alpine water from the Italian Alpi Marittime. Sourced from a pristine beech forest at high altitude, this pure and soft water enhances the taste of exquisite dishes, wines, and cocktails with its smooth and natural flavor.","breadcrumb":{"@id":"https:\/\/sensationhotels.com\/partner-acqua-morelli\/#breadcrumb"},"inLanguage":"de","potentialAction":[{"@type":"ReadAction","target":["https:\/\/sensationhotels.com\/partner-acqua-morelli\/"]}]},{"@type":"ImageObject","inLanguage":"de","@id":"https:\/\/sensationhotels.com\/partner-acqua-morelli\/#primaryimage","url":"https:\/\/sensationhotels.com\/wp-content\/uploads\/2025\/02\/Sensation-Hotels-Partner-Acqua-Morelli.png","contentUrl":"https:\/\/sensationhotels.com\/wp-content\/uploads\/2025\/02\/Sensation-Hotels-Partner-Acqua-Morelli.png","width":1000,"height":667},{"@type":"BreadcrumbList","@id":"https:\/\/sensationhotels.com\/partner-acqua-morelli\/#breadcrumb","itemListElement":[{"@type":"ListItem","position":1,"name":"Home","item":"https:\/\/sensationhotels.com\/"},{"@type":"ListItem","position":2,"name":"Partner Acqua Morelli"}]},{"@type":"WebSite","@id":"https:\/\/sensationhotels.com\/#website","url":"https:\/\/sensationhotels.com\/","name":"Sensation Hotels","description":"","potentialAction":[{"@type":"SearchAction","target":{"@type":"EntryPoint","urlTemplate":"https:\/\/sensationhotels.com\/?s={search_term_string}"},"query-input":{"@type":"PropertyValueSpecification","valueRequired":true,"valueName":"search_term_string"}}],"inLanguage":"de"}]}},"_links":{"self":[{"href":"https:\/\/sensationhotels.com\/de\/wp-json\/wp\/v2\/pages\/4317","targetHints":{"allow":["GET"]}}],"collection":[{"href":"https:\/\/sensationhotels.com\/de\/wp-json\/wp\/v2\/pages"}],"about":[{"href":"https:\/\/sensationhotels.com\/de\/wp-json\/wp\/v2\/types\/page"}],"author":[{"embeddable":true,"href":"https:\/\/sensationhotels.com\/de\/wp-json\/wp\/v2\/users\/1"}],"replies":[{"embeddable":true,"href":"https:\/\/sensationhotels.com\/de\/wp-json\/wp\/v2\/comments?post=4317"}],"version-history":[{"count":5,"href":"https:\/\/sensationhotels.com\/de\/wp-json\/wp\/v2\/pages\/4317\/revisions"}],"predecessor-version":[{"id":4408,"href":"https:\/\/sensationhotels.com\/de\/wp-json\/wp\/v2\/pages\/4317\/revisions\/4408"}],"wp:featuredmedia":[{"embeddable":true,"href":"https:\/\/sensationhotels.com\/de\/wp-json\/wp\/v2\/media\/4324"}],"wp:attachment":[{"href":"https:\/\/sensationhotels.com\/de\/wp-json\/wp\/v2\/media?parent=4317"}],"curies":[{"name":"wp","href":"https:\/\/api.w.org\/{rel}","templated":true}]}}