{"id":4476,"date":"2025-02-26T09:12:10","date_gmt":"2025-02-26T09:12:10","guid":{"rendered":"https:\/\/project.sensationhotels.com\/?page_id=4476"},"modified":"2025-07-06T06:48:46","modified_gmt":"2025-07-06T06:48:46","slug":"team","status":"publish","type":"page","link":"https:\/\/sensationhotels.com\/de\/team\/","title":{"rendered":"Team"},"content":{"rendered":"<div class=\"wpb-content-wrapper\"><div class=\"vc-row-container container\"><div class=\"vc_row wpb_row vc_row-fluid\"><div class=\"wpb_column vc_column_container vc_col-sm-6\"><div class=\"vc_column-inner\"><div class=\"wpb_wrapper\">\n\t<div  class=\"wpb_single_image wpb_content_element vc_align_center wpb_content_element\">\n\t\t\n\t\t<figure class=\"wpb_wrapper vc_figure\">\n\t\t\t<div class=\"vc_single_image-wrapper vc_box_shadow_3d  vc_box_border_grey\"><img fetchpriority=\"high\" decoding=\"async\" width=\"900\" height=\"900\" src=\"https:\/\/sensationhotels.com\/wp-content\/uploads\/2025\/01\/Sensation-Hotels-Johannes-Fritz-Groebler.jpg\" class=\"vc_single_image-img attachment-full\" alt=\"\" title=\"Sensation Hotels - Johannes Fritz Groebler\" srcset=\"https:\/\/sensationhotels.com\/wp-content\/uploads\/2025\/01\/Sensation-Hotels-Johannes-Fritz-Groebler.jpg 900w, https:\/\/sensationhotels.com\/wp-content\/uploads\/2025\/01\/Sensation-Hotels-Johannes-Fritz-Groebler-300x300.jpg 300w, https:\/\/sensationhotels.com\/wp-content\/uploads\/2025\/01\/Sensation-Hotels-Johannes-Fritz-Groebler-150x150.jpg 150w, https:\/\/sensationhotels.com\/wp-content\/uploads\/2025\/01\/Sensation-Hotels-Johannes-Fritz-Groebler-768x768.jpg 768w, https:\/\/sensationhotels.com\/wp-content\/uploads\/2025\/01\/Sensation-Hotels-Johannes-Fritz-Groebler-12x12.jpg 12w, https:\/\/sensationhotels.com\/wp-content\/uploads\/2025\/01\/Sensation-Hotels-Johannes-Fritz-Groebler-468x468.jpg 468w, https:\/\/sensationhotels.com\/wp-content\/uploads\/2025\/01\/Sensation-Hotels-Johannes-Fritz-Groebler-806x806.jpg 806w, https:\/\/sensationhotels.com\/wp-content\/uploads\/2025\/01\/Sensation-Hotels-Johannes-Fritz-Groebler-558x558.jpg 558w, https:\/\/sensationhotels.com\/wp-content\/uploads\/2025\/01\/Sensation-Hotels-Johannes-Fritz-Groebler-655x655.jpg 655w, https:\/\/sensationhotels.com\/wp-content\/uploads\/2025\/01\/Sensation-Hotels-Johannes-Fritz-Groebler-600x600.jpg 600w, https:\/\/sensationhotels.com\/wp-content\/uploads\/2025\/01\/Sensation-Hotels-Johannes-Fritz-Groebler-220x220.jpg 220w\" sizes=\"(max-width: 900px) 100vw, 900px\" \/><\/div>\n\t\t<\/figure>\n\t<\/div>\n<\/div><\/div><\/div><div class=\"wpb_column vc_column_container vc_col-sm-6\"><div class=\"vc_column-inner\"><div class=\"wpb_wrapper\">\n\t<div class=\"wpb_text_column wpb_content_element post-formatting\" >\n\t\t<div class=\"wpb_wrapper\">\n\t\t\t<h3><span style=\"color: #000000;\">Johannes Fritz Groebler<\/span><\/h3>\n<p><span style=\"color: #808080;\"><span style=\"color: #9c9c9c;\">Founder \u2013 Managing Director<\/span><br \/>\n<\/span><\/p>\n<p>&nbsp;<\/p>\n<p>Aufgewachsen in S\u00fcdamerika und in Metropolen wie Rio de Janeiro, S\u00e3o Paulo, Porto Alegre und Hamburg gelebt, tr\u00e4gt Johannes Fritz Groebler Hospitality im Blut. F\u00fcr ihn ist die Hotellerie mehr als nur ein Beruf \u2013 sie ist eine wahre Leidenschaft.<\/p>\n<p>Mit einer Ausbildung als Hotelfachmann (IHK), gepr\u00fcfter Hotelmeister (IHK), einem Bachelor-Abschluss in Hospitality Management und umfassender Erfahrung in den Bereichen Sales, Marketing und Business Development hatte er diverse F\u00fchrungspositionen als Direktor in mehreren Hotels inne. Doch f\u00fcr Johannes Fritz Groebler geht es in der Hospitality nicht nur um Theorie, sondern um gelebte Praxis.<\/p>\n<p class=\"translation-block\">Als Hotelberater und Unternehmer entwickelt er kontinuierlich innovative Konzepte, darunter <em>The Smallest Hotel Book of the World<\/em> und <em>Sensation Hotels<\/em>. Sein Antrieb sind Networking, Innovation und die starke Verbindung zwischen Menschen, Hotels und Marken \u2013 Stillstand ist f\u00fcr ihn keine Option.<\/p>\n<p class=\"translation-block\">Johannes Fritz Groebler ist zudem Autor des Buches <em>The Difference Between FAKE HOTELS and Real Hotels<\/em>, in dem er die Bedeutung von Authentizit\u00e4t in der Branche beleuchtet. Dar\u00fcber hinaus ist er der Designer und Erfinder des weltweit ersten Crypto-Hotels und setzt seit 2019 neue Ma\u00dfst\u00e4be in der Hospitality mit Blockchain, NFTs und Bitcoin.<\/p>\n<p class=\"translation-block\">Mit seinem Beratungsunternehmen <em>Hotel Success<\/em> unterst\u00fctzt er Hotels dabei, erfolgreich zu sein, indem er ihnen erstklassige Beratung und strategische L\u00f6sungen in einer sich stetig wandelnden Branche bietet.<\/p>\n<p>E-Mail: <a href=\"mailto:jg@sensationhotels.com\" target=\"_blank\" rel=\"noopener\">jg@sensationhotels.com<\/a><\/p>\n\n\t\t<\/div>\n\t<\/div>\n<div class=\"vc_btn3-container vc_btn3-inline vc_do_btn\" ><a class=\"vc_general vc_btn3 vc_btn3-size-md vc_btn3-shape-square vc_btn3-style-outline vc_btn3-color-black\" href=\"https:\/\/sensationhotels.com\/de\/e-meeting\/\" title=\"E-Meeting with Johannes Fritz Groebler\" target=\"_blank\">Book a E-Meeting with Johannes<\/a><\/div><div class=\"vc_empty_space\"   style=\"height: 60px\"><span class=\"vc_empty_space_inner\"><\/span><\/div><\/div><\/div><\/div><\/div><\/div><div class=\"vc-row-container container\"><div class=\"vc_row wpb_row vc_row-fluid\"><div class=\"wpb_column vc_column_container vc_col-sm-3\"><div class=\"vc_column-inner\"><div class=\"wpb_wrapper\"><\/div><\/div><\/div><div class=\"wpb_column vc_column_container vc_col-sm-6\"><div class=\"vc_column-inner\"><div class=\"wpb_wrapper\"><div class=\"vc_separator wpb_content_element vc_separator_align_center vc_sep_width_100 vc_sep_pos_align_center vc_separator_no_text vc_sep_color_grey wpb_content_element  wpb_content_element\" ><span class=\"vc_sep_holder vc_sep_holder_l\"><span class=\"vc_sep_line\"><\/span><\/span><span class=\"vc_sep_holder vc_sep_holder_r\"><span class=\"vc_sep_line\"><\/span><\/span>\n<\/div><\/div><\/div><\/div><div class=\"wpb_column vc_column_container vc_col-sm-3\"><div class=\"vc_column-inner\"><div class=\"wpb_wrapper\"><\/div><\/div><\/div><\/div><\/div><div class=\"vc-row-container container\"><div class=\"vc_row wpb_row vc_row-fluid\"><div class=\"wpb_column vc_column_container vc_col-sm-6\"><div class=\"vc_column-inner\"><div class=\"wpb_wrapper\">\n\t<div  class=\"wpb_single_image wpb_content_element vc_align_center wpb_content_element\">\n\t\t\n\t\t<figure class=\"wpb_wrapper vc_figure\">\n\t\t\t<div class=\"vc_single_image-wrapper vc_box_shadow_3d  vc_box_border_grey\"><img decoding=\"async\" width=\"800\" height=\"743\" src=\"https:\/\/sensationhotels.com\/wp-content\/uploads\/2025\/02\/Frank-Konig-Sensation-Hotels-Ambassador-min.png\" class=\"vc_single_image-img attachment-full\" alt=\"\" title=\"Frank K\u00f6nig Sensation Hotels - Ambassador-min\" srcset=\"https:\/\/sensationhotels.com\/wp-content\/uploads\/2025\/02\/Frank-Konig-Sensation-Hotels-Ambassador-min.png 800w, https:\/\/sensationhotels.com\/wp-content\/uploads\/2025\/02\/Frank-Konig-Sensation-Hotels-Ambassador-min-300x279.png 300w, https:\/\/sensationhotels.com\/wp-content\/uploads\/2025\/02\/Frank-Konig-Sensation-Hotels-Ambassador-min-768x713.png 768w, https:\/\/sensationhotels.com\/wp-content\/uploads\/2025\/02\/Frank-Konig-Sensation-Hotels-Ambassador-min-13x12.png 13w, https:\/\/sensationhotels.com\/wp-content\/uploads\/2025\/02\/Frank-Konig-Sensation-Hotels-Ambassador-min-558x518.png 558w, https:\/\/sensationhotels.com\/wp-content\/uploads\/2025\/02\/Frank-Konig-Sensation-Hotels-Ambassador-min-655x608.png 655w\" sizes=\"(max-width: 800px) 100vw, 800px\" \/><\/div>\n\t\t<\/figure>\n\t<\/div>\n<\/div><\/div><\/div><div class=\"wpb_column vc_column_container vc_col-sm-6\"><div class=\"vc_column-inner\"><div class=\"wpb_wrapper\">\n\t<div class=\"wpb_text_column wpb_content_element post-formatting\" >\n\t\t<div class=\"wpb_wrapper\">\n\t\t\t<h3><span style=\"color: #000000;\">Frank A. K\u00f6nig<br \/>\n<\/span><\/h3>\n<p><span style=\"color: #808080;\"><span style=\"color: #9c9c9c;\">Ambassador \u2013 Director of Press &amp; Partnerships<\/span><br \/>\n<\/span><\/p>\n<p>&nbsp;<\/p>\n<p>Frank A. K\u00f6nig ist ein erfahrener Diplombetriebswirt und seit 2005 Mitglied im Deutschen Fachjournalisten Verband. Als Ambassador und Director of Press &amp; Partnerships bringt er seine weitreichende Expertise in Kommunikation, Medienarbeit und strategischen Partnerschaften ein.<\/p>\n<p>Neben seiner beruflichen T\u00e4tigkeit engagiert sich Frank A. K\u00f6nig als Vorstandsmitglied der Bangert Stiftung, wo er als Ideengeber und treibende Kraft f\u00fcr Initiativen rund um zeitgen\u00f6ssische Kunst und Kultur in der Metropolregion Rhein-Neckar wirkt. Sein Einsatz f\u00fcr die F\u00f6rderung von Kunst und Kultur zeigt sich in zahlreichen Projekten, die neue Impulse setzen und Kreativit\u00e4t f\u00f6rdern.<\/p>\n<p>Zudem engagiert sich Frank A. K\u00f6nig f\u00fcr das PEN-Zentrum Deutschland, eine traditionsreiche Schriftstellervereinigung, die sich f\u00fcr die F\u00f6rderung der Literatur, den freien Austausch von Ideen und die Wahrung der Meinungsfreiheit einsetzt. Seine Unterst\u00fctzung unterstreicht seine \u00dcberzeugung, dass kulturelle Vielfalt und unabh\u00e4ngiger Journalismus essenzielle Bestandteile einer offenen Gesellschaft sind.<\/p>\n<p>Er war langj\u00e4hriger Restauranttester f\u00fcr die Rhein-Neckar-Zeitung und Meininger Verlag in der gehobenen Gastronomie und Hospitality, was ihm tiefgehende Einblicke und eine fundierte Expertise in der Welt der gehobenen Gastlichkeit verschaffte.<\/p>\n<p>Verheiratet und Vater einer Tochter, verbindet Frank A. K\u00f6nig beruflichen Erfolg mit gesellschaftlichem Engagement und setzt sich aktiv f\u00fcr nachhaltige Ver\u00e4nderungen in Kunst, Kultur und Presse ein.<\/p>\n<p>E-Mail: <a href=\"mailto:fk@sensationhotels.com\" target=\"_blank\" rel=\"noopener\">fk@sensationhotels.com<\/a><\/p>\n\n\t\t<\/div>\n\t<\/div>\n<div class=\"vc_empty_space\"   style=\"height: 60px\"><span class=\"vc_empty_space_inner\"><\/span><\/div><\/div><\/div><\/div><\/div><\/div><div class=\"vc-row-container container\"><div class=\"vc_row wpb_row vc_row-fluid\"><div class=\"wpb_column vc_column_container vc_col-sm-3\"><div class=\"vc_column-inner\"><div class=\"wpb_wrapper\"><\/div><\/div><\/div><div class=\"wpb_column vc_column_container vc_col-sm-6\"><div class=\"vc_column-inner\"><div class=\"wpb_wrapper\"><div class=\"vc_separator wpb_content_element vc_separator_align_center vc_sep_width_100 vc_sep_pos_align_center vc_separator_no_text vc_sep_color_grey wpb_content_element  wpb_content_element\" ><span class=\"vc_sep_holder vc_sep_holder_l\"><span class=\"vc_sep_line\"><\/span><\/span><span class=\"vc_sep_holder vc_sep_holder_r\"><span class=\"vc_sep_line\"><\/span><\/span>\n<\/div><\/div><\/div><\/div><div class=\"wpb_column vc_column_container vc_col-sm-3\"><div class=\"vc_column-inner\"><div class=\"wpb_wrapper\"><\/div><\/div><\/div><\/div><\/div><div class=\"vc-row-container container\"><div class=\"vc_row wpb_row vc_row-fluid\"><div class=\"wpb_column vc_column_container vc_col-sm-6\"><div class=\"vc_column-inner\"><div class=\"wpb_wrapper\">\n\t<div  class=\"wpb_single_image wpb_content_element vc_align_center wpb_content_element\">\n\t\t\n\t\t<figure class=\"wpb_wrapper vc_figure\">\n\t\t\t<div class=\"vc_single_image-wrapper vc_box_shadow_3d  vc_box_border_grey\"><img decoding=\"async\" width=\"800\" height=\"800\" src=\"https:\/\/sensationhotels.com\/wp-content\/uploads\/2025\/03\/Michael-Glucklich-Sensation-Hotels-Travel-Scout.png\" class=\"vc_single_image-img attachment-full\" alt=\"\" title=\"Michael Gl\u00fccklich - Sensation Hotels - Travel Scout\" srcset=\"https:\/\/sensationhotels.com\/wp-content\/uploads\/2025\/03\/Michael-Glucklich-Sensation-Hotels-Travel-Scout.png 800w, https:\/\/sensationhotels.com\/wp-content\/uploads\/2025\/03\/Michael-Glucklich-Sensation-Hotels-Travel-Scout-300x300.png 300w, https:\/\/sensationhotels.com\/wp-content\/uploads\/2025\/03\/Michael-Glucklich-Sensation-Hotels-Travel-Scout-150x150.png 150w, https:\/\/sensationhotels.com\/wp-content\/uploads\/2025\/03\/Michael-Glucklich-Sensation-Hotels-Travel-Scout-768x768.png 768w, https:\/\/sensationhotels.com\/wp-content\/uploads\/2025\/03\/Michael-Glucklich-Sensation-Hotels-Travel-Scout-12x12.png 12w, https:\/\/sensationhotels.com\/wp-content\/uploads\/2025\/03\/Michael-Glucklich-Sensation-Hotels-Travel-Scout-468x468.png 468w, https:\/\/sensationhotels.com\/wp-content\/uploads\/2025\/03\/Michael-Glucklich-Sensation-Hotels-Travel-Scout-558x558.png 558w, https:\/\/sensationhotels.com\/wp-content\/uploads\/2025\/03\/Michael-Glucklich-Sensation-Hotels-Travel-Scout-655x655.png 655w, https:\/\/sensationhotels.com\/wp-content\/uploads\/2025\/03\/Michael-Glucklich-Sensation-Hotels-Travel-Scout-600x600.png 600w, https:\/\/sensationhotels.com\/wp-content\/uploads\/2025\/03\/Michael-Glucklich-Sensation-Hotels-Travel-Scout-220x220.png 220w\" sizes=\"(max-width: 800px) 100vw, 800px\" \/><\/div>\n\t\t<\/figure>\n\t<\/div>\n<\/div><\/div><\/div><div class=\"wpb_column vc_column_container vc_col-sm-6\"><div class=\"vc_column-inner\"><div class=\"wpb_wrapper\">\n\t<div class=\"wpb_text_column wpb_content_element post-formatting\" >\n\t\t<div class=\"wpb_wrapper\">\n\t\t\t<h3><span style=\"color: #000000;\">Michael M. Gl\u00fccklich<\/span><\/h3>\n<p><span style=\"color: #808080;\"><span style=\"color: #9c9c9c;\">Sensation Hotels Travel Scout<br \/>\n<\/span><\/span><\/p>\n<p>&nbsp;<\/p>\n<p>Geboren in Asien, aufgewachsen in Europa \u2013 Michael M. Gl\u00fccklich vereint in sich die Weltoffenheit zweier Kontinente. Als gelernter Hotelfachmann und langj\u00e4hriger Mitarbeiter bei Lufthansa hat er die Welt bereist und unz\u00e4hlige Reiseerlebnisse gesammelt. Immer auf der Suche nach einzigartigen Destinationen und au\u00dfergew\u00f6hnlichen Erlebnissen, lebt er seine Leidenschaft f\u00fcr Hospitality und Entdeckungen.<\/p>\n<p>F\u00fcr Michael bedeutet Reisen mehr als nur das Erkunden neuer Orte \u2013 es ist das Eintauchen in Kulturen, das Erleben besonderer Momente und das Finden versteckter Juwelen. Mit seinem Gesp\u00fcr f\u00fcr au\u00dfergew\u00f6hnliche Hotels und unvergessliche Aufenthalte ist er als Sensation Hotels Travel Scout unterwegs, um die besten Adressen f\u00fcr anspruchsvolle Reisende zu entdecken.<\/p>\n<p>Wo es etwas Neues zu erleben gibt, ist Michael M. Gl\u00fccklich nicht weit.<\/p>\n<p>E-Mail: <a href=\"mailto:mail@sensationhotels.com\" target=\"_blank\" rel=\"noopener\">mail@sensationhotels.com<\/a><\/p>\n\n\t\t<\/div>\n\t<\/div>\n<div class=\"vc_empty_space\"   style=\"height: 60px\"><span class=\"vc_empty_space_inner\"><\/span><\/div><\/div><\/div><\/div><\/div><\/div><div class=\"vc-row-container container\"><div class=\"vc_row wpb_row vc_row-fluid\"><div class=\"wpb_column vc_column_container vc_col-sm-3\"><div class=\"vc_column-inner\"><div class=\"wpb_wrapper\"><\/div><\/div><\/div><div class=\"wpb_column vc_column_container vc_col-sm-6\"><div class=\"vc_column-inner\"><div class=\"wpb_wrapper\"><div class=\"vc_separator wpb_content_element vc_separator_align_center vc_sep_width_100 vc_sep_pos_align_center vc_separator_no_text vc_sep_color_grey wpb_content_element  wpb_content_element\" ><span class=\"vc_sep_holder vc_sep_holder_l\"><span class=\"vc_sep_line\"><\/span><\/span><span class=\"vc_sep_holder vc_sep_holder_r\"><span class=\"vc_sep_line\"><\/span><\/span>\n<\/div><\/div><\/div><\/div><div class=\"wpb_column vc_column_container vc_col-sm-3\"><div class=\"vc_column-inner\"><div class=\"wpb_wrapper\"><\/div><\/div><\/div><\/div><\/div>\n<\/div>","protected":false},"excerpt":{"rendered":"Johannes Fritz Groebler Founder - Managing Director &nbsp; Growing up in South America and living in major cities like Rio de Janeiro, S\u00e3o Paulo, Porto Alegre, and Hamburg, Johannes Fritz Groebler has hospitality in his blood. For him, hospitality is more than just a profession\u2014it\u2019s a true passion. With a background as a certified hotel&hellip;","protected":false},"author":1,"featured_media":0,"parent":0,"menu_order":0,"comment_status":"closed","ping_status":"closed","template":"","meta":{"_acf_changed":false,"footnotes":""},"class_list":["post-4476","page","type-page","status-publish","hentry"],"acf":[],"yoast_head":"<!-- This site is optimized with the Yoast SEO plugin v25.8 - https:\/\/yoast.com\/wordpress\/plugins\/seo\/ -->\n<title>Team - Sensation Hotels<\/title>\n<meta name=\"robots\" content=\"index, follow, max-snippet:-1, max-image-preview:large, max-video-preview:-1\" \/>\n<link rel=\"canonical\" href=\"https:\/\/sensationhotels.com\/de\/team\/\" \/>\n<meta property=\"og:locale\" content=\"de_DE\" \/>\n<meta property=\"og:type\" content=\"article\" \/>\n<meta property=\"og:title\" content=\"Team - Sensation Hotels\" \/>\n<meta property=\"og:url\" content=\"https:\/\/sensationhotels.com\/de\/team\/\" \/>\n<meta property=\"og:site_name\" content=\"Sensation Hotels\" \/>\n<meta name=\"twitter:card\" content=\"summary_large_image\" \/>\n<meta name=\"twitter:label1\" content=\"Gesch\u00e4tzte Lesezeit\" \/>\n\t<meta name=\"twitter:data1\" content=\"4\u00a0Minuten\" \/>\n<!-- \/ Yoast SEO plugin. -->","yoast_head_json":{"title":"Team - Sensation Hotels","robots":{"index":"index","follow":"follow","max-snippet":"max-snippet:-1","max-image-preview":"max-image-preview:large","max-video-preview":"max-video-preview:-1"},"canonical":"https:\/\/sensationhotels.com\/de\/team\/","og_locale":"de_DE","og_type":"article","og_title":"Team - Sensation Hotels","og_url":"https:\/\/sensationhotels.com\/de\/team\/","og_site_name":"Sensation Hotels","twitter_card":"summary_large_image","twitter_misc":{"Gesch\u00e4tzte Lesezeit":"4\u00a0Minuten"},"schema":{"@context":"https:\/\/schema.org","@graph":[{"@type":"WebPage","@id":"https:\/\/sensationhotels.com\/team\/","url":"https:\/\/sensationhotels.com\/team\/","name":"Team - Sensation Hotels","isPartOf":{"@id":"https:\/\/sensationhotels.com\/#website"},"datePublished":"2025-02-26T09:12:10+00:00","dateModified":"2025-07-06T06:48:46+00:00","breadcrumb":{"@id":"https:\/\/sensationhotels.com\/team\/#breadcrumb"},"inLanguage":"de","potentialAction":[{"@type":"ReadAction","target":["https:\/\/sensationhotels.com\/team\/"]}]},{"@type":"BreadcrumbList","@id":"https:\/\/sensationhotels.com\/team\/#breadcrumb","itemListElement":[{"@type":"ListItem","position":1,"name":"Home","item":"https:\/\/sensationhotels.com\/"},{"@type":"ListItem","position":2,"name":"Team"}]},{"@type":"WebSite","@id":"https:\/\/sensationhotels.com\/#website","url":"https:\/\/sensationhotels.com\/","name":"Sensation Hotels","description":"","potentialAction":[{"@type":"SearchAction","target":{"@type":"EntryPoint","urlTemplate":"https:\/\/sensationhotels.com\/?s={search_term_string}"},"query-input":{"@type":"PropertyValueSpecification","valueRequired":true,"valueName":"search_term_string"}}],"inLanguage":"de"}]}},"_links":{"self":[{"href":"https:\/\/sensationhotels.com\/de\/wp-json\/wp\/v2\/pages\/4476","targetHints":{"allow":["GET"]}}],"collection":[{"href":"https:\/\/sensationhotels.com\/de\/wp-json\/wp\/v2\/pages"}],"about":[{"href":"https:\/\/sensationhotels.com\/de\/wp-json\/wp\/v2\/types\/page"}],"author":[{"embeddable":true,"href":"https:\/\/sensationhotels.com\/de\/wp-json\/wp\/v2\/users\/1"}],"replies":[{"embeddable":true,"href":"https:\/\/sensationhotels.com\/de\/wp-json\/wp\/v2\/comments?post=4476"}],"version-history":[{"count":29,"href":"https:\/\/sensationhotels.com\/de\/wp-json\/wp\/v2\/pages\/4476\/revisions"}],"predecessor-version":[{"id":4960,"href":"https:\/\/sensationhotels.com\/de\/wp-json\/wp\/v2\/pages\/4476\/revisions\/4960"}],"wp:attachment":[{"href":"https:\/\/sensationhotels.com\/de\/wp-json\/wp\/v2\/media?parent=4476"}],"curies":[{"name":"wp","href":"https:\/\/api.w.org\/{rel}","templated":true}]}}