{"id":4943,"date":"2025-07-03T10:44:12","date_gmt":"2025-07-03T10:44:12","guid":{"rendered":"https:\/\/sensationhotels.com\/?page_id=4943"},"modified":"2025-07-03T10:44:42","modified_gmt":"2025-07-03T10:44:42","slug":"socialmedia","status":"publish","type":"page","link":"https:\/\/sensationhotels.com\/de\/socialmedia\/","title":{"rendered":"Social Media"},"content":{"rendered":"<div class=\"wpb-content-wrapper\"><div class=\"vc-row-container container\"><div class=\"vc_row wpb_row vc_row-fluid\"><div class=\"wpb_column vc_column_container vc_col-sm-3\"><div class=\"vc_column-inner\"><div class=\"wpb_wrapper\"><\/div><\/div><\/div><div class=\"wpb_column vc_column_container vc_col-sm-6\"><div class=\"vc_column-inner\"><div class=\"wpb_wrapper\"><div class=\"section-title\">\n    <h2>Vernetzen Sie sich mit Sensation Hotels <\/h2>\n<\/div>\n\t<div class=\"wpb_text_column wpb_content_element post-formatting\" >\n\t\t<div class=\"wpb_wrapper\">\n\t\t\t<p style=\"text-align: center;\" data-start=\"135\" data-end=\"189\">Willkommen im Social-Media-Hub von Sensation Hotels!<\/p>\n<p style=\"text-align: center;\" data-start=\"191\" data-end=\"382\">Die beste M\u00f6glichkeit, mit uns in Kontakt zu bleiben und keine Neuigkeiten zu verpassen, ist unser Newsletter oder eine direkte Nachricht per E-Mail an <a class=\"cursor-pointer\" href=\"mailto:mail@sensationhotels.com\" rel=\"noopener\" data-start=\"320\" data-end=\"379\">mail@sensationhotels.com<\/a>.<\/p>\n<p style=\"text-align: center;\" data-start=\"384\" data-end=\"513\">Schon bald werden wir regelm\u00e4\u00dfig Neuigkeiten, Updates und Inspirationen \u00fcber unsere Social-Media-Kan\u00e4le teilen. Folgen Sie uns hier:<\/p>\n<p style=\"text-align: center;\"><a class=\"\" href=\"https:\/\/www.linkedin.com\/company\/sensationhotels\/\" target=\"_new\" rel=\"noopener\" data-start=\"804\" data-end=\"857\">LinkedIn<\/a><\/p>\n<p style=\"text-align: center;\"><a class=\"\" href=\"https:\/\/www.pinterest.de\/sensationhotels\/\" target=\"_new\" rel=\"noopener\" data-start=\"517\" data-end=\"571\">Pinterest<\/a><\/p>\n<p style=\"text-align: center;\" data-start=\"576\" data-end=\"628\"><a class=\"\" href=\"https:\/\/twitter.com\/sensationhotels\" target=\"_new\" rel=\"noopener\" data-start=\"576\" data-end=\"626\">X (Twitter)<\/a><\/p>\n<p style=\"text-align: center;\" data-start=\"631\" data-end=\"685\"><a class=\"\" href=\"https:\/\/www.facebook.com\/SensationHotels\" target=\"_new\" rel=\"noopener\" data-start=\"631\" data-end=\"683\">Facebook<\/a><\/p>\n<p style=\"text-align: center;\" data-start=\"688\" data-end=\"745\"><a class=\"\" href=\"https:\/\/www.instagram.com\/sensationhotels\/\" target=\"_new\" rel=\"noopener\" data-start=\"688\" data-end=\"743\">Instagram<\/a><\/p>\n<p style=\"text-align: center;\" data-start=\"748\" data-end=\"801\"><a class=\"\" href=\"https:\/\/www.youtube.com\/@sensationhotels\" target=\"_new\" rel=\"noopener\" data-start=\"748\" data-end=\"799\">YouTube<\/a><\/p>\n<p>\u00a0<\/p>\n\n\t\t<\/div>\n\t<\/div>\n<\/div><\/div><\/div><div class=\"wpb_column vc_column_container vc_col-sm-3\"><div class=\"vc_column-inner\"><div class=\"wpb_wrapper\"><\/div><\/div><\/div><\/div><\/div><div class=\"vc-row-container container\"><div class=\"vc_row wpb_row vc_row-fluid\"><div class=\"wpb_column vc_column_container vc_col-sm-3\"><div class=\"vc_column-inner\"><div class=\"wpb_wrapper\"><\/div><\/div><\/div><div class=\"wpb_column vc_column_container vc_col-sm-6\"><div class=\"vc_column-inner\"><div class=\"wpb_wrapper\">\n\t<div class=\"wpb_text_column wpb_content_element post-formatting\" >\n\t\t<div class=\"wpb_wrapper\">\n\t\t\t<p style=\"text-align: center;\" data-start=\"861\" data-end=\"1111\">In der Zwischenzeit k\u00f6nnen Sie sich gerne mit unserem Gr\u00fcnder und Managing Director Johannes Fritz Groebler vernetzen:<\/p>\n<p>\u00a0<\/p>\n\n\t\t<\/div>\n\t<\/div>\n\n\t<div  class=\"wpb_single_image wpb_content_element vc_align_center wpb_content_element\">\n\t\t\n\t\t<figure class=\"wpb_wrapper vc_figure\">\n\t\t\t<div class=\"vc_single_image-wrapper vc_box_shadow_3d  vc_box_border_grey\"><img fetchpriority=\"high\" decoding=\"async\" width=\"300\" height=\"300\" src=\"https:\/\/sensationhotels.com\/wp-content\/uploads\/2025\/01\/Sensation-Hotels-Johannes-Fritz-Groebler-300x300.jpg\" class=\"vc_single_image-img attachment-medium\" alt=\"\" title=\"Sensation Hotels - Johannes Fritz Groebler\" srcset=\"https:\/\/sensationhotels.com\/wp-content\/uploads\/2025\/01\/Sensation-Hotels-Johannes-Fritz-Groebler-300x300.jpg 300w, https:\/\/sensationhotels.com\/wp-content\/uploads\/2025\/01\/Sensation-Hotels-Johannes-Fritz-Groebler-150x150.jpg 150w, https:\/\/sensationhotels.com\/wp-content\/uploads\/2025\/01\/Sensation-Hotels-Johannes-Fritz-Groebler-768x768.jpg 768w, https:\/\/sensationhotels.com\/wp-content\/uploads\/2025\/01\/Sensation-Hotels-Johannes-Fritz-Groebler-12x12.jpg 12w, https:\/\/sensationhotels.com\/wp-content\/uploads\/2025\/01\/Sensation-Hotels-Johannes-Fritz-Groebler-468x468.jpg 468w, https:\/\/sensationhotels.com\/wp-content\/uploads\/2025\/01\/Sensation-Hotels-Johannes-Fritz-Groebler-806x806.jpg 806w, https:\/\/sensationhotels.com\/wp-content\/uploads\/2025\/01\/Sensation-Hotels-Johannes-Fritz-Groebler-558x558.jpg 558w, https:\/\/sensationhotels.com\/wp-content\/uploads\/2025\/01\/Sensation-Hotels-Johannes-Fritz-Groebler-655x655.jpg 655w, https:\/\/sensationhotels.com\/wp-content\/uploads\/2025\/01\/Sensation-Hotels-Johannes-Fritz-Groebler-600x600.jpg 600w, https:\/\/sensationhotels.com\/wp-content\/uploads\/2025\/01\/Sensation-Hotels-Johannes-Fritz-Groebler-220x220.jpg 220w, https:\/\/sensationhotels.com\/wp-content\/uploads\/2025\/01\/Sensation-Hotels-Johannes-Fritz-Groebler.jpg 900w\" sizes=\"(max-width: 300px) 100vw, 300px\" \/><\/div>\n\t\t<\/figure>\n\t<\/div>\n\n\t<div class=\"wpb_text_column wpb_content_element post-formatting\" >\n\t\t<div class=\"wpb_wrapper\">\n\t\t\t<p style=\"text-align: center;\" data-start=\"861\" data-end=\"1111\"><a class=\"\" href=\"https:\/\/www.linkedin.com\/in\/johannesfritzgroebler\/\" target=\"_new\" rel=\"noopener\" data-start=\"939\" data-end=\"1016\">LinkedIn Johannes Fritz Groebler<\/a>oder schreiben Sie uns jederzeit eine E-Mail an <a class=\"cursor-pointer\" href=\"mailto:mail@sensationhotels.com\" rel=\"noopener\" data-start=\"1049\" data-end=\"1108\">mail@sensationhotels.com<\/a>.<\/p>\n<p style=\"text-align: center;\" data-start=\"1113\" data-end=\"1161\">Wir freuen uns darauf, mit Ihnen in Kontakt zu bleiben!<\/p>\n<p>&nbsp;<\/p>\n\n\t\t<\/div>\n\t<\/div>\n<\/div><\/div><\/div><div class=\"wpb_column vc_column_container vc_col-sm-3\"><div class=\"vc_column-inner\"><div class=\"wpb_wrapper\"><\/div><\/div><\/div><\/div><\/div><div class=\"vc-row-container container\"><div class=\"vc_row wpb_row vc_row-fluid\"><div class=\"wpb_column vc_column_container vc_col-sm-3\"><div class=\"vc_column-inner\"><div class=\"wpb_wrapper\"><\/div><\/div><\/div><div class=\"wpb_column vc_column_container vc_col-sm-6\"><div class=\"vc_column-inner\"><div class=\"wpb_wrapper\"><div class=\"vc_separator wpb_content_element vc_separator_align_center vc_sep_width_100 vc_sep_pos_align_center vc_separator_no_text vc_sep_color_grey wpb_content_element  wpb_content_element\" ><span class=\"vc_sep_holder vc_sep_holder_l\"><span class=\"vc_sep_line\"><\/span><\/span><span class=\"vc_sep_holder vc_sep_holder_r\"><span class=\"vc_sep_line\"><\/span><\/span>\n<\/div><\/div><\/div><\/div><div class=\"wpb_column vc_column_container vc_col-sm-3\"><div class=\"vc_column-inner\"><div class=\"wpb_wrapper\"><\/div><\/div><\/div><\/div><\/div>\n<\/div>","protected":false},"excerpt":{"rendered":"Connect with Sensation Hotels Welcome to the social media hub of Sensation Hotels! The best way to stay in touch and never miss an update is by subscribing to our newsletter or reaching out directly via email at mail@sensationhotels.com. Very soon, we\u2019ll be sharing news, updates, and inspiration on a regular basis across our social&hellip;","protected":false},"author":1,"featured_media":0,"parent":0,"menu_order":0,"comment_status":"closed","ping_status":"closed","template":"","meta":{"_acf_changed":false,"footnotes":""},"class_list":["post-4943","page","type-page","status-publish","hentry"],"acf":[],"yoast_head":"<!-- This site is optimized with the Yoast SEO plugin v25.8 - https:\/\/yoast.com\/wordpress\/plugins\/seo\/ -->\n<title>Social Media - Sensation Hotels<\/title>\n<meta name=\"robots\" content=\"index, follow, max-snippet:-1, max-image-preview:large, max-video-preview:-1\" \/>\n<link rel=\"canonical\" href=\"https:\/\/sensationhotels.com\/de\/socialmedia\/\" \/>\n<meta property=\"og:locale\" content=\"de_DE\" \/>\n<meta property=\"og:type\" content=\"article\" \/>\n<meta property=\"og:title\" content=\"Social Media - Sensation Hotels\" \/>\n<meta property=\"og:url\" content=\"https:\/\/sensationhotels.com\/de\/socialmedia\/\" \/>\n<meta property=\"og:site_name\" content=\"Sensation Hotels\" \/>\n<meta name=\"twitter:card\" content=\"summary_large_image\" \/>\n<meta name=\"twitter:label1\" content=\"Gesch\u00e4tzte Lesezeit\" \/>\n\t<meta name=\"twitter:data1\" content=\"1\u00a0Minute\" \/>\n<!-- \/ Yoast SEO plugin. -->","yoast_head_json":{"title":"Social Media - Sensation Hotels","robots":{"index":"index","follow":"follow","max-snippet":"max-snippet:-1","max-image-preview":"max-image-preview:large","max-video-preview":"max-video-preview:-1"},"canonical":"https:\/\/sensationhotels.com\/de\/socialmedia\/","og_locale":"de_DE","og_type":"article","og_title":"Social Media - Sensation Hotels","og_url":"https:\/\/sensationhotels.com\/de\/socialmedia\/","og_site_name":"Sensation Hotels","twitter_card":"summary_large_image","twitter_misc":{"Gesch\u00e4tzte Lesezeit":"1\u00a0Minute"},"schema":{"@context":"https:\/\/schema.org","@graph":[{"@type":"WebPage","@id":"https:\/\/sensationhotels.com\/socialmedia\/","url":"https:\/\/sensationhotels.com\/socialmedia\/","name":"Social Media - Sensation Hotels","isPartOf":{"@id":"https:\/\/sensationhotels.com\/#website"},"datePublished":"2025-07-03T10:44:12+00:00","dateModified":"2025-07-03T10:44:42+00:00","breadcrumb":{"@id":"https:\/\/sensationhotels.com\/socialmedia\/#breadcrumb"},"inLanguage":"de","potentialAction":[{"@type":"ReadAction","target":["https:\/\/sensationhotels.com\/socialmedia\/"]}]},{"@type":"BreadcrumbList","@id":"https:\/\/sensationhotels.com\/socialmedia\/#breadcrumb","itemListElement":[{"@type":"ListItem","position":1,"name":"Home","item":"https:\/\/sensationhotels.com\/"},{"@type":"ListItem","position":2,"name":"Social Media"}]},{"@type":"WebSite","@id":"https:\/\/sensationhotels.com\/#website","url":"https:\/\/sensationhotels.com\/","name":"Sensation Hotels","description":"","potentialAction":[{"@type":"SearchAction","target":{"@type":"EntryPoint","urlTemplate":"https:\/\/sensationhotels.com\/?s={search_term_string}"},"query-input":{"@type":"PropertyValueSpecification","valueRequired":true,"valueName":"search_term_string"}}],"inLanguage":"de"}]}},"_links":{"self":[{"href":"https:\/\/sensationhotels.com\/de\/wp-json\/wp\/v2\/pages\/4943","targetHints":{"allow":["GET"]}}],"collection":[{"href":"https:\/\/sensationhotels.com\/de\/wp-json\/wp\/v2\/pages"}],"about":[{"href":"https:\/\/sensationhotels.com\/de\/wp-json\/wp\/v2\/types\/page"}],"author":[{"embeddable":true,"href":"https:\/\/sensationhotels.com\/de\/wp-json\/wp\/v2\/users\/1"}],"replies":[{"embeddable":true,"href":"https:\/\/sensationhotels.com\/de\/wp-json\/wp\/v2\/comments?post=4943"}],"version-history":[{"count":7,"href":"https:\/\/sensationhotels.com\/de\/wp-json\/wp\/v2\/pages\/4943\/revisions"}],"predecessor-version":[{"id":4950,"href":"https:\/\/sensationhotels.com\/de\/wp-json\/wp\/v2\/pages\/4943\/revisions\/4950"}],"wp:attachment":[{"href":"https:\/\/sensationhotels.com\/de\/wp-json\/wp\/v2\/media?parent=4943"}],"curies":[{"name":"wp","href":"https:\/\/api.w.org\/{rel}","templated":true}]}}