{"id":4745,"date":"2025-05-23T12:41:47","date_gmt":"2025-05-23T12:41:47","guid":{"rendered":"https:\/\/sensationhotels.com\/?post_type=product&#038;p=4745"},"modified":"2025-05-26T11:02:50","modified_gmt":"2025-05-26T11:02:50","slug":"design-vom-04-05-2025-2025-organic-fitted-poloshirt","status":"publish","type":"product","link":"https:\/\/sensationhotels.com\/de\/produkt\/design-vom-04-05-2025-2025-organic-fitted-poloshirt\/","title":{"rendered":"Design vom 04-05-2025 20:25 &#8211; Organic Fitted Poloshirt"},"content":{"rendered":"<ul>\n<li>Material: 100% Bio-Baumwolle (gek\u00e4mmt, ringgesponnen)<\/li>\n<li>Grammatur: 185 g\/m\u00b2<\/li>\n<li>Schnitt: Enganliegende Passform<\/li>\n<li>Eingesetzte Knopfleiste vorne mit 2 Kn\u00f6pfen in passender K\u00f6rperfarbe<\/li>\n<li>Flachstrickb\u00fcndchen am Kragen und \u00c4rmelabschluss<\/li>\n<li>Schlitz und Riegelnaht am Saum der Seitennaht<\/li>\n<li>Einzelnadelsteppstich an den Schultern\u00e4hten<\/li>\n<li>Saum unten mit schmaler Doppelnadelsteppstich<\/li>\n<\/ul>\n<p><img fetchpriority=\"high\" decoding=\"async\" class=\"\" src=\"https:\/\/s3-eu-west-1.amazonaws.com\/printassets\/sizecharts\/size_chart_organic-fitted-polo-shirt-473-de.svg\" width=\"840\" height=\"588\" \/><\/p>","protected":false},"excerpt":{"rendered":"<p>Material: 100% Bio-Baumwolle (gek\u00e4mmt, ringgesponnen) Grammatur: 185 g\/m\u00b2 Schnitt: Enganliegende Passform Eingesetzte Knopfleiste vorne mit 2 Kn\u00f6pfen in passender K\u00f6rperfarbe Flachstrickb\u00fcndchen am Kragen und \u00c4rmelabschluss Schlitz und Riegelnaht am Saum der Seitennaht Einzelnadelsteppstich an den Schultern\u00e4hten Saum unten mit schmaler Doppelnadelsteppstich<\/p>","protected":false},"featured_media":4744,"template":"","meta":{"_acf_changed":false},"product_brand":[],"product_cat":[153,151],"product_tag":[],"class_list":{"0":"post-4745","1":"product","2":"type-product","3":"status-publish","4":"has-post-thumbnail","6":"product_cat-all-products","7":"product_cat-clothing","9":"first","10":"instock","11":"taxable","12":"shipping-taxable","13":"purchasable","14":"product-type-variable","16":"catalog-layout-default","17":"columns-xs-1"},"acf":[],"yoast_head":"<!-- This site is optimized with the Yoast SEO plugin v25.8 - https:\/\/yoast.com\/wordpress\/plugins\/seo\/ -->\n<title>Design vom 04-05-2025 20:25 - Organic Fitted Poloshirt - Sensation Hotels<\/title>\n<meta name=\"robots\" content=\"index, follow, max-snippet:-1, max-image-preview:large, max-video-preview:-1\" \/>\n<link rel=\"canonical\" href=\"https:\/\/sensationhotels.com\/de\/produkt\/design-vom-04-05-2025-2025-organic-fitted-poloshirt\/\" \/>\n<meta property=\"og:locale\" content=\"de_DE\" \/>\n<meta property=\"og:type\" content=\"article\" \/>\n<meta property=\"og:title\" content=\"Design vom 04-05-2025 20:25 - Organic Fitted Poloshirt - Sensation Hotels\" \/>\n<meta property=\"og:description\" content=\"Material: 100% Bio-Baumwolle (gek\u00e4mmt, ringgesponnen) Grammatur: 185 g\/m\u00b2 Schnitt: Enganliegende Passform Eingesetzte Knopfleiste vorne mit 2 Kn\u00f6pfen in passender K\u00f6rperfarbe Flachstrickb\u00fcndchen am Kragen und \u00c4rmelabschluss Schlitz und Riegelnaht am Saum der Seitennaht Einzelnadelsteppstich an den Schultern\u00e4hten Saum unten mit schmaler Doppelnadelsteppstich\" \/>\n<meta property=\"og:url\" content=\"https:\/\/sensationhotels.com\/de\/produkt\/design-vom-04-05-2025-2025-organic-fitted-poloshirt\/\" \/>\n<meta property=\"og:site_name\" content=\"Sensation Hotels\" \/>\n<meta property=\"og:image\" content=\"https:\/\/sensationhotels.com\/wp-content\/uploads\/2025\/05\/front-organic-fitted-poloshirt-white-414-2000x-1024x1024.png\" \/>\n\t<meta property=\"og:image:width\" content=\"1024\" \/>\n\t<meta property=\"og:image:height\" content=\"1024\" \/>\n\t<meta property=\"og:image:type\" content=\"image\/png\" \/>\n<meta name=\"twitter:card\" content=\"summary_large_image\" \/>\n<!-- \/ Yoast SEO plugin. -->","yoast_head_json":{"title":"Design vom 04-05-2025 20:25 - Organic Fitted Poloshirt - Sensation Hotels","robots":{"index":"index","follow":"follow","max-snippet":"max-snippet:-1","max-image-preview":"max-image-preview:large","max-video-preview":"max-video-preview:-1"},"canonical":"https:\/\/sensationhotels.com\/de\/produkt\/design-vom-04-05-2025-2025-organic-fitted-poloshirt\/","og_locale":"de_DE","og_type":"article","og_title":"Design vom 04-05-2025 20:25 - Organic Fitted Poloshirt - Sensation Hotels","og_description":"Material: 100% Bio-Baumwolle (gek\u00e4mmt, ringgesponnen) Grammatur: 185 g\/m\u00b2 Schnitt: Enganliegende Passform Eingesetzte Knopfleiste vorne mit 2 Kn\u00f6pfen in passender K\u00f6rperfarbe Flachstrickb\u00fcndchen am Kragen und \u00c4rmelabschluss Schlitz und Riegelnaht am Saum der Seitennaht Einzelnadelsteppstich an den Schultern\u00e4hten Saum unten mit schmaler Doppelnadelsteppstich","og_url":"https:\/\/sensationhotels.com\/de\/produkt\/design-vom-04-05-2025-2025-organic-fitted-poloshirt\/","og_site_name":"Sensation Hotels","og_image":[{"width":1024,"height":1024,"url":"https:\/\/sensationhotels.com\/wp-content\/uploads\/2025\/05\/front-organic-fitted-poloshirt-white-414-2000x-1024x1024.png","type":"image\/png"}],"twitter_card":"summary_large_image","schema":{"@context":"https:\/\/schema.org","@graph":[{"@type":"WebPage","@id":"https:\/\/sensationhotels.com\/product\/design-vom-04-05-2025-2025-organic-fitted-poloshirt\/","url":"https:\/\/sensationhotels.com\/product\/design-vom-04-05-2025-2025-organic-fitted-poloshirt\/","name":"Design vom 04-05-2025 20:25 - Organic Fitted Poloshirt - Sensation Hotels","isPartOf":{"@id":"https:\/\/sensationhotels.com\/#website"},"primaryImageOfPage":{"@id":"https:\/\/sensationhotels.com\/product\/design-vom-04-05-2025-2025-organic-fitted-poloshirt\/#primaryimage"},"image":{"@id":"https:\/\/sensationhotels.com\/product\/design-vom-04-05-2025-2025-organic-fitted-poloshirt\/#primaryimage"},"thumbnailUrl":"https:\/\/sensationhotels.com\/wp-content\/uploads\/2025\/05\/front-organic-fitted-poloshirt-white-414-2000x.png","datePublished":"2025-05-23T12:41:47+00:00","dateModified":"2025-05-26T11:02:50+00:00","breadcrumb":{"@id":"https:\/\/sensationhotels.com\/product\/design-vom-04-05-2025-2025-organic-fitted-poloshirt\/#breadcrumb"},"inLanguage":"de","potentialAction":[{"@type":"ReadAction","target":["https:\/\/sensationhotels.com\/product\/design-vom-04-05-2025-2025-organic-fitted-poloshirt\/"]}]},{"@type":"ImageObject","inLanguage":"de","@id":"https:\/\/sensationhotels.com\/product\/design-vom-04-05-2025-2025-organic-fitted-poloshirt\/#primaryimage","url":"https:\/\/sensationhotels.com\/wp-content\/uploads\/2025\/05\/front-organic-fitted-poloshirt-white-414-2000x.png","contentUrl":"https:\/\/sensationhotels.com\/wp-content\/uploads\/2025\/05\/front-organic-fitted-poloshirt-white-414-2000x.png","width":2000,"height":2000},{"@type":"BreadcrumbList","@id":"https:\/\/sensationhotels.com\/product\/design-vom-04-05-2025-2025-organic-fitted-poloshirt\/#breadcrumb","itemListElement":[{"@type":"ListItem","position":1,"name":"Home","item":"https:\/\/sensationhotels.com\/"},{"@type":"ListItem","position":2,"name":"Shop","item":"https:\/\/sensationhotels.com\/shop\/"},{"@type":"ListItem","position":3,"name":"Design vom 04-05-2025 20:25 &#8211; Organic Fitted Poloshirt"}]},{"@type":"WebSite","@id":"https:\/\/sensationhotels.com\/#website","url":"https:\/\/sensationhotels.com\/","name":"Sensation Hotels","description":"","potentialAction":[{"@type":"SearchAction","target":{"@type":"EntryPoint","urlTemplate":"https:\/\/sensationhotels.com\/?s={search_term_string}"},"query-input":{"@type":"PropertyValueSpecification","valueRequired":true,"valueName":"search_term_string"}}],"inLanguage":"de"}]}},"_links":{"self":[{"href":"https:\/\/sensationhotels.com\/de\/wp-json\/wp\/v2\/product\/4745","targetHints":{"allow":["GET"]}}],"collection":[{"href":"https:\/\/sensationhotels.com\/de\/wp-json\/wp\/v2\/product"}],"about":[{"href":"https:\/\/sensationhotels.com\/de\/wp-json\/wp\/v2\/types\/product"}],"wp:featuredmedia":[{"embeddable":true,"href":"https:\/\/sensationhotels.com\/de\/wp-json\/wp\/v2\/media\/4744"}],"wp:attachment":[{"href":"https:\/\/sensationhotels.com\/de\/wp-json\/wp\/v2\/media?parent=4745"}],"wp:term":[{"taxonomy":"product_brand","embeddable":true,"href":"https:\/\/sensationhotels.com\/de\/wp-json\/wp\/v2\/product_brand?post=4745"},{"taxonomy":"product_cat","embeddable":true,"href":"https:\/\/sensationhotels.com\/de\/wp-json\/wp\/v2\/product_cat?post=4745"},{"taxonomy":"product_tag","embeddable":true,"href":"https:\/\/sensationhotels.com\/de\/wp-json\/wp\/v2\/product_tag?post=4745"}],"curies":[{"name":"wp","href":"https:\/\/api.w.org\/{rel}","templated":true}]}}