{"id":4755,"date":"2025-05-23T12:41:40","date_gmt":"2025-05-23T12:41:40","guid":{"rendered":"https:\/\/sensationhotels.com\/?post_type=product&#038;p=4755"},"modified":"2025-05-26T11:03:07","modified_gmt":"2025-05-26T11:03:07","slug":"design-vom-04-05-2025-2025-organic-shirt-stick","status":"publish","type":"product","link":"https:\/\/sensationhotels.com\/de\/produkt\/design-vom-04-05-2025-2025-organic-shirt-stick\/","title":{"rendered":"Design vom 04-05-2025 20:25 &#8211; Organic Shirt (Stick)"},"content":{"rendered":"<ul>\n<li>Produkt wird per Bestickung veredelt<\/li>\n<li>Material: 100 % Baumwolle (Bio-Qualit\u00e4t, ringgesponnen, gek\u00e4mmt)<\/li>\n<li>Grammatur: 180 g\/m\u00b2<\/li>\n<li>Schnitt: normale Passform<\/li>\n<li>Eingesetzte \u00c4rmel<\/li>\n<li>1&#215;1-Ripp am Kragen<\/li>\n<li>Doppelnaht-Steppnaht an \u00c4rmelb\u00fcndchen und Saum<\/li>\n<\/ul>\n<p><img src='https:\/\/s3-eu-west-1.amazonaws.com\/printassets\/sizecharts\/size_chart_organic_shirt-de.svg' \/><\/p>","protected":false},"excerpt":{"rendered":"<p>Produkt wird per Bestickung veredelt Material: 100 % Baumwolle (Bio-Qualit\u00e4t, ringgesponnen, gek\u00e4mmt) Grammatur: 180 g\/m\u00b2 Schnitt: normale Passform Eingesetzte \u00c4rmel 1&#215;1-Ripp am Kragen Doppelnaht-Steppnaht an \u00c4rmelb\u00fcndchen und Saum<\/p>","protected":false},"featured_media":4754,"template":"","meta":{"_acf_changed":false},"product_brand":[],"product_cat":[153,151],"product_tag":[],"class_list":{"0":"post-4755","1":"product","2":"type-product","3":"status-publish","4":"has-post-thumbnail","6":"product_cat-all-products","7":"product_cat-clothing","9":"first","10":"instock","11":"taxable","12":"shipping-taxable","13":"purchasable","14":"product-type-variable","16":"catalog-layout-default","17":"columns-xs-1"},"acf":[],"yoast_head":"<!-- This site is optimized with the Yoast SEO plugin v25.8 - https:\/\/yoast.com\/wordpress\/plugins\/seo\/ -->\n<title>Design vom 04-05-2025 20:25 - Organic Shirt (Stick) - Sensation Hotels<\/title>\n<meta name=\"robots\" content=\"index, follow, max-snippet:-1, max-image-preview:large, max-video-preview:-1\" \/>\n<link rel=\"canonical\" href=\"https:\/\/sensationhotels.com\/de\/produkt\/design-vom-04-05-2025-2025-organic-shirt-stick\/\" \/>\n<meta property=\"og:locale\" content=\"de_DE\" \/>\n<meta property=\"og:type\" content=\"article\" \/>\n<meta property=\"og:title\" content=\"Design vom 04-05-2025 20:25 - Organic Shirt (Stick) - Sensation Hotels\" \/>\n<meta property=\"og:description\" content=\"Produkt wird per Bestickung veredelt Material: 100 % Baumwolle (Bio-Qualit\u00e4t, ringgesponnen, gek\u00e4mmt) Grammatur: 180 g\/m\u00b2 Schnitt: normale Passform Eingesetzte \u00c4rmel 1&#215;1-Ripp am Kragen Doppelnaht-Steppnaht an \u00c4rmelb\u00fcndchen und Saum\" \/>\n<meta property=\"og:url\" content=\"https:\/\/sensationhotels.com\/de\/produkt\/design-vom-04-05-2025-2025-organic-shirt-stick\/\" \/>\n<meta property=\"og:site_name\" content=\"Sensation Hotels\" \/>\n<meta property=\"og:image\" content=\"https:\/\/sensationhotels.com\/wp-content\/uploads\/2025\/05\/front-organic-shirt-stick-f8f8f8-1116x.png\" \/>\n\t<meta property=\"og:image:width\" content=\"1116\" \/>\n\t<meta property=\"og:image:height\" content=\"1184\" \/>\n\t<meta property=\"og:image:type\" content=\"image\/png\" \/>\n<meta name=\"twitter:card\" content=\"summary_large_image\" \/>\n<!-- \/ Yoast SEO plugin. -->","yoast_head_json":{"title":"Design vom 04-05-2025 20:25 - Organic Shirt (Stick) - Sensation Hotels","robots":{"index":"index","follow":"follow","max-snippet":"max-snippet:-1","max-image-preview":"max-image-preview:large","max-video-preview":"max-video-preview:-1"},"canonical":"https:\/\/sensationhotels.com\/de\/produkt\/design-vom-04-05-2025-2025-organic-shirt-stick\/","og_locale":"de_DE","og_type":"article","og_title":"Design vom 04-05-2025 20:25 - Organic Shirt (Stick) - Sensation Hotels","og_description":"Produkt wird per Bestickung veredelt Material: 100 % Baumwolle (Bio-Qualit\u00e4t, ringgesponnen, gek\u00e4mmt) Grammatur: 180 g\/m\u00b2 Schnitt: normale Passform Eingesetzte \u00c4rmel 1&#215;1-Ripp am Kragen Doppelnaht-Steppnaht an \u00c4rmelb\u00fcndchen und Saum","og_url":"https:\/\/sensationhotels.com\/de\/produkt\/design-vom-04-05-2025-2025-organic-shirt-stick\/","og_site_name":"Sensation Hotels","og_image":[{"width":1116,"height":1184,"url":"https:\/\/sensationhotels.com\/wp-content\/uploads\/2025\/05\/front-organic-shirt-stick-f8f8f8-1116x.png","type":"image\/png"}],"twitter_card":"summary_large_image","schema":{"@context":"https:\/\/schema.org","@graph":[{"@type":"WebPage","@id":"https:\/\/sensationhotels.com\/product\/design-vom-04-05-2025-2025-organic-shirt-stick\/","url":"https:\/\/sensationhotels.com\/product\/design-vom-04-05-2025-2025-organic-shirt-stick\/","name":"Design vom 04-05-2025 20:25 - Organic Shirt (Stick) - Sensation Hotels","isPartOf":{"@id":"https:\/\/sensationhotels.com\/#website"},"primaryImageOfPage":{"@id":"https:\/\/sensationhotels.com\/product\/design-vom-04-05-2025-2025-organic-shirt-stick\/#primaryimage"},"image":{"@id":"https:\/\/sensationhotels.com\/product\/design-vom-04-05-2025-2025-organic-shirt-stick\/#primaryimage"},"thumbnailUrl":"https:\/\/sensationhotels.com\/wp-content\/uploads\/2025\/05\/front-organic-shirt-stick-f8f8f8-1116x.png","datePublished":"2025-05-23T12:41:40+00:00","dateModified":"2025-05-26T11:03:07+00:00","breadcrumb":{"@id":"https:\/\/sensationhotels.com\/product\/design-vom-04-05-2025-2025-organic-shirt-stick\/#breadcrumb"},"inLanguage":"de","potentialAction":[{"@type":"ReadAction","target":["https:\/\/sensationhotels.com\/product\/design-vom-04-05-2025-2025-organic-shirt-stick\/"]}]},{"@type":"ImageObject","inLanguage":"de","@id":"https:\/\/sensationhotels.com\/product\/design-vom-04-05-2025-2025-organic-shirt-stick\/#primaryimage","url":"https:\/\/sensationhotels.com\/wp-content\/uploads\/2025\/05\/front-organic-shirt-stick-f8f8f8-1116x.png","contentUrl":"https:\/\/sensationhotels.com\/wp-content\/uploads\/2025\/05\/front-organic-shirt-stick-f8f8f8-1116x.png","width":1116,"height":1184},{"@type":"BreadcrumbList","@id":"https:\/\/sensationhotels.com\/product\/design-vom-04-05-2025-2025-organic-shirt-stick\/#breadcrumb","itemListElement":[{"@type":"ListItem","position":1,"name":"Home","item":"https:\/\/sensationhotels.com\/"},{"@type":"ListItem","position":2,"name":"Shop","item":"https:\/\/sensationhotels.com\/shop\/"},{"@type":"ListItem","position":3,"name":"Design vom 04-05-2025 20:25 &#8211; Organic Shirt (Stick)"}]},{"@type":"WebSite","@id":"https:\/\/sensationhotels.com\/#website","url":"https:\/\/sensationhotels.com\/","name":"Sensation Hotels","description":"","potentialAction":[{"@type":"SearchAction","target":{"@type":"EntryPoint","urlTemplate":"https:\/\/sensationhotels.com\/?s={search_term_string}"},"query-input":{"@type":"PropertyValueSpecification","valueRequired":true,"valueName":"search_term_string"}}],"inLanguage":"de"}]}},"_links":{"self":[{"href":"https:\/\/sensationhotels.com\/de\/wp-json\/wp\/v2\/product\/4755","targetHints":{"allow":["GET"]}}],"collection":[{"href":"https:\/\/sensationhotels.com\/de\/wp-json\/wp\/v2\/product"}],"about":[{"href":"https:\/\/sensationhotels.com\/de\/wp-json\/wp\/v2\/types\/product"}],"wp:featuredmedia":[{"embeddable":true,"href":"https:\/\/sensationhotels.com\/de\/wp-json\/wp\/v2\/media\/4754"}],"wp:attachment":[{"href":"https:\/\/sensationhotels.com\/de\/wp-json\/wp\/v2\/media?parent=4755"}],"wp:term":[{"taxonomy":"product_brand","embeddable":true,"href":"https:\/\/sensationhotels.com\/de\/wp-json\/wp\/v2\/product_brand?post=4755"},{"taxonomy":"product_cat","embeddable":true,"href":"https:\/\/sensationhotels.com\/de\/wp-json\/wp\/v2\/product_cat?post=4755"},{"taxonomy":"product_tag","embeddable":true,"href":"https:\/\/sensationhotels.com\/de\/wp-json\/wp\/v2\/product_tag?post=4755"}],"curies":[{"name":"wp","href":"https:\/\/api.w.org\/{rel}","templated":true}]}}