{"id":4775,"date":"2025-05-14T18:34:40","date_gmt":"2025-05-14T18:34:40","guid":{"rendered":"https:\/\/sensationhotels.com\/?post_type=product&#038;p=4775"},"modified":"2025-05-26T11:03:53","modified_gmt":"2025-05-26T11:03:53","slug":"design-vom-04-05-2025-2029-premium-baseball-cap","status":"publish","type":"product","link":"https:\/\/sensationhotels.com\/de\/produkt\/design-vom-04-05-2025-2029-premium-baseball-cap\/","title":{"rendered":"Design vom 04-05-2025 20:29 &#8211; Premium Baseball Cap"},"content":{"rendered":"<ul>\n<li>Snapback-Verschluss zur individuellen Gr\u00f6\u00dfeneinstellung<\/li>\n<li>100% Baumwolle<\/li>\n<li>5-Panel<\/li>\n<li>Vorgebogener Schirm<\/li>\n<li>Handw\u00e4sche<\/li>\n<\/ul>","protected":false},"excerpt":{"rendered":"<p>Snapback-Verschluss zur individuellen Gr\u00f6\u00dfeneinstellung 100% Baumwolle 5-Panel Vorgebogener Schirm Handw\u00e4sche<\/p>","protected":false},"featured_media":4774,"template":"","meta":{"_acf_changed":false},"product_brand":[],"product_cat":[153,152],"product_tag":[],"class_list":{"0":"post-4775","1":"product","2":"type-product","3":"status-publish","4":"has-post-thumbnail","6":"product_cat-all-products","7":"product_cat-fun-stuff","9":"first","10":"instock","11":"taxable","12":"shipping-taxable","13":"purchasable","14":"product-type-variable","16":"catalog-layout-default","17":"columns-xs-1"},"acf":[],"yoast_head":"<!-- This site is optimized with the Yoast SEO plugin v25.8 - https:\/\/yoast.com\/wordpress\/plugins\/seo\/ -->\n<title>Design vom 04-05-2025 20:29 - Premium Baseball Cap - Sensation Hotels<\/title>\n<meta name=\"robots\" content=\"index, follow, max-snippet:-1, max-image-preview:large, max-video-preview:-1\" \/>\n<link rel=\"canonical\" href=\"https:\/\/sensationhotels.com\/de\/produkt\/design-vom-04-05-2025-2029-premium-baseball-cap\/\" \/>\n<meta property=\"og:locale\" content=\"de_DE\" \/>\n<meta property=\"og:type\" content=\"article\" \/>\n<meta property=\"og:title\" content=\"Design vom 04-05-2025 20:29 - Premium Baseball Cap - Sensation Hotels\" \/>\n<meta property=\"og:description\" content=\"Snapback-Verschluss zur individuellen Gr\u00f6\u00dfeneinstellung 100% Baumwolle 5-Panel Vorgebogener Schirm Handw\u00e4sche\" \/>\n<meta property=\"og:url\" content=\"https:\/\/sensationhotels.com\/de\/produkt\/design-vom-04-05-2025-2029-premium-baseball-cap\/\" \/>\n<meta property=\"og:site_name\" content=\"Sensation Hotels\" \/>\n<meta property=\"og:image\" content=\"https:\/\/sensationhotels.com\/wp-content\/uploads\/2025\/05\/front-premium-baseball-cap-272727-1116x.png\" \/>\n\t<meta property=\"og:image:width\" content=\"1116\" \/>\n\t<meta property=\"og:image:height\" content=\"1184\" \/>\n\t<meta property=\"og:image:type\" content=\"image\/png\" \/>\n<meta name=\"twitter:card\" content=\"summary_large_image\" \/>\n<meta name=\"twitter:label1\" content=\"Gesch\u00e4tzte Lesezeit\" \/>\n\t<meta name=\"twitter:data1\" content=\"1\u00a0Minute\" \/>\n<!-- \/ Yoast SEO plugin. -->","yoast_head_json":{"title":"Design vom 04-05-2025 20:29 - Premium Baseball Cap - Sensation Hotels","robots":{"index":"index","follow":"follow","max-snippet":"max-snippet:-1","max-image-preview":"max-image-preview:large","max-video-preview":"max-video-preview:-1"},"canonical":"https:\/\/sensationhotels.com\/de\/produkt\/design-vom-04-05-2025-2029-premium-baseball-cap\/","og_locale":"de_DE","og_type":"article","og_title":"Design vom 04-05-2025 20:29 - Premium Baseball Cap - Sensation Hotels","og_description":"Snapback-Verschluss zur individuellen Gr\u00f6\u00dfeneinstellung 100% Baumwolle 5-Panel Vorgebogener Schirm Handw\u00e4sche","og_url":"https:\/\/sensationhotels.com\/de\/produkt\/design-vom-04-05-2025-2029-premium-baseball-cap\/","og_site_name":"Sensation Hotels","og_image":[{"width":1116,"height":1184,"url":"https:\/\/sensationhotels.com\/wp-content\/uploads\/2025\/05\/front-premium-baseball-cap-272727-1116x.png","type":"image\/png"}],"twitter_card":"summary_large_image","twitter_misc":{"Gesch\u00e4tzte Lesezeit":"1\u00a0Minute"},"schema":{"@context":"https:\/\/schema.org","@graph":[{"@type":"WebPage","@id":"https:\/\/sensationhotels.com\/product\/design-vom-04-05-2025-2029-premium-baseball-cap\/","url":"https:\/\/sensationhotels.com\/product\/design-vom-04-05-2025-2029-premium-baseball-cap\/","name":"Design vom 04-05-2025 20:29 - Premium Baseball Cap - Sensation Hotels","isPartOf":{"@id":"https:\/\/sensationhotels.com\/#website"},"primaryImageOfPage":{"@id":"https:\/\/sensationhotels.com\/product\/design-vom-04-05-2025-2029-premium-baseball-cap\/#primaryimage"},"image":{"@id":"https:\/\/sensationhotels.com\/product\/design-vom-04-05-2025-2029-premium-baseball-cap\/#primaryimage"},"thumbnailUrl":"https:\/\/sensationhotels.com\/wp-content\/uploads\/2025\/05\/front-premium-baseball-cap-272727-1116x.png","datePublished":"2025-05-14T18:34:40+00:00","dateModified":"2025-05-26T11:03:53+00:00","breadcrumb":{"@id":"https:\/\/sensationhotels.com\/product\/design-vom-04-05-2025-2029-premium-baseball-cap\/#breadcrumb"},"inLanguage":"de","potentialAction":[{"@type":"ReadAction","target":["https:\/\/sensationhotels.com\/product\/design-vom-04-05-2025-2029-premium-baseball-cap\/"]}]},{"@type":"ImageObject","inLanguage":"de","@id":"https:\/\/sensationhotels.com\/product\/design-vom-04-05-2025-2029-premium-baseball-cap\/#primaryimage","url":"https:\/\/sensationhotels.com\/wp-content\/uploads\/2025\/05\/front-premium-baseball-cap-272727-1116x.png","contentUrl":"https:\/\/sensationhotels.com\/wp-content\/uploads\/2025\/05\/front-premium-baseball-cap-272727-1116x.png","width":1116,"height":1184},{"@type":"BreadcrumbList","@id":"https:\/\/sensationhotels.com\/product\/design-vom-04-05-2025-2029-premium-baseball-cap\/#breadcrumb","itemListElement":[{"@type":"ListItem","position":1,"name":"Home","item":"https:\/\/sensationhotels.com\/"},{"@type":"ListItem","position":2,"name":"Shop","item":"https:\/\/sensationhotels.com\/shop\/"},{"@type":"ListItem","position":3,"name":"Design vom 04-05-2025 20:29 &#8211; Premium Baseball Cap"}]},{"@type":"WebSite","@id":"https:\/\/sensationhotels.com\/#website","url":"https:\/\/sensationhotels.com\/","name":"Sensation Hotels","description":"","potentialAction":[{"@type":"SearchAction","target":{"@type":"EntryPoint","urlTemplate":"https:\/\/sensationhotels.com\/?s={search_term_string}"},"query-input":{"@type":"PropertyValueSpecification","valueRequired":true,"valueName":"search_term_string"}}],"inLanguage":"de"}]}},"_links":{"self":[{"href":"https:\/\/sensationhotels.com\/de\/wp-json\/wp\/v2\/product\/4775","targetHints":{"allow":["GET"]}}],"collection":[{"href":"https:\/\/sensationhotels.com\/de\/wp-json\/wp\/v2\/product"}],"about":[{"href":"https:\/\/sensationhotels.com\/de\/wp-json\/wp\/v2\/types\/product"}],"wp:featuredmedia":[{"embeddable":true,"href":"https:\/\/sensationhotels.com\/de\/wp-json\/wp\/v2\/media\/4774"}],"wp:attachment":[{"href":"https:\/\/sensationhotels.com\/de\/wp-json\/wp\/v2\/media?parent=4775"}],"wp:term":[{"taxonomy":"product_brand","embeddable":true,"href":"https:\/\/sensationhotels.com\/de\/wp-json\/wp\/v2\/product_brand?post=4775"},{"taxonomy":"product_cat","embeddable":true,"href":"https:\/\/sensationhotels.com\/de\/wp-json\/wp\/v2\/product_cat?post=4775"},{"taxonomy":"product_tag","embeddable":true,"href":"https:\/\/sensationhotels.com\/de\/wp-json\/wp\/v2\/product_tag?post=4775"}],"curies":[{"name":"wp","href":"https:\/\/api.w.org\/{rel}","templated":true}]}}